{"id":10288,"date":"2024-01-23T16:03:17","date_gmt":"2024-01-23T15:03:17","guid":{"rendered":"https:\/\/sfgeneva.org\/?page_id=10288"},"modified":"2024-01-30T12:21:40","modified_gmt":"2024-01-30T11:21:40","slug":"finance-durable","status":"publish","type":"page","link":"https:\/\/sfgeneva.org\/fr\/finance-durable\/","title":{"rendered":"Finance Durable"},"content":{"rendered":"<p>[vc_row][vc_column][vc_raw_html]JTVCU0ZHX0JBTk5FUiUyMHJldnNsaWRlcl9hbGlhcyUzRCUyMnNmZy1wYWdlJTIyJTVE[\/vc_raw_html][\/vc_column][\/vc_row][vc_row][vc_column][vc_column_text]<\/p>\n<h2>Qu&#8217;est-ce que la finance durable ?<\/h2>\n<p>La finance durable d\u00e9signe toute forme de service financier qui int\u00e8gre des crit\u00e8res environnementaux, sociaux et de gouvernance (ESG) dans les d\u00e9cisions commerciales ou d&#8217;investissement (SSF). Elle compl\u00e8te l&#8217;analyse financi\u00e8re traditionnelle (PRI) et se compose d&#8217;une gamme de strat\u00e9gies d&#8217;investissement responsable* qui peuvent \u00eatre utilis\u00e9es ind\u00e9pendamment ou en combinaison les unes avec les autres (Eurosif).<\/p>\n<p>&nbsp;<\/p>\n<p>S&#8217;engager dans la finance durable peut contribuer \u00e0 limiter les risques, \u00e0 ouvrir de nouvelles opportunit\u00e9s et avoir un impact positif sur la soci\u00e9t\u00e9.<\/p>\n<p>&nbsp;<\/p>\n<p>*Eurosif a identifi\u00e9 7 strat\u00e9gies principales d&#8217;investissement responsable : best in class, l&#8217;engagement et l&#8217;exercice du vote, int\u00e9gration ESG, exclusion, impact investing, norms-based screening, et investissement \u00e0 th\u00e8me durable.<\/p>\n<p>[\/vc_column_text][\/vc_column][\/vc_row][vc_row][vc_column][vc_single_image image=&#8221;10396&#8243; img_size=&#8221;full&#8221;][\/vc_column][\/vc_row][vc_row][vc_column][vc_column_text]<\/p>\n<h2>Glossaire<\/h2>\n<ul>\n<li><strong>ESG<\/strong>: Utilis\u00e9 de mani\u00e8re autonome, il fait r\u00e9f\u00e9rence \u00e0 des facteurs extra-financiers, notamment en ce qui concerne les th\u00e9matiques environnementales, sociales et de gouvernance.<\/li>\n<li><strong>Integration ESG:<\/strong> Inclusion syst\u00e9matique et explicite de facteurs ESG mat\u00e9riels dans l&#8217;analyse et les d\u00e9cisions d&#8217;investissement afin d&#8217;optimiser le rapport risque\/rendement des \u00e9metteurs priv\u00e9s et souverains.<\/li>\n<li><strong>D\u00e9veloppement Durable:<\/strong> Le d\u00e9veloppement durable est la mesure dans laquelle une activit\u00e9 est &#8220;capable de se maintenir \u00e0 un certain rythme ou \u00e0 un certain niveau&#8221; \u00e0 perp\u00e9tuit\u00e9. En 1987, la Commission Brundtland des Nations Unies a d\u00e9fini la durabilit\u00e9 comme &#8220;r\u00e9pondre aux besoins du pr\u00e9sent sans compromettre la capacit\u00e9 des g\u00e9n\u00e9rations futures \u00e0 r\u00e9pondre \u00e0 leurs propres besoins&#8221;.<\/li>\n<li><strong>Investissements durables: <\/strong>Dans le contexte du r\u00e8glement de la Commission europ\u00e9enne, on entend par &#8220;investissement durable&#8221; un investissement dans une activit\u00e9 \u00e9conomique qui contribue \u00e0 un objectif environnemental ou social, \u00e0 condition que l&#8217;investissement ne nuise pas de mani\u00e8re significative \u00e0 un objectif environnemental ou social et que les entreprises b\u00e9n\u00e9ficiaires suivent des pratiques de bonne gouvernance.<\/li>\n<li><strong>Facteurs de durabilit\u00e9:<\/strong> Les facteurs de durabilit\u00e9 sont les questions environnementales, sociales et relatives au personnel, le respect des droits de l&#8217;homme, la lutte contre la corruption et la lutte contre les pratiques frauduleuses.<\/li>\n<li><strong>Risques en mati\u00e8re de durabilit\u00e9:\u00a0<\/strong>Les risques de durabilit\u00e9 sont des risques ou des conditions li\u00e9s \u00e0 l&#8217;ESG qui pourraient avoir un impact n\u00e9gatif important sur la valeur des investissements s&#8217;ils venaient \u00e0 se produire. Les risques li\u00e9s au d\u00e9veloppement durable comprennent, sans s&#8217;y limiter, les risques li\u00e9s \u00e0 la transition climatique, les risques physiques li\u00e9s au climat, les risques environnementaux, les risques sociaux et les risques li\u00e9s \u00e0 la gouvernance.<\/li>\n<li><strong>R\u00e9silience: <\/strong>La capacit\u00e9 des syst\u00e8mes sociaux, \u00e9conomiques et environnementaux \u00e0 faire face \u00e0 un \u00e9v\u00e9nement dangereux, une menace ou une perturbation, en r\u00e9agissant ou en se r\u00e9organisant de mani\u00e8re \u00e0 pr\u00e9server leur fonction, leur identit\u00e9 et leur structure essentielles tout en conservant leur capacit\u00e9 d&#8217;adaptation, d&#8217;apprentissage et de transformation.<\/li>\n<li><strong>Changement climatique:<\/strong> Une cons\u00e9quence du r\u00e9chauffement climatique, un changement de climat attribu\u00e9 directement ou indirectement \u00e0 l&#8217;activit\u00e9 humaine qui modifie la composition de l&#8217;atmosph\u00e8re mondiale et qui s&#8217;ajoute \u00e0 la variation naturelle du climat observ\u00e9e sur des p\u00e9riodes comparables.<\/li>\n<li><strong>R\u00e9chauffement climatique:<\/strong> Se r\u00e9f\u00e8re \u00e0 la variation moyenne de la temp\u00e9rature. Le r\u00e9chauffement climatique est l&#8217;augmentation estim\u00e9e de la temp\u00e9rature moyenne \u00e0 la surface du globe (TMSG) en moyenne sur une p\u00e9riode de 30 ans, ou sur la p\u00e9riode de 30 ans centr\u00e9e sur une ann\u00e9e ou une d\u00e9cennie particuli\u00e8re, exprim\u00e9e par rapport aux niveaux pr\u00e9industriels, sauf indication contraire.<\/li>\n<li><strong>Actionnariat Actif:<\/strong> Les activit\u00e9s d&#8217;actionnariat actif comprennent le vote par procuration lors des assembl\u00e9es d&#8217;actionnaires et l&#8217;engagement (voir ci-dessous) avec les \u00e9metteurs, les gestionnaires immobiliers, les gestionnaires d&#8217;actifs et les gestionnaires de fonds tiers.<\/li>\n<li><strong>Engagement:<\/strong> L&#8217;engagement rel\u00e8ve de l&#8217;actionnariat actif. Il implique des interactions entre un investisseur (ou un prestataire de services d&#8217;engagement) et des \u00e9metteurs actuels ou potentiels (entreprises\/souverains). L&#8217;engagement lui-m\u00eame ne poursuit pas n\u00e9cessairement des intentions responsables. Cependant, dans le contexte de l&#8217;investissement responsable, il est men\u00e9 dans le but d&#8217;am\u00e9liorer les pratiques sur une probl\u00e9matique ESG, de modifier un r\u00e9sultat en mati\u00e8re de d\u00e9veloppement durable ou d&#8217;am\u00e9liorer l&#8217;information publique. Les engagements peuvent \u00e9galement \u00eatre men\u00e9s avec des parties prenantes non \u00e9mettrices, telles que les l\u00e9gislateurs, les organes de r\u00e9gulation ou les gestionnaires immobiliers et les locataires dans le cas des propri\u00e9taires d&#8217;actifs immobiliers. Les interactions qui ne visent pas un changement ou une am\u00e9lioration de l&#8217;information publique ne sont pas consid\u00e9r\u00e9es comme un engagement.<\/li>\n<li><strong>Sustainable Development Goals:<\/strong> La r\u00e9alisation des 17 objectifs mondiaux de d\u00e9veloppement pour tous les pays \u00e9tablis par les Nations unies et \u00e9labor\u00e9s dans l&#8217;Agenda 2030 pour le d\u00e9veloppement durable sont intrins\u00e8quement li\u00e9s aux objectifs de l&#8217;Accord de Paris.<\/li>\n<li><strong>Best in class:<\/strong> Approche dans laquelle la performance environnementale, sociale et de gouvernance (ESG) d&#8217;une entreprise ou d&#8217;un \u00e9metteur est compar\u00e9e \u00e0 la performance ESG de ses pairs (c&#8217;est-\u00e0-dire du m\u00eame secteur ou de la m\u00eame cat\u00e9gorie) sur la base d&#8217;une notation de sa durabilit\u00e9.<\/li>\n<li><strong>Impact Investing:<\/strong> Processus consistant \u00e0 r\u00e9aliser des investissements dans le but de g\u00e9n\u00e9rer un impact social et environnemental positif et mesurable en plus d&#8217;un rendement financier.<\/li>\n<li><strong>Impact Positif:<\/strong> Avoir un impact positif sur un ou plusieurs des trois piliers du d\u00e9veloppement durable (\u00e9conomique, environnemental et social), une fois que tout impact n\u00e9gatif potentiel sur l&#8217;un des piliers a \u00e9t\u00e9 ad\u00e9quatement identifi\u00e9 et att\u00e9nu\u00e9.<\/li>\n<li><strong>\u00c9conomie Circulaire:<\/strong> Mod\u00e8le de production et de consommation qui implique le partage, la location, la r\u00e9utilisation, la r\u00e9paration, la remise \u00e0 neuf et le recyclage des mat\u00e9riaux et des produits existants le plus longtemps possible. De cette mani\u00e8re, le cycle de vie des produits est prolong\u00e9.<\/li>\n<\/ul>\n<p>[\/vc_column_text][\/vc_column][\/vc_row]<\/p>\n","protected":false},"excerpt":{"rendered":"<p>[vc_row][vc_column][vc_raw_html]JTVCU0ZHX0JBTk5FUiUyMHJldnNsaWRlcl9hbGlhcyUzRCUyMnNmZy1wYWdlJTIyJTVE[\/vc_raw_html][\/vc_column][\/vc_row][vc_row][vc_column][vc_column_text] Qu&#8217;est-ce que la finance durable ? La finance durable d\u00e9signe toute forme de service financier qui int\u00e8gre des crit\u00e8res environnementaux, sociaux et de gouvernance (ESG) dans les d\u00e9cisions commerciales ou d&#8217;investissement (SSF). Elle compl\u00e8te l&#8217;analyse financi\u00e8re traditionnelle (PRI) et se compose d&#8217;une gamme de strat\u00e9gies d&#8217;investissement responsable* qui peuvent \u00eatre utilis\u00e9es ind\u00e9pendamment ou en [&hellip;]<\/p>\n","protected":false},"author":138,"featured_media":0,"parent":0,"menu_order":0,"comment_status":"closed","ping_status":"closed","template":"template-custom-page.php","meta":{"_vp_format_video_url":"","_vp_image_focal_point":[],"footnotes":""},"class_list":["post-10288","page","type-page","status-publish","hentry"],"acf":[],"aioseo_notices":[],"_links":{"self":[{"href":"https:\/\/sfgeneva.org\/fr\/wp-json\/wp\/v2\/pages\/10288","targetHints":{"allow":["GET"]}}],"collection":[{"href":"https:\/\/sfgeneva.org\/fr\/wp-json\/wp\/v2\/pages"}],"about":[{"href":"https:\/\/sfgeneva.org\/fr\/wp-json\/wp\/v2\/types\/page"}],"author":[{"embeddable":true,"href":"https:\/\/sfgeneva.org\/fr\/wp-json\/wp\/v2\/users\/138"}],"replies":[{"embeddable":true,"href":"https:\/\/sfgeneva.org\/fr\/wp-json\/wp\/v2\/comments?post=10288"}],"version-history":[{"count":5,"href":"https:\/\/sfgeneva.org\/fr\/wp-json\/wp\/v2\/pages\/10288\/revisions"}],"predecessor-version":[{"id":10405,"href":"https:\/\/sfgeneva.org\/fr\/wp-json\/wp\/v2\/pages\/10288\/revisions\/10405"}],"wp:attachment":[{"href":"https:\/\/sfgeneva.org\/fr\/wp-json\/wp\/v2\/media?parent=10288"}],"curies":[{"name":"wp","href":"https:\/\/api.w.org\/{rel}","templated":true}]}}