{"id":10408,"date":"2024-01-23T11:34:08","date_gmt":"2024-01-23T10:34:08","guid":{"rendered":"https:\/\/sfgeneva.org\/a-propos-de-sfg\/geneva-ecosystem-map\/"},"modified":"2024-10-30T14:29:21","modified_gmt":"2024-10-30T13:29:21","slug":"ecosysteme-de-geneve","status":"publish","type":"page","link":"https:\/\/sfgeneva.org\/fr\/a-propos-de-sfg\/ecosysteme-de-geneve\/","title":{"rendered":"Ecosyst\u00e8me Genevois"},"content":{"rendered":"<p>[vc_row][vc_column][vc_raw_html]JTVCU0ZHX0JBTk5FUiUyMHJldnNsaWRlcl9hbGlhcyUzRCUyMnNmZy1wYWdlJTIyJTVE[\/vc_raw_html][\/vc_column][\/vc_row][vc_row][vc_column][vc_column_text]<\/p>\n<h2>Une communaut\u00e9 d\u00e9di\u00e9e \u00e0 la croissance de la finance durable<\/h2>\n<p>Gen\u00e8ve abrite un m\u00e9lange unique d\u2019acteurs financiers et un grand nombre d\u2019organisations internationales motiv\u00e9es oeuvrant sur divers aspects des <a href=\"https:\/\/www.un.org\/sustainabledevelopment\/fr\/objectifs-de-developpement-durable\/\">objectifs de d\u00e9veloppement durable.<\/a> Ensemble, ils forment un \u00e9cosyst\u00e8me exceptionnellement riche et diversifi\u00e9, engag\u00e9 \u00e0 faire de la finance durable une force pour le bien.[\/vc_column_text][\/vc_column][\/vc_row][vc_row full_width=&#8221;stretch_row&#8221; content_placement=&#8221;middle&#8221; css=&#8221;.vc_custom_1629719468535{margin-top: 60px !important;border-top-width: 1px !important;border-bottom-width: 1px !important;background-color: #f8f8f8 !important;border-top-color: #eeeeee !important;border-top-style: solid !important;border-bottom-color: #eeeeee !important;border-bottom-style: solid !important;}&#8221; el_class=&#8221;vlt-single-quote&#8221;][vc_column width=&#8221;1\/12&#8243; offset=&#8221;vc_hidden-xs&#8221;][\/vc_column][vc_column width=&#8221;1\/3&#8243;][vc_column_text]<\/p>\n<p><iframe loading=\"lazy\" title=\"Building Bridges Voices: Marie-Laure Schaufelberger\" width=\"1240\" height=\"698\" src=\"https:\/\/www.youtube.com\/embed\/ncT0hK1FjQE?feature=oembed\" frameborder=\"0\" allow=\"accelerometer; autoplay; clipboard-write; encrypted-media; gyroscope; picture-in-picture; web-share\" referrerpolicy=\"strict-origin-when-cross-origin\" allowfullscreen><\/iframe><\/p>\n<p>[\/vc_column_text][\/vc_column][vc_column width=&#8221;1\/12&#8243; el_class=&#8221;sfg-quote&#8221; offset=&#8221;vc_hidden-xs&#8221;][\/vc_column][vc_column width=&#8221;1\/2&#8243;]<div class=\"ult-spacer spacer-69e11f90c9ffb\" data-id=\"69e11f90c9ffb\" data-height=\"50\" data-height-mobile=\"15\" data-height-tab=\"40\" data-height-tab-portrait=\"30\" data-height-mobile-landscape=\"15\" style=\"clear:both;display:block;\"><\/div>[vc_custom_heading text=&#8221;\u00ab Ce qui est si unique avec l&#8217;\u00e9cosyst\u00e8me de Gen\u00e8ve, c&#8217;est le nombre impressionnant de diff\u00e9rents acteurs et de partenariats que vous pouvez construire dans une aire de moins de 20 km2 \u00bb.&#8221; font_container=&#8221;tag:p|font_size:21px|text_align:left|color:%23191919|line_height:1.5&#8243; google_fonts=&#8221;font_family:Playfair%20Display%3Aregular%2Citalic%2C700%2C700italic%2C900%2C900italic|font_style:700%20bold%20italic%3A700%3Aitalic&#8221; el_class=&#8221;the-quote&#8221;]<div class=\"ult-spacer spacer-69e11f90ca06b\" data-id=\"69e11f90ca06b\" data-height=\"10\" data-height-mobile=\"10\" data-height-tab=\"10\" data-height-tab-portrait=\"\" data-height-mobile-landscape=\"\" style=\"clear:both;display:block;\"><\/div><div id=\"ultimate-heading-179969e11f90ca0de\" class=\"uvc-heading ult-adjust-bottom-margin ultimate-heading-179969e11f90ca0de uvc-1048 the-author\" data-hspacer=\"no_spacer\"  data-halign=\"left\" style=\"text-align:left\"><div class=\"uvc-heading-spacer no_spacer\" style=\"top\"><\/div><div class=\"uvc-main-heading ult-responsive\"  data-ultimate-target='.uvc-heading.ultimate-heading-179969e11f90ca0de h5'  data-responsive-json-new='{\"font-size\":\"desktop:16px;\",\"line-height\":\"\"}' ><h5 style=\"font-weight:normal;\">\u2014 Marie-Laure Schaufelberger<\/h5><\/div><div class=\"uvc-sub-heading ult-responsive\"  data-ultimate-target='.uvc-heading.ultimate-heading-179969e11f90ca0de .uvc-sub-heading '  data-responsive-json-new='{\"font-size\":\"desktop:14px;\",\"line-height\":\"\"}'  style=\"font-weight:normal;margin-top:10px;\">Pr\u00e9sidente de SFG<\/div><\/div><div class=\"ult-spacer spacer-69e11f90ca13f\" data-id=\"69e11f90ca13f\" data-height=\"60\" data-height-mobile=\"60\" data-height-tab=\"60\" data-height-tab-portrait=\"\" data-height-mobile-landscape=\"\" style=\"clear:both;display:block;\"><\/div>[\/vc_column][\/vc_row][vc_row][vc_column width=&#8221;1\/2&#8243;][vc_column_text]<\/p>\n<h2>Explorez l&#8217;\u00e9cosyst\u00e8me<\/h2>\n<p>Afin d\u2019informer la communaut\u00e9 sur la diversit\u00e9 des institutions actives dans la finance durable \u00e0 Gen\u00e8ve et en Suisse romande, SFG a r\u00e9alis\u00e9 une carthographie exhaustive. Ce processus a permis d&#8217;identifier 270 institutions de la finance durable dont 93 sont d\u00e9di\u00e9es uniquement \u00e0 la finance durable.<\/p>\n<p>&nbsp;<\/p>\n<p>La cartographie montre en un coup d\u2019\u0153il l\u2019\u00e9cosyst\u00e8me unique de la finance durable et r\u00e9v\u00e8le l\u2019immense potentiel de collaboration.[\/vc_column_text]<a href=\"https:\/\/sfgeneva.org\/fr\/ressources\/carte\/\" title=\"La carte de l\u2019\u00e9cosyst\u00e8me de la finance durable genevois\" class=\"vlthemes_custom_69e11f90ca17a   vlt-btn vlt-btn--primary vlt-btn--md vlt-btn--rounded\" ><span>Aller \u00e0 la carte<\/span><\/a>[\/vc_column][vc_column width=&#8221;1\/2&#8243;][vc_single_image image=&#8221;9539&#8243; img_size=&#8221;large&#8221; onclick=&#8221;custom_link&#8221; link=&#8221;https:\/\/sfgeneva.org\/fr\/carte\/?ciP=%2Fdepots%2Fsfgeneva%2Frelation_maps%2F8b08&amp;ciR=embedding_url%3Dhttps%253A%252F%252Fsfgeneva.org%252Ffr%252Fcarte%252F&#8221;][\/vc_column][\/vc_row]<\/p>\n","protected":false},"excerpt":{"rendered":"<p>[vc_row][vc_column][vc_raw_html]JTVCU0ZHX0JBTk5FUiUyMHJldnNsaWRlcl9hbGlhcyUzRCUyMnNmZy1wYWdlJTIyJTVE[\/vc_raw_html][\/vc_column][\/vc_row][vc_row][vc_column][vc_column_text] Une communaut\u00e9 d\u00e9di\u00e9e \u00e0 la croissance de la finance durable Gen\u00e8ve abrite un m\u00e9lange unique d\u2019acteurs financiers et un grand nombre d\u2019organisations internationales motiv\u00e9es oeuvrant sur divers aspects des objectifs de d\u00e9veloppement durable. Ensemble, ils forment un \u00e9cosyst\u00e8me exceptionnellement riche et diversifi\u00e9, engag\u00e9 \u00e0 faire de la finance durable une force pour le bien.[\/vc_column_text][\/vc_column][\/vc_row][vc_row [&hellip;]<\/p>\n","protected":false},"author":138,"featured_media":0,"parent":7742,"menu_order":0,"comment_status":"closed","ping_status":"closed","template":"template-custom-page.php","meta":{"_vp_format_video_url":"","_vp_image_focal_point":[],"footnotes":""},"class_list":["post-10408","page","type-page","status-publish","hentry"],"acf":[],"aioseo_notices":[],"_links":{"self":[{"href":"https:\/\/sfgeneva.org\/fr\/wp-json\/wp\/v2\/pages\/10408","targetHints":{"allow":["GET"]}}],"collection":[{"href":"https:\/\/sfgeneva.org\/fr\/wp-json\/wp\/v2\/pages"}],"about":[{"href":"https:\/\/sfgeneva.org\/fr\/wp-json\/wp\/v2\/types\/page"}],"author":[{"embeddable":true,"href":"https:\/\/sfgeneva.org\/fr\/wp-json\/wp\/v2\/users\/138"}],"replies":[{"embeddable":true,"href":"https:\/\/sfgeneva.org\/fr\/wp-json\/wp\/v2\/comments?post=10408"}],"version-history":[{"count":5,"href":"https:\/\/sfgeneva.org\/fr\/wp-json\/wp\/v2\/pages\/10408\/revisions"}],"predecessor-version":[{"id":12430,"href":"https:\/\/sfgeneva.org\/fr\/wp-json\/wp\/v2\/pages\/10408\/revisions\/12430"}],"up":[{"embeddable":true,"href":"https:\/\/sfgeneva.org\/fr\/wp-json\/wp\/v2\/pages\/7742"}],"wp:attachment":[{"href":"https:\/\/sfgeneva.org\/fr\/wp-json\/wp\/v2\/media?parent=10408"}],"curies":[{"name":"wp","href":"https:\/\/api.w.org\/{rel}","templated":true}]}}