{"id":10412,"date":"2024-01-23T10:43:13","date_gmt":"2024-01-23T09:43:13","guid":{"rendered":"https:\/\/sfgeneva.org\/a-propos-de-sfg\/our-strategy\/"},"modified":"2024-08-05T23:08:42","modified_gmt":"2024-08-05T21:08:42","slug":"our-strategy","status":"publish","type":"page","link":"https:\/\/sfgeneva.org\/fr\/a-propos-de-sfg\/our-strategy\/","title":{"rendered":"Strat\u00e9gie"},"content":{"rendered":"<p>[vc_row][vc_column][vc_raw_html]JTVCU0ZHX0JBTk5FUiUyMHJldnNsaWRlcl9hbGlhcyUzRCUyMnNmZy1wYWdlJTIyJTVE[\/vc_raw_html][\/vc_column][\/vc_row][vc_row][vc_column][vc_column_text]<\/p>\n<h2>Strat\u00e9gie 2023-2025<\/h2>\n<div class=\"content user-select-text\" tabindex=\"0\" aria-description=\"\" aria-label=\"Envoy\u00e9 par Copilot\u00a0: Votre texte est d\u00e9j\u00e0 bien r\u00e9dig\u00e9, mais voici quelques suggestions pour le rendre encore plus clair et impactant : &quot;En janvier 2023, notre Comit\u00e9 de strat\u00e9gie et de surveillance (CSS) s'est r\u00e9uni pour \u00e9laborer une vision et un plan d'action pour l'organisation au cours des trois prochaines ann\u00e9es. Le CSS a identifi\u00e9 trois piliers strat\u00e9giques. Les deux premiers visent \u00e0 soutenir nos membres dans leur r\u00f4le de champions de la finance durable, tandis que le troisi\u00e8me vise \u00e0 d\u00e9velopper le concept de finance durable pour le rendre plus ax\u00e9 sur l'impact dans un sens holistique. Ainsi, tous nos travaux et activit\u00e9s s'inscrivent dans le cadre de l'un ou plusieurs de ces piliers.&quot; N'h\u00e9sitez pas \u00e0 me faire part de toute autre demande d'am\u00e9lioration ou de modification ! ?\">\n<div class=\"ac-container ac-adaptiveCard has-image\">\n<div class=\"ac-textBlock\">\n<p>En janvier 2023, notre Comit\u00e9 de strat\u00e9gie et de surveillance (CSS) s\u2019est r\u00e9uni pour \u00e9laborer une vision et un plan d\u2019action pour l\u2019organisation au cours des trois prochaines ann\u00e9es. Le CSS a identifi\u00e9 trois piliers strat\u00e9giques. Les deux premiers visent \u00e0 soutenir nos membres dans leur r\u00f4le de champions de la finance durable, tandis que le troisi\u00e8me vise \u00e0 d\u00e9velopper le concept de finance durable pour le rendre plus ax\u00e9 sur l\u2019impact dans un sens holistique. Ainsi, tous nos travaux et activit\u00e9s s\u2019inscrivent dans le cadre de l\u2019un ou plusieurs de ces piliers.<\/p>\n<\/div>\n<\/div>\n<\/div>\n<p>[\/vc_column_text][\/vc_column][\/vc_row][vc_row][vc_column][vc_single_image image=&#8221;10306&#8243; img_size=&#8221;full&#8221;][\/vc_column][\/vc_row]<\/p>\n","protected":false},"excerpt":{"rendered":"<p>[vc_row][vc_column][vc_raw_html]JTVCU0ZHX0JBTk5FUiUyMHJldnNsaWRlcl9hbGlhcyUzRCUyMnNmZy1wYWdlJTIyJTVE[\/vc_raw_html][\/vc_column][\/vc_row][vc_row][vc_column][vc_column_text] Strat\u00e9gie 2023-2025 En janvier 2023, notre Comit\u00e9 de strat\u00e9gie et de surveillance (CSS) s\u2019est r\u00e9uni pour \u00e9laborer une vision et un plan d\u2019action pour l\u2019organisation au cours des trois prochaines ann\u00e9es. Le CSS a identifi\u00e9 trois piliers strat\u00e9giques. Les deux premiers visent \u00e0 soutenir nos membres dans leur r\u00f4le de champions de la finance [&hellip;]<\/p>\n","protected":false},"author":138,"featured_media":0,"parent":7742,"menu_order":0,"comment_status":"closed","ping_status":"closed","template":"template-custom-page.php","meta":{"_vp_format_video_url":"","_vp_image_focal_point":[],"footnotes":""},"class_list":["post-10412","page","type-page","status-publish","hentry"],"acf":[],"aioseo_notices":[],"_links":{"self":[{"href":"https:\/\/sfgeneva.org\/fr\/wp-json\/wp\/v2\/pages\/10412","targetHints":{"allow":["GET"]}}],"collection":[{"href":"https:\/\/sfgeneva.org\/fr\/wp-json\/wp\/v2\/pages"}],"about":[{"href":"https:\/\/sfgeneva.org\/fr\/wp-json\/wp\/v2\/types\/page"}],"author":[{"embeddable":true,"href":"https:\/\/sfgeneva.org\/fr\/wp-json\/wp\/v2\/users\/138"}],"replies":[{"embeddable":true,"href":"https:\/\/sfgeneva.org\/fr\/wp-json\/wp\/v2\/comments?post=10412"}],"version-history":[{"count":4,"href":"https:\/\/sfgeneva.org\/fr\/wp-json\/wp\/v2\/pages\/10412\/revisions"}],"predecessor-version":[{"id":11116,"href":"https:\/\/sfgeneva.org\/fr\/wp-json\/wp\/v2\/pages\/10412\/revisions\/11116"}],"up":[{"embeddable":true,"href":"https:\/\/sfgeneva.org\/fr\/wp-json\/wp\/v2\/pages\/7742"}],"wp:attachment":[{"href":"https:\/\/sfgeneva.org\/fr\/wp-json\/wp\/v2\/media?parent=10412"}],"curies":[{"name":"wp","href":"https:\/\/api.w.org\/{rel}","templated":true}]}}