{"id":11183,"date":"2021-08-27T14:03:40","date_gmt":"2021-08-27T12:03:40","guid":{"rendered":"https:\/\/sfgeneva.org\/swisox\/"},"modified":"2025-06-16T12:19:32","modified_gmt":"2025-06-16T10:19:32","slug":"swisox","status":"publish","type":"page","link":"https:\/\/sfgeneva.org\/fr\/what-we-do\/swisox\/","title":{"rendered":"SWISOX"},"content":{"rendered":"<p>[vc_row][vc_column][vc_raw_html]JTVCU0ZHX0JBTk5FUiUyMHJldnNsaWRlcl9hbGlhcyUzRCUyMnNmZy1wYWdlJTIyJTVE[\/vc_raw_html][\/vc_column][\/vc_row][vc_row][vc_column][vc_column_text]<\/p>\n<h2><strong>Innover dans l\u2019infrastructure de la finance durable<\/strong><\/h2>\n<p>Dans un monde o\u00f9 combler le d\u00e9ficit de financement pour atteindre les Objectifs de D\u00e9veloppement Durable (ODD) des Nations Unies reste une priorit\u00e9 mondiale, Sustainable Finance Geneva (SFG) est fi\u00e8re de soutenir <a href=\"https:\/\/www.swisox.com\/\">SWISOX<\/a> \u2014 une startup ind\u00e9pendante qui construit l\u2019infrastructure dont la finance durable a r\u00e9ellement besoin.<\/p>\n<p>Lanc\u00e9e avec le soutien du Fonds national suisse de la recherche scientifique ainsi que de partenaires philanthropiques, SWISOX a \u00e9t\u00e9 incub\u00e9e par SFG et est aujourd\u2019hui une entreprise sociale ind\u00e9pendante. Sa mission : cr\u00e9er une place de march\u00e9 d\u00e9di\u00e9e aux entreprises durables, qui soit fiable, transparente et fond\u00e9e sur une approche scientifique de la durabilit\u00e9. Ceci commence par une d\u00e9finition rigoureuse de l\u2019adjectif \u00ab durable \u00bb.[\/vc_column_text][vc_separator][vc_column_text]<\/p>\n<h2>Mission<\/h2>\n<p>SWISOX d\u00e9veloppe une approche pionni\u00e8re\/moderne en mati\u00e8re de finance durable, ax\u00e9e sur :<\/p>\n<ul>\n<li>Une d\u00e9finition de la durabilit\u00e9 bas\u00e9e sur un syst\u00e8me de classification transparent, fond\u00e9 sur une taxonomie align\u00e9e sur les r\u00e9glementations internationales et \u00e9tablie suivant un processus scientifique ;<\/li>\n<li>Une meilleure visibilit\u00e9 et un acc\u00e8s au capital facilit\u00e9 pour les entreprises r\u00e9pondant \u00e0 des crit\u00e8res de durabilit\u00e9 exigeants ;<\/li>\n<li>Une d\u00e9mocratisation de l\u2019investissement durable gr\u00e2ce \u00e0 des outils permettant aux investisseurs institutionnels et particuliers de s\u2019engager aupr\u00e8s d\u2019entreprises durables, cr\u00e9dibles et rigoureusement \u00e9valu\u00e9es.<\/li>\n<\/ul>\n<p>[\/vc_column_text][\/vc_column][\/vc_row][vc_row][vc_column][vc_column_text]<\/p>\n<h2><strong>Ce que nous avons construit jusqu\u2019\u00e0 pr\u00e9sent<\/strong><\/h2>\n<p><strong>\u00a0<\/strong><\/p>\n<h3><strong>Le syst\u00e8me <em>Traffic Light\u2122<\/em><\/strong><\/h3>\n<p>Un outil de classification public bas\u00e9 sur la taxonomie europ\u00e9enne et d\u2019autres standards internationaux. Sa premi\u00e8re publication \u2014 la <a href=\"https:\/\/traffic.swisox.com\/\">Green Light List<\/a> \u2014 recense plus de 70 entreprises dans le monde r\u00e9pondant \u00e0 des crit\u00e8res stricts et reposant sur des preuves concr\u00e8tes.<\/p>\n<p><strong>\u00a0<\/strong><\/p>\n<h3><strong>Le <em>SWISOX Data Studio<\/em><\/strong><\/h3>\n<p>Une plateforme en libre acc\u00e8s qui met \u00e0 disposition des donn\u00e9es sur la conformit\u00e9 des entreprises aux crit\u00e8res de durabilit\u00e9, ainsi qu\u2019une m\u00e9thodologie et des outils pour explorer les soci\u00e9t\u00e9s cot\u00e9es.<\/p>\n<p>\u2192 <a href=\"https:\/\/studio.swisox.com\/\">Acc\u00e9der \u00e0 la plateforme<\/a><\/p>\n<p><strong>\u00a0<\/strong><\/p>\n<h3><strong>Newsletter : <em>Finance Without Greenwashing<\/em><\/strong><\/h3>\n<p>Des mises \u00e0 jour et analyses r\u00e9guli\u00e8res sur l\u2019infrastructure de la finance durable, la transparence des entreprises et les investissements align\u00e9s sur les taxonomies.<\/p>\n<p>\u2192 <a href=\"https:\/\/financewithoutgreenwashing.substack.com\/\">S\u2019abonner \u00e0 la newsletter<\/a><\/p>\n<p><strong>\u00a0<\/strong><\/p>\n<h3><strong>Suivez notre actualit\u00e9 sur LinkedIn<\/strong><\/h3>\n<p>\u2192 <a href=\"https:\/\/www.linkedin.com\/company\/swisox\">Page LinkedIn<\/a>[\/vc_column_text][\/vc_column][\/vc_row][vc_row][vc_column][vc_column_text]<\/p>\n<h2><strong>Prochaines \u00e9tapes<\/strong><\/h2>\n<ul>\n<li>Lancement d\u2019une consultation sur les crit\u00e8res de classification <em>Orange<\/em> et <em>Rouge<\/em><\/li>\n<li>Extension de la couverture des donn\u00e9es et int\u00e9gration des PME<\/li>\n<li>\u00c9laboration d\u2019un cadre de classification d\u00e9di\u00e9 \u00e0 la durabilit\u00e9, en collaboration avec la Bourse suisse<\/li>\n<\/ul>\n<p>D\u00e9veloppement d\u2019une application de courtage pour permettre \u00e0 une nouvelle g\u00e9n\u00e9ration d\u2019investisseurs particuliers d\u2019acc\u00e9der \u00e0 ces outils d\u2019investissement durable[\/vc_column_text][vc_empty_space][\/vc_column][\/vc_row][vc_row][vc_column][vc_separator][vc_column_text]<\/p>\n<h2><strong>Le r\u00f4le de SFG<\/strong><\/h2>\n<p>SFG est partenaire fondateur et actionnaire de SWISOX, et d\u00e9fend depuis longtemps la vision d\u2019une infrastructure cr\u00e9dible et \u00e9volutive au service de la finance durable. La concr\u00e9tisation de SWISOX refl\u00e8te plus de dix ann\u00e9es de travail men\u00e9es au sein de l\u2019\u00e9cosyst\u00e8me genevois.<\/p>\n<p>\u00c0 travers ce partenariat, SFG soutient le d\u00e9veloppement d\u2019outils, de classifications et de plateformes qui renforcent la transparence, l\u2019int\u00e9grit\u00e9 et l\u2019accessibilit\u00e9 de l\u2019investissement responsable, \u00e0 l\u2019\u00e9chelle mondiale.[\/vc_column_text]<div class=\"smile-icon-timeline-wrap csstime vlt-custom-timeline  \"  data-time_sep_bg_color=\"#757575\" data-time_block_bg_color=\"#ffffff\"  style=\"\"><div class=\"timeline-line \" style=\"border-right-color:#eeeeee;\"><span><\/span><\/div><div class=\"timeline-wrapper\"><div class=\"timeline-block \"><div class=\"timeline-dot\"><\/div><div class=\"ult-timeline-arrow\"><s><\/s><l><\/l><\/div><div class=\"timeline-icon-block\"><div class=\"ult-timeline-icon \" style=\"   \"><div class=\"ult-just-icon-wrapper  \"><div class=\"align-icon\" style=\"text-align:center;\">\n<div class=\"aio-icon-img  uavc-circle \" style=\"font-size:43px;background:#ffffff;display:inline-block;\" data-animation=\"fadeInDown\" data-animation-delay=\"03\">\n\t<img decoding=\"async\" class=\"img-icon\" alt=\"null\" src=\"https:\/\/sfgeneva.org\/wp-content\/uploads\/2021\/08\/swissox4.png\"\/>\n<\/div><\/div><\/div><\/div> <!-- icon --><\/div><div class=\"timeline-header-block\" >\r\n\t\t\t\t\t\t\t<div id=\"timeline-item-8679\" class=\"timeline-header\" style=\"\"><h3 class=\"ult-timeline-title ult-responsive\"  data-ultimate-target='#timeline-item-8679 .ult-timeline-title'  data-responsive-json-new='{\"font-size\":\"\",\"line-height\":\"\"}'  style=\"\">2013<\/h3><div class=\"ult-responsive timeline-item-spt\"  data-ultimate-target='#timeline-item-8679 .timeline-item-spt'  data-responsive-json-new='{\"font-size\":\"\",\"line-height\":\"\"}'  style=\"\">Le conseil d&#8217;administration de SFG identifie un obstacle majeur dans le domaine de l&#8217;investissement \u00e0 impact : un manque de liquidit\u00e9 et de march\u00e9s secondaires.<\/div><\/div> <!-- header --><\/div><\/div><div class=\"timeline-block \"><div class=\"timeline-dot\"><\/div><div class=\"ult-timeline-arrow\"><s><\/s><l><\/l><\/div><div class=\"timeline-icon-block\"><div class=\"ult-timeline-icon \" style=\"   \"><div class=\"ult-just-icon-wrapper  \"><div class=\"align-icon\" style=\"text-align:center;\">\n<div class=\"aio-icon-img  uavc-circle \" style=\"font-size:43px;background:#ffffff;display:inline-block;\" data-animation=\"fadeInDown\" data-animation-delay=\"03\">\n\t<img decoding=\"async\" class=\"img-icon\" alt=\"null\" src=\"https:\/\/sfgeneva.org\/wp-content\/uploads\/2021\/08\/swissox3.png\"\/>\n<\/div><\/div><\/div><\/div> <!-- icon --><\/div><div class=\"timeline-header-block\" >\r\n\t\t\t\t\t\t\t<div id=\"timeline-item-4244\" class=\"timeline-header\" style=\"\"><h3 class=\"ult-timeline-title ult-responsive\"  data-ultimate-target='#timeline-item-4244 .ult-timeline-title'  data-responsive-json-new='{\"font-size\":\"\",\"line-height\":\"\"}'  style=\"\">2015<\/h3><div class=\"ult-responsive timeline-item-spt\"  data-ultimate-target='#timeline-item-4244 .timeline-item-spt'  data-responsive-json-new='{\"font-size\":\"\",\"line-height\":\"\"}'  style=\"\"><\/p>\n<div class=\"page\" title=\"Page 9\">\n<div class=\"section\">\n<div class=\"layoutArea\">\n<div class=\"column\">\n<p>SFG recherche, r\u00e9dige et publie une note conceptuelle sur la Bourse Sociale Suisse.<\/p>\n<\/div>\n<\/div>\n<\/div>\n<\/div>\n<p><\/div><\/div> <!-- header --><\/div><\/div><div class=\"timeline-block \"><div class=\"timeline-dot\"><\/div><div class=\"ult-timeline-arrow\"><s><\/s><l><\/l><\/div><div class=\"timeline-icon-block\"><div class=\"ult-timeline-icon \" style=\"   \"><div class=\"ult-just-icon-wrapper  \"><div class=\"align-icon\" style=\"text-align:center;\">\n<div class=\"aio-icon-img  uavc-circle \" style=\"font-size:43px;background:#ffffff;display:inline-block;\" data-animation=\"fadeInDown\" data-animation-delay=\"03\">\n\t<img decoding=\"async\" class=\"img-icon\" alt=\"null\" src=\"https:\/\/sfgeneva.org\/wp-content\/uploads\/2021\/08\/swissox1.png\"\/>\n<\/div><\/div><\/div><\/div> <!-- icon --><\/div><div class=\"timeline-header-block\" >\r\n\t\t\t\t\t\t\t<div id=\"timeline-item-6469\" class=\"timeline-header\" style=\"\"><h3 class=\"ult-timeline-title ult-responsive\"  data-ultimate-target='#timeline-item-6469 .ult-timeline-title'  data-responsive-json-new='{\"font-size\":\"\",\"line-height\":\"\"}'  style=\"\">2017-2018<\/h3><div class=\"ult-responsive timeline-item-spt\"  data-ultimate-target='#timeline-item-6469 .timeline-item-spt'  data-responsive-json-new='{\"font-size\":\"\",\"line-height\":\"\"}'  style=\"\">SFG obtient un financement du FNSNF pour une \u00e9tude de faisabilit\u00e9 approfondie sur une Bourse Sociale Suisse.<\/div><\/div> <!-- header --><\/div><\/div><div class=\"timeline-block \"><div class=\"timeline-dot\"><\/div><div class=\"ult-timeline-arrow\"><s><\/s><l><\/l><\/div><div class=\"timeline-icon-block\"><div class=\"ult-timeline-icon \" style=\"   \"><div class=\"ult-just-icon-wrapper  \"><div class=\"align-icon\" style=\"text-align:center;\">\n<div class=\"aio-icon-img  uavc-circle \" style=\"font-size:43px;background:#ffffff;display:inline-block;\" data-animation=\"fadeInDown\" data-animation-delay=\"03\">\n\t<img decoding=\"async\" class=\"img-icon\" alt=\"null\" src=\"https:\/\/sfgeneva.org\/wp-content\/uploads\/2021\/08\/swissox2.png\"\/>\n<\/div><\/div><\/div><\/div> <!-- icon --><\/div><div class=\"timeline-header-block\" >\r\n\t\t\t\t\t\t\t<div id=\"timeline-item-1901\" class=\"timeline-header\" style=\"\"><h3 class=\"ult-timeline-title ult-responsive\"  data-ultimate-target='#timeline-item-1901 .ult-timeline-title'  data-responsive-json-new='{\"font-size\":\"\",\"line-height\":\"\"}'  style=\"\">2019-2021<\/h3><div class=\"ult-responsive timeline-item-spt\"  data-ultimate-target='#timeline-item-1901 .timeline-item-spt'  data-responsive-json-new='{\"font-size\":\"\",\"line-height\":\"\"}'  style=\"\"><\/p>\n<div class=\"page\" title=\"Page 9\">\n<div class=\"section\">\n<div class=\"layoutArea\">\n<div class=\"column\">\n<p>SFG s\u00e9curise des capitaux philanthropiques pour structurer et mettre en place Swisox.<\/p>\n<\/div>\n<\/div>\n<\/div>\n<\/div>\n<p><\/div><\/div> <!-- header --><\/div><\/div><div class=\"timeline-block \"><div class=\"timeline-dot\"><\/div><div class=\"ult-timeline-arrow\"><s><\/s><l><\/l><\/div><div class=\"timeline-icon-block\"><div class=\"ult-timeline-icon \" style=\"   \"><div class=\"ult-just-icon-wrapper  \"><div class=\"align-icon\" style=\"text-align:center;\">\n<div class=\"aio-icon-img  uavc-circle \" style=\"font-size:43px;background:#ffffff;display:inline-block;\" data-animation=\"fadeInDown\" data-animation-delay=\"03\">\n\t<img decoding=\"async\" class=\"img-icon\" alt=\"null\" src=\"https:\/\/sfgeneva.org\/wp-content\/uploads\/2021\/08\/swissox5.png\"\/>\n<\/div><\/div><\/div><\/div> <!-- icon --><\/div><div class=\"timeline-header-block\" >\r\n\t\t\t\t\t\t\t<div id=\"timeline-item-1804\" class=\"timeline-header\" style=\"\"><h3 class=\"ult-timeline-title ult-responsive\"  data-ultimate-target='#timeline-item-1804 .ult-timeline-title'  data-responsive-json-new='{\"font-size\":\"\",\"line-height\":\"\"}'  style=\"\">2022<\/h3><div class=\"ult-responsive timeline-item-spt\"  data-ultimate-target='#timeline-item-1804 .timeline-item-spt'  data-responsive-json-new='{\"font-size\":\"\",\"line-height\":\"\"}'  style=\"\">Swisox devient une entreprise sociale avec un PDG et SFG, un actionnaire.<\/div><\/div> <!-- header --><\/div><\/div><\/div><\/div>[\/vc_column][\/vc_row][vc_row][vc_column width=&#8221;1\/2&#8243;]<a href=\"https:\/\/www.swisox.com\/\" title=\"My account A DEFINIR\" target=\"_blank\" class=\"vlthemes_custom_69e737087c357   vlt-btn vlt-btn--primary vlt-btn--lg vlt-btn--rounded\" ><span>Visiter le site internet de Swisox<\/span><\/a>[vc_empty_space height=&#8221;15px&#8221;]<a href=\"https:\/\/www.swisox.com\/contact-us\" title=\"My account A DEFINIR\" class=\"vlthemes_custom_69e737087c483   vlt-btn vlt-btn--primary vlt-btn--lg vlt-btn--rounded\" ><span>Contacter l'\u00e9quipe<\/span><\/a>[\/vc_column][vc_column width=&#8221;1\/2&#8243;][\/vc_column][\/vc_row]<\/p>\n","protected":false},"excerpt":{"rendered":"<p>[vc_row][vc_column][vc_raw_html]JTVCU0ZHX0JBTk5FUiUyMHJldnNsaWRlcl9hbGlhcyUzRCUyMnNmZy1wYWdlJTIyJTVE[\/vc_raw_html][\/vc_column][\/vc_row][vc_row][vc_column][vc_column_text] Innover dans l\u2019infrastructure de la finance durable Dans un monde o\u00f9 combler le d\u00e9ficit de financement pour atteindre les Objectifs de D\u00e9veloppement Durable (ODD) des Nations Unies reste une priorit\u00e9 mondiale, Sustainable Finance Geneva (SFG) est fi\u00e8re de soutenir SWISOX \u2014 une startup ind\u00e9pendante qui construit l\u2019infrastructure dont la finance durable a r\u00e9ellement besoin. [&hellip;]<\/p>\n","protected":false},"author":1,"featured_media":0,"parent":7799,"menu_order":0,"comment_status":"closed","ping_status":"closed","template":"template-custom-page.php","meta":{"_vp_format_video_url":"","_vp_image_focal_point":[],"footnotes":""},"class_list":["post-11183","page","type-page","status-publish","hentry"],"acf":[],"aioseo_notices":[],"_links":{"self":[{"href":"https:\/\/sfgeneva.org\/fr\/wp-json\/wp\/v2\/pages\/11183","targetHints":{"allow":["GET"]}}],"collection":[{"href":"https:\/\/sfgeneva.org\/fr\/wp-json\/wp\/v2\/pages"}],"about":[{"href":"https:\/\/sfgeneva.org\/fr\/wp-json\/wp\/v2\/types\/page"}],"author":[{"embeddable":true,"href":"https:\/\/sfgeneva.org\/fr\/wp-json\/wp\/v2\/users\/1"}],"replies":[{"embeddable":true,"href":"https:\/\/sfgeneva.org\/fr\/wp-json\/wp\/v2\/comments?post=11183"}],"version-history":[{"count":5,"href":"https:\/\/sfgeneva.org\/fr\/wp-json\/wp\/v2\/pages\/11183\/revisions"}],"predecessor-version":[{"id":11185,"href":"https:\/\/sfgeneva.org\/fr\/wp-json\/wp\/v2\/pages\/11183\/revisions\/11185"}],"up":[{"embeddable":true,"href":"https:\/\/sfgeneva.org\/fr\/wp-json\/wp\/v2\/pages\/7799"}],"wp:attachment":[{"href":"https:\/\/sfgeneva.org\/fr\/wp-json\/wp\/v2\/media?parent=11183"}],"curies":[{"name":"wp","href":"https:\/\/api.w.org\/{rel}","templated":true}]}}