{"id":7754,"date":"2021-08-30T08:32:11","date_gmt":"2021-08-30T06:32:11","guid":{"rendered":"https:\/\/sfgeneva.org\/a-propos-de-sfg\/governance\/"},"modified":"2026-02-03T11:42:46","modified_gmt":"2026-02-03T10:42:46","slug":"gouvernance","status":"publish","type":"page","link":"https:\/\/sfgeneva.org\/fr\/a-propos-de-sfg\/gouvernance\/","title":{"rendered":"Gouvernance"},"content":{"rendered":"<p>[vc_row][vc_column][vc_raw_html]JTVCU0ZHX0JBTk5FUiU1RA==[\/vc_raw_html][\/vc_column][\/vc_row][vc_row][vc_column width=&#8221;1\/2&#8243;][vc_column_text]<\/p>\n<h2>Transparence et Reddition<\/h2>\n<p><span style=\"font-weight: 400;\">La transparence est au c\u0153ur de notre gouvernance. Les organes de SFG comprennent l&#8217;\u00e9quipe de direction, le comit\u00e9 de strat\u00e9gie et de surveillance, ainsi que diverses autres commissions et groupes de projet.<\/span><\/p>\n<p>&nbsp;<\/p>\n<p><span style=\"font-weight: 400;\">Une assembl\u00e9e g\u00e9n\u00e9rale annuelle des membres est organis\u00e9e une fois par an. C&#8217;est l&#8217;occasion de passer en revue avec nos membres et de voter le budget de l&#8217;association et du CSS.<\/span>[\/vc_column_text][\/vc_column][vc_column width=&#8221;1\/2&#8243;][vc_empty_space][vc_empty_space][vc_single_image image=&#8221;11929&#8243; img_size=&#8221;medium&#8221; alignment=&#8221;center&#8221; onclick=&#8221;custom_link&#8221; img_link_target=&#8221;_blank&#8221; link=&#8221;https:\/\/sfgeneva.org\/wp-content\/uploads\/2012\/05\/2024-SFG-Rapport-dactivite-FR.pdf&#8221;][vc_empty_space][vc_btn title=&#8221;Lire le rapport&#8221; align=&#8221;center&#8221; link=&#8221;url:https%3A%2F%2Fsfgeneva.org%2Fwp-content%2Fuploads%2F2012%2F05%2F2024-SFG-Rapport-dactivite-FR.pdf|title:Read%20Report|target:_blank&#8221;][\/vc_column][\/vc_row][vc_row][vc_column][vc_column_text]<\/p>\n<h2>L&#8217;\u00e9quipe<\/h2>\n<p><span style=\"font-weight: 400;\">L&#8217;\u00e9quipe travaille chaque jour pour soutenir la communaut\u00e9 de SFG, de l&#8217;organisation d&#8217;activit\u00e9s et d&#8217;\u00e9v\u00e9nements \u00e0 la gestion des communications et des relations avec les membres.<\/span>[\/vc_column_text][\/vc_column][\/vc_row][vc_row][vc_column][vc_raw_html]JTVCU0ZHX1RFQU0lMjBpZHMlM0QlMjI0MTIyJTJDJTIwMTEzNTElMjIlNUQ=[\/vc_raw_html][\/vc_column][\/vc_row][vc_row][vc_column][vc_column_text]<\/p>\n<h2>Le comit\u00e9 de Strat\u00e9gie et de Surveillance<\/h2>\n<p><span style=\"font-weight: 400;\">Le comit\u00e9 de strat\u00e9gie et de surveillance (S&amp;SC) comprend un maximum de 15 membres. Il est charg\u00e9 de d\u00e9finir les objectifs strat\u00e9giques \u00e0 long terme de SFG et de d\u00e9terminer les initiatives \u00e0 privil\u00e9gier pour atteindre nos objectifs. Le ou la pr\u00e9sident(e) du comit\u00e9 de strat\u00e9gie et de surveillance est choisi parmi les membres du comit\u00e9 sur une base rotative et si\u00e8ge pendant un an.<\/span>[\/vc_column_text][\/vc_column][\/vc_row][vc_row][vc_column][vc_raw_html]JTVCU0ZHX1RFQU0lMjBpZHMlM0QlMjI0MTQ4JTJDJTIwMTEwMzElMkMlMjA0MTQzJTJDJTIwNDEzNiUyQyUyMDUzMDMlMkMlMjAxMjIxNiUyQyUyMDEyMjExJTJDJTIwMTIyMzYlMjIlNUQ=[\/vc_raw_html][\/vc_column][\/vc_row][vc_row][vc_column][vc_column_text]<span style=\"font-weight: 400;\">SFG est une association \u00e0 but non lucratif r\u00e9gie par l&#8217;article 60 et suivants du Code civil suisse. Son fonctionnement est r\u00e9gi par les statuts valid\u00e9s lors de l&#8217;assembl\u00e9e g\u00e9n\u00e9rale.<\/span><\/p>\n<p>&nbsp;<\/p>\n<p><span style=\"font-weight: 400;\">Retrouvez nos <a href=\"https:\/\/sfgeneva.org\/wp-content\/uploads\/2022\/12\/Statuts-SFG-2025-valide-par-AG.pdf\">statuts<\/a>, le <a href=\"https:\/\/sfgeneva.org\/wp-content\/uploads\/2022\/12\/SFG-AG-2025-PV-Signe.pdf\">proc\u00e8s-verbal<\/a> de la derni\u00e8re Assembl\u00e9e g\u00e9n\u00e9rale ainsi que nos \u00e9tat de <a href=\"https:\/\/sfgeneva.org\/wp-content\/uploads\/2012\/05\/SFG-Comptes-2024.pdf\">comptes 2024 r\u00e9vis\u00e9s<\/a>.<\/span><\/p>\n<p><span style=\"font-weight: 400;\">Vous pouvez \u00e9galement lire notre rapport annuel <a href=\"https:\/\/sfgeneva.org\/wp-content\/uploads\/2012\/05\/2024-SFG-Rapport-dactivite-FR.pdf\">ici<\/a><\/span><span style=\"font-weight: 400;\">.<\/span><\/p>\n<ul>\n<li><a href=\"https:\/\/sfgeneva.org\/wp-content\/uploads\/2022\/12\/Rapport-dActivites-2023.pdf\">2023<\/a><\/li>\n<li><a href=\"https:\/\/sfgeneva.org\/wp-content\/uploads\/2024\/10\/SFG-2022-Rapport-dactivites-.pdf\">2022<\/a><\/li>\n<li><a href=\"https:\/\/sfgeneva.org\/wp-content\/uploads\/2024\/10\/2021-SFG-Rapport-dactivites.pdf\">2021<\/a><\/li>\n<\/ul>\n<p>[\/vc_column_text][\/vc_column][\/vc_row]<\/p>\n","protected":false},"excerpt":{"rendered":"<p>[vc_row][vc_column][vc_raw_html]JTVCU0ZHX0JBTk5FUiU1RA==[\/vc_raw_html][\/vc_column][\/vc_row][vc_row][vc_column width=&#8221;1\/2&#8243;][vc_column_text] Transparence et Reddition La transparence est au c\u0153ur de notre gouvernance. Les organes de SFG comprennent l&#8217;\u00e9quipe de direction, le comit\u00e9 de strat\u00e9gie et de surveillance, ainsi que diverses autres commissions et groupes de projet. &nbsp; Une assembl\u00e9e g\u00e9n\u00e9rale annuelle des membres est organis\u00e9e une fois par an. C&#8217;est l&#8217;occasion de passer en [&hellip;]<\/p>\n","protected":false},"author":1,"featured_media":0,"parent":7742,"menu_order":0,"comment_status":"closed","ping_status":"closed","template":"template-custom-page.php","meta":{"_vp_format_video_url":"","_vp_image_focal_point":[],"footnotes":""},"class_list":["post-7754","page","type-page","status-publish","hentry"],"acf":[],"aioseo_notices":[],"_links":{"self":[{"href":"https:\/\/sfgeneva.org\/fr\/wp-json\/wp\/v2\/pages\/7754","targetHints":{"allow":["GET"]}}],"collection":[{"href":"https:\/\/sfgeneva.org\/fr\/wp-json\/wp\/v2\/pages"}],"about":[{"href":"https:\/\/sfgeneva.org\/fr\/wp-json\/wp\/v2\/types\/page"}],"author":[{"embeddable":true,"href":"https:\/\/sfgeneva.org\/fr\/wp-json\/wp\/v2\/users\/1"}],"replies":[{"embeddable":true,"href":"https:\/\/sfgeneva.org\/fr\/wp-json\/wp\/v2\/comments?post=7754"}],"version-history":[{"count":44,"href":"https:\/\/sfgeneva.org\/fr\/wp-json\/wp\/v2\/pages\/7754\/revisions"}],"predecessor-version":[{"id":12237,"href":"https:\/\/sfgeneva.org\/fr\/wp-json\/wp\/v2\/pages\/7754\/revisions\/12237"}],"up":[{"embeddable":true,"href":"https:\/\/sfgeneva.org\/fr\/wp-json\/wp\/v2\/pages\/7742"}],"wp:attachment":[{"href":"https:\/\/sfgeneva.org\/fr\/wp-json\/wp\/v2\/media?parent=7754"}],"curies":[{"name":"wp","href":"https:\/\/api.w.org\/{rel}","templated":true}]}}