{"id":7761,"date":"2021-08-27T07:13:28","date_gmt":"2021-08-27T05:13:28","guid":{"rendered":"https:\/\/sfgeneva.org\/a-propos-de-sfg\/who-we-are\/"},"modified":"2024-07-22T17:13:25","modified_gmt":"2024-07-22T15:13:25","slug":"qui-nous-sommes","status":"publish","type":"page","link":"https:\/\/sfgeneva.org\/fr\/a-propos-de-sfg\/qui-nous-sommes\/","title":{"rendered":"Mission &#038; Vision"},"content":{"rendered":"<p>[vc_row][vc_column][vc_raw_html]JTVCU0ZHX0JBTk5FUiUyMHJldnNsaWRlcl9hbGlhcyUzRCUyMnNmZy1wYWdlJTIyJTVE[\/vc_raw_html][\/vc_column][\/vc_row][vc_row][vc_column][vc_column_text]<\/p>\n<h2>SFG : Une communaut\u00e9 d\u00e9di\u00e9e \u00e0 la finance durable<\/h2>\n<p>Sustainable Finance Geneva (SFG) est une association pionni\u00e8re d\u00e9di\u00e9e \u00e0 la promotion de la finance durable sur le march\u00e9 suisse. Fond\u00e9e en 2008 \u00e0 Gen\u00e8ve, en Suisse, nous nous effor\u00e7ons d&#8217;\u00eatre le partenaire de confiance, engag\u00e9 avec l&#8217;industrie financi\u00e8re, la soci\u00e9t\u00e9 civile, les organisations internationales et les d\u00e9cideurs politiques pour fa\u00e7onner des pratiques commerciales durables et la cr\u00e9ation de valeur.<\/p>\n<p>&nbsp;<\/p>\n<p>Nous sommes une association influente en Suisse romande, qui d\u00e9finit l&#8217;agenda de l&#8217;avenir de la finance. Pour SFG, l&#8217;industrie financi\u00e8re doit \u00eatre au service de la soci\u00e9t\u00e9 : respectueuse des limites plan\u00e9taires et soucieuse de l&#8217;impact soci\u00e9tal \u00a0de ses activit\u00e9s. Des mesures doivent \u00eatre prises \u00e0 tous les niveaux de l&#8217;industrie pour s&#8217;aligner sur l&#8217;<a href=\"https:\/\/sdgs.un.org\/2030agenda\">Agenda 2030<\/a> et ses 17 Objectifs de D\u00e9veloppement Durable de l\u2019ONU.[\/vc_column_text]<a href=\"https:\/\/sfgeneva.org\/fr\/membres-partenaires\/devenez-membre\/\" class=\"vlthemes_custom_69e11eff3a368   vlt-btn vlt-btn--primary vlt-btn--md vlt-btn--rounded\" ><span>Rejoindre la communaut\u00e9 SFG<\/span><\/a>[\/vc_column][\/vc_row][vc_row full_width=&#8221;stretch_row&#8221; content_placement=&#8221;middle&#8221; css=&#8221;.vc_custom_1629719468535{margin-top: 60px !important;border-top-width: 1px !important;border-bottom-width: 1px !important;background-color: #f8f8f8 !important;border-top-color: #eeeeee !important;border-top-style: solid !important;border-bottom-color: #eeeeee !important;border-bottom-style: solid !important;}&#8221; el_class=&#8221;vlt-single-quote&#8221;][vc_column width=&#8221;1\/12&#8243; offset=&#8221;vc_hidden-xs&#8221;][\/vc_column][vc_column width=&#8221;1\/3&#8243;][vc_single_image image=&#8221;10140&#8243; img_size=&#8221;large&#8221;][\/vc_column][vc_column width=&#8221;1\/12&#8243; el_class=&#8221;sfg-quote&#8221; offset=&#8221;vc_hidden-xs&#8221;][\/vc_column][vc_column width=&#8221;1\/2&#8243;]<div class=\"ult-spacer spacer-69e11eff3a45d\" data-id=\"69e11eff3a45d\" data-height=\"50\" data-height-mobile=\"15\" data-height-tab=\"40\" data-height-tab-portrait=\"30\" data-height-mobile-landscape=\"15\" style=\"clear:both;display:block;\"><\/div>[vc_custom_heading text=&#8221;\u00ab Il n&#8217;y a pas de meilleur endroit que Gen\u00e8ve pour construire le syst\u00e8me financier de demain. Nous disposons d&#8217;une place financi\u00e8re de classe mondiale, de l&#8217;un des plus grands centres multilat\u00e9raux du monde et de centaines de personnes passionn\u00e9es par le travail en commun pour trouver des solutions \u00bb.&#8221; font_container=&#8221;tag:p|font_size:21px|text_align:left|color:%23191919|line_height:1.5&#8243; google_fonts=&#8221;font_family:Playfair%20Display%3Aregular%2Citalic%2C700%2C700italic%2C900%2C900italic|font_style:700%20bold%20italic%3A700%3Aitalic&#8221; el_class=&#8221;the-quote&#8221;]<div class=\"ult-spacer spacer-69e11eff3a4a4\" data-id=\"69e11eff3a4a4\" data-height=\"10\" data-height-mobile=\"10\" data-height-tab=\"10\" data-height-tab-portrait=\"\" data-height-mobile-landscape=\"\" style=\"clear:both;display:block;\"><\/div><div id=\"ultimate-heading-438569e11eff3a512\" class=\"uvc-heading ult-adjust-bottom-margin ultimate-heading-438569e11eff3a512 uvc-4053 the-author\" data-hspacer=\"no_spacer\"  data-halign=\"left\" style=\"text-align:left\"><div class=\"uvc-heading-spacer no_spacer\" style=\"top\"><\/div><div class=\"uvc-main-heading ult-responsive\"  data-ultimate-target='.uvc-heading.ultimate-heading-438569e11eff3a512 h5'  data-responsive-json-new='{\"font-size\":\"desktop:16px;\",\"line-height\":\"\"}' ><h5 style=\"font-weight:normal;\">\u2014 Kali Taylor<\/h5><\/div><div class=\"uvc-sub-heading ult-responsive\"  data-ultimate-target='.uvc-heading.ultimate-heading-438569e11eff3a512 .uvc-sub-heading '  data-responsive-json-new='{\"font-size\":\"desktop:14px;\",\"line-height\":\"\"}'  style=\"font-weight:normal;margin-top:10px;\">Directrice, Sustainable Finance Geneva<\/div><\/div><div class=\"ult-spacer spacer-69e11eff3a574\" data-id=\"69e11eff3a574\" data-height=\"60\" data-height-mobile=\"60\" data-height-tab=\"60\" data-height-tab-portrait=\"\" data-height-mobile-landscape=\"\" style=\"clear:both;display:block;\"><\/div>[\/vc_column][\/vc_row][vc_row][vc_column width=&#8221;1\/2&#8243;][vc_column_text]<\/p>\n<h2>Mission<\/h2>\n<p><span style=\"font-weight: 400;\">Notre mission est d&#8217;agir comme <strong>un catalyseur pour que l&#8217;\u00e9cosyst\u00e8me financier adopte des pratiques durables et innovantes en mati\u00e8re d&#8217;investissements<\/strong>.\u00a0<\/span>[\/vc_column_text][\/vc_column][vc_column width=&#8221;1\/2&#8243;][vc_column_text]<\/p>\n<h2>Vision<\/h2>\n<p><span style=\"font-weight: 400;\">La vision de SFG est celle d\u2019une <strong>l&#8217;industrie financi\u00e8re \u00e0 Gen\u00e8ve et en Suisse qui sera pleinement mobilis\u00e9e pour financer <a href=\"https:\/\/sdgs.un.org\/fr\/2030agenda\">l&#8217;Agenda 2030<\/a>,\u00a0<\/strong>pla\u00e7ant ainsi Gen\u00e8ve et la Suisse comme des centres financiers leaders dans le monde en termes de finance durable.<\/span>[\/vc_column_text][\/vc_column][\/vc_row]<\/p>\n","protected":false},"excerpt":{"rendered":"<p>[vc_row][vc_column][vc_raw_html]JTVCU0ZHX0JBTk5FUiUyMHJldnNsaWRlcl9hbGlhcyUzRCUyMnNmZy1wYWdlJTIyJTVE[\/vc_raw_html][\/vc_column][\/vc_row][vc_row][vc_column][vc_column_text] SFG : Une communaut\u00e9 d\u00e9di\u00e9e \u00e0 la finance durable Sustainable Finance Geneva (SFG) est une association pionni\u00e8re d\u00e9di\u00e9e \u00e0 la promotion de la finance durable sur le march\u00e9 suisse. Fond\u00e9e en 2008 \u00e0 Gen\u00e8ve, en Suisse, nous nous effor\u00e7ons d&#8217;\u00eatre le partenaire de confiance, engag\u00e9 avec l&#8217;industrie financi\u00e8re, la soci\u00e9t\u00e9 civile, les organisations internationales [&hellip;]<\/p>\n","protected":false},"author":1,"featured_media":0,"parent":7742,"menu_order":0,"comment_status":"closed","ping_status":"closed","template":"template-custom-page.php","meta":{"_vp_format_video_url":"","_vp_image_focal_point":[],"footnotes":""},"class_list":["post-7761","page","type-page","status-publish","hentry"],"acf":[],"aioseo_notices":[],"_links":{"self":[{"href":"https:\/\/sfgeneva.org\/fr\/wp-json\/wp\/v2\/pages\/7761","targetHints":{"allow":["GET"]}}],"collection":[{"href":"https:\/\/sfgeneva.org\/fr\/wp-json\/wp\/v2\/pages"}],"about":[{"href":"https:\/\/sfgeneva.org\/fr\/wp-json\/wp\/v2\/types\/page"}],"author":[{"embeddable":true,"href":"https:\/\/sfgeneva.org\/fr\/wp-json\/wp\/v2\/users\/1"}],"replies":[{"embeddable":true,"href":"https:\/\/sfgeneva.org\/fr\/wp-json\/wp\/v2\/comments?post=7761"}],"version-history":[{"count":16,"href":"https:\/\/sfgeneva.org\/fr\/wp-json\/wp\/v2\/pages\/7761\/revisions"}],"predecessor-version":[{"id":11094,"href":"https:\/\/sfgeneva.org\/fr\/wp-json\/wp\/v2\/pages\/7761\/revisions\/11094"}],"up":[{"embeddable":true,"href":"https:\/\/sfgeneva.org\/fr\/wp-json\/wp\/v2\/pages\/7742"}],"wp:attachment":[{"href":"https:\/\/sfgeneva.org\/fr\/wp-json\/wp\/v2\/media?parent=7761"}],"curies":[{"name":"wp","href":"https:\/\/api.w.org\/{rel}","templated":true}]}}