{"id":7766,"date":"2021-08-17T10:08:59","date_gmt":"2021-08-17T08:08:59","guid":{"rendered":"https:\/\/sfgeneva.org\/the-homepage\/"},"modified":"2025-02-25T06:58:44","modified_gmt":"2025-02-25T05:58:44","slug":"the-homepage","status":"publish","type":"page","link":"https:\/\/sfgeneva.org\/fr\/","title":{"rendered":"Accueil"},"content":{"rendered":"<p>[vc_row][vc_column][vc_raw_html]JTVCU0ZHX0JBTk5FUiU1RA==[\/vc_raw_html][vc_column_text]<\/p>\n<h3 style=\"margin-bottom: 30px;\">Quoi de neuf \u00e0 SFG? <a href=\"https:\/\/sfgeneva.org\/fr\/news-agenda\/salle-de-presse\/\">voir toutes les nouvelles<\/a><\/h3>\n<div id=\"sfg-carousel\">\n\t\t\t<div class=\"inner\">\n\t\t\t\t\t\t\t\t\t<a href=\"https:\/\/sfgeneva.org\/fr\/interview-du-mois-adrian-ackeret\/\" style=\"background-image:url(https:\/\/sfgeneva.org\/wp-content\/uploads\/2026\/02\/176-768x768.png);\">\n\t\t\t\t\t\t<img loading=\"lazy\" decoding=\"async\" src=\"https:\/\/sfgeneva.org\/wp-content\/themes\/norwood-child\/img\/post-square.png\" class=\"square\" width=\"10\" height=\"10\">\n\t\t\t\t\t\t<div class=\"details\">\n\t\t\t\t\t\t\t<div class=\"title\">\t\t\t\t\t\t\t\t\n\t\t\t\t\t\t\t\tInterview du mois: Adrian Ackeret\t\t\t\t\t\t\t<\/div>\n\t\t\t\t\t\t\t<div class=\"cat-date\">\n\t\t\t\t\t\t\t\tNews\t\t\t\t\t\t\t\t\/\n\t\t\t\t\t\t\t\t4 f\u00e9vrier 2026\t\t\t\t\t\t\t<\/div>\n\t\t\t\t\t\t<\/div>\t\n\t\t\t\t\t<\/a>\n\t\t\t\t\t\t\t\t\t<a href=\"https:\/\/sfgeneva.org\/fr\/reflexion-2026\/\" style=\"background-image:url(https:\/\/sfgeneva.org\/wp-content\/uploads\/2026\/01\/Reflexion2026-768x768.png);\">\n\t\t\t\t\t\t<img loading=\"lazy\" decoding=\"async\" src=\"https:\/\/sfgeneva.org\/wp-content\/themes\/norwood-child\/img\/post-square.png\" class=\"square\" width=\"10\" height=\"10\">\n\t\t\t\t\t\t<div class=\"details\">\n\t\t\t\t\t\t\t<div class=\"title\">\t\t\t\t\t\t\t\t\n\t\t\t\t\t\t\t\tR\u00e9flexion 2026\t\t\t\t\t\t\t<\/div>\n\t\t\t\t\t\t\t<div class=\"cat-date\">\n\t\t\t\t\t\t\t\tNews\t\t\t\t\t\t\t\t\/\n\t\t\t\t\t\t\t\t15 janvier 2026\t\t\t\t\t\t\t<\/div>\n\t\t\t\t\t\t<\/div>\t\n\t\t\t\t\t<\/a>\n\t\t\t\t\t\t\t\t\t<a href=\"https:\/\/sfgeneva.org\/fr\/interview-du-mois-rhian-mari-thomas\/\" style=\"background-image:url(https:\/\/sfgeneva.org\/wp-content\/uploads\/2025\/11\/IOTMTHOMASFR-768x768.png);\">\n\t\t\t\t\t\t<img loading=\"lazy\" decoding=\"async\" src=\"https:\/\/sfgeneva.org\/wp-content\/themes\/norwood-child\/img\/post-square.png\" class=\"square\" width=\"10\" height=\"10\">\n\t\t\t\t\t\t<div class=\"details\">\n\t\t\t\t\t\t\t<div class=\"title\">\t\t\t\t\t\t\t\t\n\t\t\t\t\t\t\t\tInterview du mois : Rhian-Mari Thomas\t\t\t\t\t\t\t<\/div>\n\t\t\t\t\t\t\t<div class=\"cat-date\">\n\t\t\t\t\t\t\t\tNews\t\t\t\t\t\t\t\t\/\n\t\t\t\t\t\t\t\t3 d\u00e9cembre 2025\t\t\t\t\t\t\t<\/div>\n\t\t\t\t\t\t<\/div>\t\n\t\t\t\t\t<\/a>\n\t\t\t\t\t\t\t\t\t<a href=\"https:\/\/sfgeneva.org\/fr\/interview-du-mois-nili-gilbert-2\/\" style=\"background-image:url(https:\/\/sfgeneva.org\/wp-content\/uploads\/2025\/11\/IdumoisNILI-768x768.png);\">\n\t\t\t\t\t\t<img loading=\"lazy\" decoding=\"async\" src=\"https:\/\/sfgeneva.org\/wp-content\/themes\/norwood-child\/img\/post-square.png\" class=\"square\" width=\"10\" height=\"10\">\n\t\t\t\t\t\t<div class=\"details\">\n\t\t\t\t\t\t\t<div class=\"title\">\t\t\t\t\t\t\t\t\n\t\t\t\t\t\t\t\tInterview du mois: Nili Gilbert\t\t\t\t\t\t\t<\/div>\n\t\t\t\t\t\t\t<div class=\"cat-date\">\n\t\t\t\t\t\t\t\tNews\t\t\t\t\t\t\t\t\/\n\t\t\t\t\t\t\t\t6 novembre 2025\t\t\t\t\t\t\t<\/div>\n\t\t\t\t\t\t<\/div>\t\n\t\t\t\t\t<\/a>\n\t\t\t\t\t\t\t\t\t<a href=\"https:\/\/sfgeneva.org\/fr\/interview-du-mois-rosa-sangiorgio\/\" style=\"background-image:url(https:\/\/sfgeneva.org\/wp-content\/uploads\/2025\/10\/Template-for-SFG-Website-Square-2-768x768.png);\">\n\t\t\t\t\t\t<img loading=\"lazy\" decoding=\"async\" src=\"https:\/\/sfgeneva.org\/wp-content\/themes\/norwood-child\/img\/post-square.png\" class=\"square\" width=\"10\" height=\"10\">\n\t\t\t\t\t\t<div class=\"details\">\n\t\t\t\t\t\t\t<div class=\"title\">\t\t\t\t\t\t\t\t\n\t\t\t\t\t\t\t\tInterview du mois: Rosa Sangiorgio\t\t\t\t\t\t\t<\/div>\n\t\t\t\t\t\t\t<div class=\"cat-date\">\n\t\t\t\t\t\t\t\tNews\t\t\t\t\t\t\t\t\/\n\t\t\t\t\t\t\t\t8 octobre 2025\t\t\t\t\t\t\t<\/div>\n\t\t\t\t\t\t<\/div>\t\n\t\t\t\t\t<\/a>\n\t\t\t\t\t\t\t\t\t<a href=\"https:\/\/sfgeneva.org\/fr\/interview-du-mois-peggy-lefort\/\" style=\"background-image:url(https:\/\/sfgeneva.org\/wp-content\/uploads\/2025\/09\/169-768x768.png);\">\n\t\t\t\t\t\t<img loading=\"lazy\" decoding=\"async\" src=\"https:\/\/sfgeneva.org\/wp-content\/themes\/norwood-child\/img\/post-square.png\" class=\"square\" width=\"10\" height=\"10\">\n\t\t\t\t\t\t<div class=\"details\">\n\t\t\t\t\t\t\t<div class=\"title\">\t\t\t\t\t\t\t\t\n\t\t\t\t\t\t\t\tInterview du Mois : Peggy Lefort\t\t\t\t\t\t\t<\/div>\n\t\t\t\t\t\t\t<div class=\"cat-date\">\n\t\t\t\t\t\t\t\tNews\t\t\t\t\t\t\t\t\/\n\t\t\t\t\t\t\t\t9 septembre 2025\t\t\t\t\t\t\t<\/div>\n\t\t\t\t\t\t<\/div>\t\n\t\t\t\t\t<\/a>\n\t\t\t\t\t\t\t<\/div>\n\t\t<\/div>\n\t\t[\/vc_column_text][vc_empty_space height=&#8221;16px&#8221;][vc_column_text]\t\t<div>\n\t\t\t<h3>\n\t\t\t\t\u00c9v\u00e9nements \u00e0 venir\t\t\t\t<a href=\"https:\/\/sfgeneva.org\/news\/events\/\">\n\t\t\t\t\tvoir tous les \u00e9v\u00e9nements\t\t\t\t<\/a>\n\t\t\t<\/h3>\n\t\t\t<div class=\"sfg-home-events\">\n\t\t\t\t\t\t\t\t\t\n\t\t\t\t\t<a class=\"event\" href=\"https:\/\/sfg.glueup.com\/event\/sfg-run-club-session-davril-176823\" target=\"_blank\">\n\t\t\t\t\t\t<div class=\"event-thumbnail\" style=\"background-image:url(https:\/\/sfg.glueup.com\/templates\/event\/webinar\/images\/banner.jpg);\"><\/div>\n\t\t\t\t\t\t<div>\n\t\t\t\t\t\t\t<div class=\"event-title\">SFG Run Club - Session d'Avril<\/div>\n\t\t\t\t\t\t\t<div class=\"event-date\">Avr. 23, 2026 (7:00 AM - 8:30 AM) (GMT+2)<\/div>\n\t\t\t\t\t\t\t<div class=\"event-place\">Suisse<\/div>\n\t\t\t\t\t\t<\/div>\n\t\t\t\t\t<\/a>\n\t\t\t\t\n\t\t\t\t\t\t\t\t\t\n\t\t\t\t\t<a class=\"event\" href=\"https:\/\/sfg.glueup.com\/event\/tools-session-double-materiality-assessment-176998\" target=\"_blank\">\n\t\t\t\t\t\t<div class=\"event-thumbnail\" style=\"background-image:url(https:\/\/sfg.glueup.com\/templates\/event\/webinar\/images\/banner.jpg);\"><\/div>\n\t\t\t\t\t\t<div>\n\t\t\t\t\t\t\t<div class=\"event-title\">Tools Session: Double Materiality Assessment<\/div>\n\t\t\t\t\t\t\t<div class=\"event-date\">Avr. 28, 2026 (5:30 PM - 7:00 PM) (GMT+2)<\/div>\n\t\t\t\t\t\t\t<div class=\"event-place\">Gen\u00e8ve Switzerland<\/div>\n\t\t\t\t\t\t<\/div>\n\t\t\t\t\t<\/a>\n\t\t\t\t\n\t\t\t\t\t\t\t<\/div>\n\t\t<\/div>\n\t\t<style type=\"text\/css\">\n\t\t\t.sfg-home-events {display:flex; margin-top:30px;}\n\t\t\t.sfg-home-events a.event {\n\t\t\t\tdisplay:flex;\n\t\t\t\twidth:calc(33% - 20px); margin-right:20px;\n\t\t\t\ttext-decoration:none !important;\n\t\t\t\tline-height:1.25em;\n\t\t\t}\n\t\t\t.sfg-home-events a.event:hover {background:#F5F5F5;}\n\t\t\t.sfg-home-events .event-thumbnail {\n\t\t\t\tflex: 0 0 82px; height:82px; margin-right:12px;\n\t\t\t\tbackground-size:cover;\n\t\t\t\tbackground-position:left center;\n\t\t\t}\n\t\t\t.sfg-home-events .event-title {text-transform:uppercase; font-size:15.5px; font-weight:700;}\n\t\t\t.sfg-home-events .event-date,\n\t\t\t.sfg-home-events .event-place {font-size:13px; color:black;}\n\t\t\t@media screen and (max-width:1100px) {\n\t\t\t\t.sfg-home-events {flex-direction:column;}\n\t\t\t\t.sfg-home-events a.event {width:100%; margin-right:0; margin-bottom:15px;}\n\t\t\t}\n\t\t<\/style>\n\t\t[\/vc_column_text][\/vc_column][\/vc_row][vc_row][vc_column][vc_column_text]<\/p>\n<h2>SFG : Une communaut\u00e9 active qui construit le syst\u00e8me financier du futur<\/h2>\n<p>Sustainable Finance Geneva (SFG) est une association pionni\u00e8re d\u00e9di\u00e9e \u00e0 la promotion de la finance durable sur le march\u00e9 suisse. Fond\u00e9e en 2008 \u00e0 Gen\u00e8ve, en Suisse, nous sommes un r\u00e9seau de plus de 400 professionnels et de plus de 50 institutions qui s&#8217;engagent \u00e0 construire le syst\u00e8me financier du futur &#8211; un syst\u00e8me qui r\u00e9pond aux besoins des personnes et qui respecte la plan\u00e8te.[\/vc_column_text]<a href=\"https:\/\/sfgeneva.org\/fr\/membres-partenaires\/devenez-membre\/\" class=\"vlthemes_custom_69df036e25dcb   vlt-btn vlt-btn--primary vlt-btn--md vlt-btn--rounded\" ><span>Devenir membre<\/span><\/a>[\/vc_column][\/vc_row][vc_row full_width=&#8221;stretch_row&#8221; content_placement=&#8221;middle&#8221; css=&#8221;.vc_custom_1629719468535{margin-top: 60px !important;border-top-width: 1px !important;border-bottom-width: 1px !important;background-color: #f8f8f8 !important;border-top-color: #eeeeee !important;border-top-style: solid !important;border-bottom-color: #eeeeee !important;border-bottom-style: solid !important;}&#8221; el_class=&#8221;vlt-single-quote&#8221;][vc_column width=&#8221;1\/12&#8243; offset=&#8221;vc_hidden-xs&#8221;][\/vc_column][vc_column width=&#8221;1\/3&#8243;][vc_single_image image=&#8221;7514&#8243; img_size=&#8221;full&#8221; css=&#8221;.vc_custom_1704909396233{margin-right: 60px !important;margin-bottom: 0px !important;}&#8221;][\/vc_column][vc_column width=&#8221;1\/12&#8243; el_class=&#8221;sfg-quote&#8221; offset=&#8221;vc_hidden-xs&#8221;][\/vc_column][vc_column width=&#8221;1\/2&#8243;]<div class=\"ult-spacer spacer-69df036e25f25\" data-id=\"69df036e25f25\" data-height=\"50\" data-height-mobile=\"15\" data-height-tab=\"40\" data-height-tab-portrait=\"30\" data-height-mobile-landscape=\"15\" style=\"clear:both;display:block;\"><\/div>[vc_custom_heading text=&#8221;\u00ab Au fur et \u00e0 mesure que la prise de conscience de notre d\u00e9pendance \u00e0 l&#8217;\u00e9gard des syst\u00e8mes naturels augmente, notre capacit\u00e9 \u00e0 trouver des solutions augmentera \u00e9galement. Je suis convaincue que nous arriverons \u00e0 effectuer la transition vers un syst\u00e8me financier durable \u00bb.&#8221; font_container=&#8221;tag:p|font_size:21px|text_align:left|color:%23191919|line_height:1.5&#8243; google_fonts=&#8221;font_family:Playfair%20Display%3Aregular%2Citalic%2C700%2C700italic%2C900%2C900italic|font_style:700%20bold%20italic%3A700%3Aitalic&#8221; el_class=&#8221;the-quote&#8221;]<div class=\"ult-spacer spacer-69df036e25fa3\" data-id=\"69df036e25fa3\" data-height=\"10\" data-height-mobile=\"10\" data-height-tab=\"10\" data-height-tab-portrait=\"\" data-height-mobile-landscape=\"\" style=\"clear:both;display:block;\"><\/div><div id=\"ultimate-heading-943769df036e2603d\" class=\"uvc-heading ult-adjust-bottom-margin ultimate-heading-943769df036e2603d uvc-3452 the-author\" data-hspacer=\"no_spacer\"  data-halign=\"left\" style=\"text-align:left\"><div class=\"uvc-heading-spacer no_spacer\" style=\"top\"><\/div><div class=\"uvc-main-heading ult-responsive\"  data-ultimate-target='.uvc-heading.ultimate-heading-943769df036e2603d h5'  data-responsive-json-new='{\"font-size\":\"desktop:16px;\",\"line-height\":\"\"}' ><h5 style=\"font-weight:normal;\">\u2014 Marie-Laure Schaufelberger<\/h5><\/div><div class=\"uvc-sub-heading ult-responsive\"  data-ultimate-target='.uvc-heading.ultimate-heading-943769df036e2603d .uvc-sub-heading '  data-responsive-json-new='{\"font-size\":\"desktop:14px;\",\"line-height\":\"\"}'  style=\"font-weight:normal;margin-top:10px;\">Pr\u00e9sidente, Sustainable Finance Geneva<\/div><\/div><div class=\"ult-spacer spacer-69df036e260e7\" data-id=\"69df036e260e7\" data-height=\"60\" data-height-mobile=\"60\" data-height-tab=\"60\" data-height-tab-portrait=\"\" data-height-mobile-landscape=\"\" style=\"clear:both;display:block;\"><\/div>[\/vc_column][\/vc_row][vc_row equal_height=&#8221;yes&#8221; content_placement=&#8221;middle&#8221;][vc_column width=&#8221;1\/2&#8243; css=&#8221;.vc_custom_1629723353568{padding-top: 0px !important;padding-right: 45px !important;padding-bottom: 0px !important;}&#8221;][vc_column_text css=&#8221;.vc_custom_1706027551924{margin-bottom: 0px !important;}&#8221;]<\/p>\n<h2>Gen\u00e8ve : Un \u00e9cosyst\u00e8me unique pr\u00eat \u00e0 changer le monde<\/h2>\n<p>Gen\u00e8ve est particuli\u00e8rement bien plac\u00e9e pour relever les d\u00e9fis urgents exprim\u00e9s dans les Objectifs de d\u00e9veloppement durable (ODD) des Nations Unies, gr\u00e2ce \u00e0 son \u00e9cosyst\u00e8me unique : un centre financier mondial, combin\u00e9 \u00e0 un p\u00f4le de diplomatie multilat\u00e9rale, \u00e0 des institutions acad\u00e9miques renomm\u00e9es au niveau mondial et \u00e0 des l\u00e9gislateurs avant-gardistes.<\/p>\n<p>Cette diversit\u00e9 unique d&#8217;acteurs constitue un \u00e9cosyst\u00e8me exceptionnellement riche, d\u00e9termin\u00e9 \u00e0 faire de la finance durable un pilier central de la croissance des entreprises, de la gestion de patrimoine et de la gestion d&#8217;actifs institutionnels.[\/vc_column_text][vc_row_inner][vc_column_inner]<div class=\"ult-spacer spacer-69df036e26150\" data-id=\"69df036e26150\" data-height=\"40\" data-height-mobile=\"40\" data-height-tab=\"40\" data-height-tab-portrait=\"\" data-height-mobile-landscape=\"\" style=\"clear:both;display:block;\"><\/div>[\/vc_column_inner][vc_column_inner]<a href=\"https:\/\/sfgeneva.org\/fr\/ressources\/carte\/\" title=\"La carte de l\u2019\u00e9cosyst\u00e8me de la finance durable genevois\" class=\"vlthemes_custom_69df036e261bc   vlt-btn vlt-btn--primary vlt-btn--md vlt-btn--rounded\" ><span>Explorez la carte de l'\u00e9cosyst\u00e8me genevois<\/span><\/a>[\/vc_column_inner][\/vc_row_inner][\/vc_column][vc_column width=&#8221;1\/2&#8243;][vc_single_image image=&#8221;9540&#8243; img_size=&#8221;full&#8221; onclick=&#8221;custom_link&#8221; link=&#8221;https:\/\/sfgeneva.org\/fr\/carte\/?ciP=%2Fdepots%2Fsfgeneva%2Frelation_maps%2F8b08&amp;ciR=embedding_url%3Dhttps%253A%252F%252Fsfgeneva.org%252Ffr%252Fcarte%252F&#8221;][\/vc_column][\/vc_row][vc_row equal_height=&#8221;yes&#8221; content_placement=&#8221;middle&#8221;][vc_column][vc_separator][vc_column_text]<\/p>\n<h2><strong>Que faisons-nous?\u00a0<\/strong><\/h2>\n<p>Nous servons nos membres et la communaut\u00e9 genevoise en mettant en \u0153uvre des pratiques durables dans l&#8217;industrie financi\u00e8re. Notre strat\u00e9gie repose sur trois piliers principaux :<\/p>\n<p>[\/vc_column_text][\/vc_column][\/vc_row][vc_row][vc_column width=&#8221;1\/3&#8243;][vc_column_text]<\/p>\n<h2><strong>Renforcer les liens<\/strong><\/h2>\n<p><strong>Nous renfor\u00e7ons les liens entre les acteurs de la finance durable dans l&#8217;\u00e9cosyst\u00e8me genevois et au-del\u00e0.<\/strong><br \/>\nGr\u00e2ce \u00e0 nos <a href=\"https:\/\/sfgeneva.org\/fr\/news-agenda\/evenements\/\">\u00e9v\u00e9nements<\/a>, nous cr\u00e9ons des moments significatifs pour que les diff\u00e9rents acteurs se connectent et \u00e9changent. En outre, nous fournissons des outils tels que notre <a href=\"https:\/\/sfgeneva.org\/fr\/carte\/?ciP=depots%2Fsfgeneva%2Frelation_maps%2F8b08&amp;ciR=embedding_url%3Dhttps%253A%252F%252Fsfgeneva.org%252Ffr%252Fcarte%252F\">carte de l&#8217;\u00e9cosyst\u00e8me<\/a> qui aide les individus et les institutions \u00e0 naviguer dans l&#8217;\u00e9cosyst\u00e8me et \u00e0 construire leurs propres r\u00e9seaux.[\/vc_column_text][\/vc_column][vc_column width=&#8221;1\/3&#8243;][vc_column_text]<\/p>\n<h2><strong>Habiliter les individus<\/strong><\/h2>\n<p><strong>Nous donnons aux individus les moyens d&#8217;agir en faveur de la finance durable dans leurs propres institutions et dans leurs sph\u00e8res d&#8217;influence.<\/strong><br \/>\nNous offrons \u00e9galement une plateforme de dialogue et de discussion, en accueillant des points de vue et des id\u00e9es diverses sur les solutions de finance durable.[\/vc_column_text][\/vc_column][vc_column width=&#8221;1\/3&#8243;][vc_column_text]<\/p>\n<h2><strong>Int\u00e9gration de l&#8217;impact<\/strong><\/h2>\n<p><strong>Nous int\u00e9grons l&#8217;impact en sensibilisant, en favorisant le partage des connaissances, la cr\u00e9ation et l&#8217;incubation de projets.<\/strong><br \/>\nNous mettons de nouveaux <a href=\"https:\/\/sfgeneva.org\/fr\/themes-dimpact\/\">th\u00e8mes d&#8217;impact<\/a> &#8220;sur la carte&#8221; en fournissant aux investisseurs et aux acteurs financiers des connaissances cibl\u00e9es et exploitables. Nous rassemblons \u00e9galement des acteurs cl\u00e9s ayant des perspectives diff\u00e9rentes afin de co-cr\u00e9er des actions visant \u00e0 faire progresser l&#8217;impact.[\/vc_column_text][\/vc_column][\/vc_row]<\/p>\n","protected":false},"excerpt":{"rendered":"<p>[vc_row][vc_column][vc_raw_html]JTVCU0ZHX0JBTk5FUiU1RA==[\/vc_raw_html][vc_column_text] Quoi de neuf \u00e0 SFG? voir toutes les nouvelles [\/vc_column_text][vc_empty_space height=&#8221;16px&#8221;][vc_column_text][\/vc_column_text][\/vc_column][\/vc_row][vc_row][vc_column][vc_column_text] SFG : Une communaut\u00e9 active qui construit le syst\u00e8me financier du futur Sustainable Finance Geneva (SFG) est une association pionni\u00e8re d\u00e9di\u00e9e \u00e0 la promotion de la finance durable sur le march\u00e9 suisse. Fond\u00e9e en 2008 \u00e0 Gen\u00e8ve, en Suisse, nous sommes un r\u00e9seau [&hellip;]<\/p>\n","protected":false},"author":1,"featured_media":0,"parent":0,"menu_order":0,"comment_status":"closed","ping_status":"closed","template":"template-custom-page.php","meta":{"_vp_format_video_url":"","_vp_image_focal_point":[],"footnotes":""},"class_list":["post-7766","page","type-page","status-publish","hentry"],"acf":[],"aioseo_notices":[],"_links":{"self":[{"href":"https:\/\/sfgeneva.org\/fr\/wp-json\/wp\/v2\/pages\/7766","targetHints":{"allow":["GET"]}}],"collection":[{"href":"https:\/\/sfgeneva.org\/fr\/wp-json\/wp\/v2\/pages"}],"about":[{"href":"https:\/\/sfgeneva.org\/fr\/wp-json\/wp\/v2\/types\/page"}],"author":[{"embeddable":true,"href":"https:\/\/sfgeneva.org\/fr\/wp-json\/wp\/v2\/users\/1"}],"replies":[{"embeddable":true,"href":"https:\/\/sfgeneva.org\/fr\/wp-json\/wp\/v2\/comments?post=7766"}],"version-history":[{"count":25,"href":"https:\/\/sfgeneva.org\/fr\/wp-json\/wp\/v2\/pages\/7766\/revisions"}],"predecessor-version":[{"id":7767,"href":"https:\/\/sfgeneva.org\/fr\/wp-json\/wp\/v2\/pages\/7766\/revisions\/7767"}],"wp:attachment":[{"href":"https:\/\/sfgeneva.org\/fr\/wp-json\/wp\/v2\/media?parent=7766"}],"curies":[{"name":"wp","href":"https:\/\/api.w.org\/{rel}","templated":true}]}}