{"id":7770,"date":"2021-09-15T09:19:08","date_gmt":"2021-09-15T07:19:08","guid":{"rendered":"https:\/\/sfgeneva.org\/events\/"},"modified":"2025-02-21T13:03:07","modified_gmt":"2025-02-21T12:03:07","slug":"evenements","status":"publish","type":"page","link":"https:\/\/sfgeneva.org\/fr\/news-agenda\/evenements\/","title":{"rendered":"\u00c9v\u00e9nements"},"content":{"rendered":"<p>[vc_row][vc_column][vc_raw_html]JTVCU0ZHX0JBTk5FUiU1RA==[\/vc_raw_html][\/vc_column][\/vc_row][vc_row][vc_column][vc_column_text]<\/p>\n<h2>\u00c9v\u00e9nements<\/h2>\n<p>&nbsp;<\/p>\n<p><span style=\"font-weight: 400;\">D\u00e9couvrez les \u00e9v\u00e9nements de SFG o\u00f9 les diff\u00e9rents acteurs de l&#8217;\u00e9cosyst\u00e8me financier genevois se rencontrent et \u00e9changent sur les questions li\u00e9es \u00e0 la finance durable<\/span><\/p>\n<p>&nbsp;<\/p>\n<p><span style=\"font-weight: 400;\"><a href=\"https:\/\/voxia.ch\/evenements-voxia\/gfsi-geneva-forum-for-sustainable-investment\/\">GFSI<\/a> , <a href=\"https:\/\/gssf.ch\/\">GSSF<\/a> et <a href=\"https:\/\/sfgeneva.org\/what-we-do\/building-bridges\/\">Building Bridges<\/a> sont des \u00e9v\u00e9nements annuels qui permettent de sensibiliser et de dynamiser le secteur de la finance durable dans la r\u00e9gion. Depuis 2021, SFG s&#8217;associe \u00e9galement \u00e0 <a href=\"http:\/\/positivefinancenetwork.com\/\">Positive Finance Network<\/a> pour organiser des \u00e9v\u00e9nements Meet &amp; Connect o\u00f9 les acteurs du secteur se rencontrent apr\u00e8s le travail dans une atmosph\u00e8re conviviale pour \u00e9changer des id\u00e9es sur la finance durable.<\/span>[\/vc_column_text][\/vc_column][\/vc_row][vc_row][vc_column][vc_raw_html]JTVCc2ZnX2dsdWV1cF9pZnJhbWUlMjB3aWRnZXQlM0QlMjJldmVudF9saXN0X2Z1bGwlMjIlNUQ=[\/vc_raw_html][\/vc_column][\/vc_row][vc_row][vc_column]<div class=\"vlthemes_custom_69df17518d129   vlt-content-slider\"><div class=\"owl-carousel owl-theme\"><div class=\"vlthemes_custom_69df17518d270   vlt-single-image\"><ul class=\"vlt-single-image__buttons\"\"><li><a class=\"image-link\" href=\"https:\/\/sfgeneva.org\/wp-content\/uploads\/2012\/05\/sept_212-1920x1440.jpg\" title=\"\"><i class=\"fa fa-expand\"><\/i><\/a><\/li><li><a target=\"_blank\" href=\"http:\/\/pinterest.com\/pin\/create\/bookmarklet\/?media=https:\/\/sfgeneva.org\/wp-content\/uploads\/2012\/05\/sept_212-1920x1440.jpg&url=https%3A%2F%2Fsfgeneva.org%2Ffr%2Fnews-agenda%2Fevenements%2F&is_video=false&description=%C3%89v%C3%A9nements\"><i class=\"fa fa-pinterest-p\"><\/i><\/a><\/li><\/ul><img loading=\"lazy\" decoding=\"async\" width=\"820\" height=\"615\" src=\"https:\/\/sfgeneva.org\/wp-content\/uploads\/2012\/05\/sept_212-820x615.jpg\" class=\"attachment-norwood-masonry size-norwood-masonry\" alt=\"\" srcset=\"https:\/\/sfgeneva.org\/wp-content\/uploads\/2012\/05\/sept_212-820x615.jpg 820w, https:\/\/sfgeneva.org\/wp-content\/uploads\/2012\/05\/sept_212-300x225.jpg 300w, https:\/\/sfgeneva.org\/wp-content\/uploads\/2012\/05\/sept_212-1024x768.jpg 1024w, https:\/\/sfgeneva.org\/wp-content\/uploads\/2012\/05\/sept_212-768x576.jpg 768w, https:\/\/sfgeneva.org\/wp-content\/uploads\/2012\/05\/sept_212-1536x1152.jpg 1536w, https:\/\/sfgeneva.org\/wp-content\/uploads\/2012\/05\/sept_212-2048x1536.jpg 2048w, https:\/\/sfgeneva.org\/wp-content\/uploads\/2012\/05\/sept_212-500x375.jpg 500w, https:\/\/sfgeneva.org\/wp-content\/uploads\/2012\/05\/sept_212-800x600.jpg 800w, https:\/\/sfgeneva.org\/wp-content\/uploads\/2012\/05\/sept_212-1280x960.jpg 1280w, https:\/\/sfgeneva.org\/wp-content\/uploads\/2012\/05\/sept_212-1920x1440.jpg 1920w, https:\/\/sfgeneva.org\/wp-content\/uploads\/2012\/05\/sept_212-100x75.jpg 100w, https:\/\/sfgeneva.org\/wp-content\/uploads\/2012\/05\/sept_212-1880x1410.jpg 1880w, https:\/\/sfgeneva.org\/wp-content\/uploads\/2012\/05\/sept_212-600x450.jpg 600w\" sizes=\"auto, (max-width: 820px) 100vw, 820px\" \/><\/div><div class=\"vlthemes_custom_69df17518f2be   vlt-single-image\"><ul class=\"vlt-single-image__buttons\"\"><li><a class=\"image-link\" href=\"https:\/\/sfgeneva.org\/wp-content\/uploads\/2012\/05\/sept_211-1920x1440.jpg\" title=\"\"><i class=\"fa fa-expand\"><\/i><\/a><\/li><li><a target=\"_blank\" href=\"http:\/\/pinterest.com\/pin\/create\/bookmarklet\/?media=https:\/\/sfgeneva.org\/wp-content\/uploads\/2012\/05\/sept_211-1920x1440.jpg&url=https%3A%2F%2Fsfgeneva.org%2Ffr%2Fnews-agenda%2Fevenements%2F&is_video=false&description=%C3%89v%C3%A9nements\"><i class=\"fa fa-pinterest-p\"><\/i><\/a><\/li><\/ul><img loading=\"lazy\" decoding=\"async\" width=\"820\" height=\"615\" src=\"https:\/\/sfgeneva.org\/wp-content\/uploads\/2012\/05\/sept_211-820x615.jpg\" class=\"attachment-norwood-masonry size-norwood-masonry\" alt=\"\" srcset=\"https:\/\/sfgeneva.org\/wp-content\/uploads\/2012\/05\/sept_211-820x615.jpg 820w, https:\/\/sfgeneva.org\/wp-content\/uploads\/2012\/05\/sept_211-300x225.jpg 300w, https:\/\/sfgeneva.org\/wp-content\/uploads\/2012\/05\/sept_211-1024x768.jpg 1024w, https:\/\/sfgeneva.org\/wp-content\/uploads\/2012\/05\/sept_211-768x576.jpg 768w, https:\/\/sfgeneva.org\/wp-content\/uploads\/2012\/05\/sept_211-1536x1152.jpg 1536w, https:\/\/sfgeneva.org\/wp-content\/uploads\/2012\/05\/sept_211-2048x1536.jpg 2048w, https:\/\/sfgeneva.org\/wp-content\/uploads\/2012\/05\/sept_211-500x375.jpg 500w, https:\/\/sfgeneva.org\/wp-content\/uploads\/2012\/05\/sept_211-800x600.jpg 800w, https:\/\/sfgeneva.org\/wp-content\/uploads\/2012\/05\/sept_211-1280x960.jpg 1280w, https:\/\/sfgeneva.org\/wp-content\/uploads\/2012\/05\/sept_211-1920x1440.jpg 1920w, https:\/\/sfgeneva.org\/wp-content\/uploads\/2012\/05\/sept_211-100x75.jpg 100w, https:\/\/sfgeneva.org\/wp-content\/uploads\/2012\/05\/sept_211-1880x1410.jpg 1880w, https:\/\/sfgeneva.org\/wp-content\/uploads\/2012\/05\/sept_211-600x450.jpg 600w\" sizes=\"auto, (max-width: 820px) 100vw, 820px\" \/><\/div><div class=\"vlthemes_custom_69df175190eaf   vlt-single-image\"><ul class=\"vlt-single-image__buttons\"\"><li><a class=\"image-link\" href=\"https:\/\/sfgeneva.org\/wp-content\/uploads\/2021\/10\/HD_Building_Bridges_14.10.21_AnneColliard-4866-1920x1280.jpg\" title=\"\"><i class=\"fa fa-expand\"><\/i><\/a><\/li><li><a target=\"_blank\" href=\"http:\/\/pinterest.com\/pin\/create\/bookmarklet\/?media=https:\/\/sfgeneva.org\/wp-content\/uploads\/2021\/10\/HD_Building_Bridges_14.10.21_AnneColliard-4866-1920x1280.jpg&url=https%3A%2F%2Fsfgeneva.org%2Ffr%2Fnews-agenda%2Fevenements%2F&is_video=false&description=%C3%89v%C3%A9nements\"><i class=\"fa fa-pinterest-p\"><\/i><\/a><\/li><\/ul><img loading=\"lazy\" decoding=\"async\" width=\"820\" height=\"615\" src=\"https:\/\/sfgeneva.org\/wp-content\/uploads\/2021\/10\/HD_Building_Bridges_14.10.21_AnneColliard-4866-820x615.jpg\" class=\"attachment-norwood-masonry size-norwood-masonry\" alt=\"\" srcset=\"https:\/\/sfgeneva.org\/wp-content\/uploads\/2021\/10\/HD_Building_Bridges_14.10.21_AnneColliard-4866-820x615.jpg 820w, https:\/\/sfgeneva.org\/wp-content\/uploads\/2021\/10\/HD_Building_Bridges_14.10.21_AnneColliard-4866-100x75.jpg 100w\" sizes=\"auto, (max-width: 820px) 100vw, 820px\" \/><\/div><div class=\"vlthemes_custom_69df175192ca8   vlt-single-image\"><ul class=\"vlt-single-image__buttons\"\"><li><a class=\"image-link\" href=\"https:\/\/sfgeneva.org\/wp-content\/uploads\/2021\/10\/HD_Building_Bridges_14.10.21_AnneColliard-4871-1920x1536.jpg\" title=\"\"><i class=\"fa fa-expand\"><\/i><\/a><\/li><li><a target=\"_blank\" href=\"http:\/\/pinterest.com\/pin\/create\/bookmarklet\/?media=https:\/\/sfgeneva.org\/wp-content\/uploads\/2021\/10\/HD_Building_Bridges_14.10.21_AnneColliard-4871-1920x1536.jpg&url=https%3A%2F%2Fsfgeneva.org%2Ffr%2Fnews-agenda%2Fevenements%2F&is_video=false&description=%C3%89v%C3%A9nements\"><i class=\"fa fa-pinterest-p\"><\/i><\/a><\/li><\/ul><img loading=\"lazy\" decoding=\"async\" width=\"820\" height=\"615\" src=\"https:\/\/sfgeneva.org\/wp-content\/uploads\/2021\/10\/HD_Building_Bridges_14.10.21_AnneColliard-4871-820x615.jpg\" class=\"attachment-norwood-masonry size-norwood-masonry\" alt=\"\" srcset=\"https:\/\/sfgeneva.org\/wp-content\/uploads\/2021\/10\/HD_Building_Bridges_14.10.21_AnneColliard-4871-820x615.jpg 820w, https:\/\/sfgeneva.org\/wp-content\/uploads\/2021\/10\/HD_Building_Bridges_14.10.21_AnneColliard-4871-100x75.jpg 100w\" sizes=\"auto, (max-width: 820px) 100vw, 820px\" \/><\/div><div class=\"vlthemes_custom_69df175194993   vlt-single-image\"><ul class=\"vlt-single-image__buttons\"\"><li><a class=\"image-link\" href=\"https:\/\/sfgeneva.org\/wp-content\/uploads\/2021\/10\/HD_Building_Bridges_14.10.21_AnneColliard-4889-1920x1280.jpg\" title=\"\"><i class=\"fa fa-expand\"><\/i><\/a><\/li><li><a target=\"_blank\" href=\"http:\/\/pinterest.com\/pin\/create\/bookmarklet\/?media=https:\/\/sfgeneva.org\/wp-content\/uploads\/2021\/10\/HD_Building_Bridges_14.10.21_AnneColliard-4889-1920x1280.jpg&url=https%3A%2F%2Fsfgeneva.org%2Ffr%2Fnews-agenda%2Fevenements%2F&is_video=false&description=%C3%89v%C3%A9nements\"><i class=\"fa fa-pinterest-p\"><\/i><\/a><\/li><\/ul><img loading=\"lazy\" decoding=\"async\" width=\"820\" height=\"615\" src=\"https:\/\/sfgeneva.org\/wp-content\/uploads\/2021\/10\/HD_Building_Bridges_14.10.21_AnneColliard-4889-820x615.jpg\" class=\"attachment-norwood-masonry size-norwood-masonry\" alt=\"\" srcset=\"https:\/\/sfgeneva.org\/wp-content\/uploads\/2021\/10\/HD_Building_Bridges_14.10.21_AnneColliard-4889-820x615.jpg 820w, https:\/\/sfgeneva.org\/wp-content\/uploads\/2021\/10\/HD_Building_Bridges_14.10.21_AnneColliard-4889-100x75.jpg 100w\" sizes=\"auto, (max-width: 820px) 100vw, 820px\" \/><\/div><\/div><\/div>\r\n\t\t\t\t<script type=\"text\/javascript\">\r\n\t\t\t\t\tjQuery.noConflict()(function($){\r\n\t\t\t\t\t\t$(\".vlthemes_custom_69df17518d129\").imagesLoaded( function(){\r\n\t\t\t\t\t\t\t$(\".vlthemes_custom_69df17518d129 .owl-carousel\").owlCarousel({\r\n\t\t\t\t\t\t\t\tcenter: true,\r\n\t\t\t\t\t\t\t\tloop: true,\r\n\t\t\t\t\t\t\t\tmargin: 30,\r\n\t\t\t\t\t\t\t\tnav: true,\r\n\t\t\t\t\t\t\t\tdots: true,\r\n\t\t\t\t\t\t\t\tdragEndSpeed: 500,\r\n\t\t\t\t\t\t\t\tsmartSpeed: 500,\r\n\t\t\t\t\t\t\t\tnavText: ['<i class=\"icon-chevron-left\"><\/i>', '<i class=\"icon-chevron-right\"><\/i>'],\r\n\t\t\t\t\t\t\t\tresponsive: {\r\n\t\t\t\t\t\t\t\t\t0: {\r\n\t\t\t\t\t\t\t\t\t\titems: 1\r\n\t\t\t\t\t\t\t\t\t},\r\n\t\t\t\t\t\t\t\t\t768: {\r\n\t\t\t\t\t\t\t\t\t\titems: 3\r\n\t\t\t\t\t\t\t\t\t},\r\n\t\t\t\t\t\t\t\t\t992: {\r\n\t\t\t\t\t\t\t\t\t\titems: 3\r\n\t\t\t\t\t\t\t\t\t}\r\n\t\t\t\t\t\t\t\t}\r\n\t\t\t\t\t\t\t});\r\n\t\t\t\t\t\t});\r\n\t\t\t\t\t});\r\n\t\t\t\t<\/script>[\/vc_column][\/vc_row]<\/p>\n","protected":false},"excerpt":{"rendered":"<p>[vc_row][vc_column][vc_raw_html]JTVCU0ZHX0JBTk5FUiU1RA==[\/vc_raw_html][\/vc_column][\/vc_row][vc_row][vc_column][vc_column_text] \u00c9v\u00e9nements &nbsp; D\u00e9couvrez les \u00e9v\u00e9nements de SFG o\u00f9 les diff\u00e9rents acteurs de l&#8217;\u00e9cosyst\u00e8me financier genevois se rencontrent et \u00e9changent sur les questions li\u00e9es \u00e0 la finance durable &nbsp; GFSI , GSSF et Building Bridges sont des \u00e9v\u00e9nements annuels qui permettent de sensibiliser et de dynamiser le secteur de la finance durable dans la r\u00e9gion. [&hellip;]<\/p>\n","protected":false},"author":1,"featured_media":0,"parent":7776,"menu_order":0,"comment_status":"closed","ping_status":"closed","template":"template-custom-page.php","meta":{"_vp_format_video_url":"","_vp_image_focal_point":[],"footnotes":""},"class_list":["post-7770","page","type-page","status-publish","hentry"],"acf":[],"aioseo_notices":[],"_links":{"self":[{"href":"https:\/\/sfgeneva.org\/fr\/wp-json\/wp\/v2\/pages\/7770","targetHints":{"allow":["GET"]}}],"collection":[{"href":"https:\/\/sfgeneva.org\/fr\/wp-json\/wp\/v2\/pages"}],"about":[{"href":"https:\/\/sfgeneva.org\/fr\/wp-json\/wp\/v2\/types\/page"}],"author":[{"embeddable":true,"href":"https:\/\/sfgeneva.org\/fr\/wp-json\/wp\/v2\/users\/1"}],"replies":[{"embeddable":true,"href":"https:\/\/sfgeneva.org\/fr\/wp-json\/wp\/v2\/comments?post=7770"}],"version-history":[{"count":4,"href":"https:\/\/sfgeneva.org\/fr\/wp-json\/wp\/v2\/pages\/7770\/revisions"}],"predecessor-version":[{"id":11793,"href":"https:\/\/sfgeneva.org\/fr\/wp-json\/wp\/v2\/pages\/7770\/revisions\/11793"}],"up":[{"embeddable":true,"href":"https:\/\/sfgeneva.org\/fr\/wp-json\/wp\/v2\/pages\/7776"}],"wp:attachment":[{"href":"https:\/\/sfgeneva.org\/fr\/wp-json\/wp\/v2\/media?parent=7770"}],"curies":[{"name":"wp","href":"https:\/\/api.w.org\/{rel}","templated":true}]}}