{"id":7779,"date":"2021-09-15T08:40:46","date_gmt":"2021-09-15T06:40:46","guid":{"rendered":"https:\/\/sfgeneva.org\/news-agenda\/the-bridge-newsletter\/"},"modified":"2023-01-12T14:10:31","modified_gmt":"2023-01-12T13:10:31","slug":"the-bridge-newsletter","status":"publish","type":"page","link":"https:\/\/sfgeneva.org\/fr\/news-agenda\/the-bridge-newsletter\/","title":{"rendered":"The Bridge &#8211; Newsletter"},"content":{"rendered":"<p>[vc_row][vc_column][vc_raw_html]JTVCU0ZHX0JBTk5FUiU1RA==[\/vc_raw_html][\/vc_column][\/vc_row][vc_row][vc_column][vc_column_text]<\/p>\n<h2>Restez connect\u00e9s<\/h2>\n<p>Nous avons baptis\u00e9 notre bulletin d&#8217;information \u00ab The Bridge \u00bb pour souligner les nombreuses connexions et synergies qui existent entre la finance et l&#8217;impact. Nous construisons des ponts entre les banques genevoises situ\u00e9es sur la rive gauche du Rh\u00f4ne et les organisations internationales, situ\u00e9es sur la rive droite du Rh\u00f4ne.[\/vc_column_text][vc_raw_html]JTVCc2ZnX25ld3NsZXR0ZXJfZm9ybSU1RA==[\/vc_raw_html]<div class=\"ult-spacer spacer-69e4ecc85e8b8\" data-id=\"69e4ecc85e8b8\" data-height=\"30\" data-height-mobile=\"30\" data-height-tab=\"30\" data-height-tab-portrait=\"\" data-height-mobile-landscape=\"\" style=\"clear:both;display:block;\"><\/div>[\/vc_column][\/vc_row][vc_row][vc_column][vc_raw_html]JTVCU0ZHX05FV1NMRVRURVJTJTVE[\/vc_raw_html][\/vc_column][\/vc_row]<\/p>\n","protected":false},"excerpt":{"rendered":"<p>[vc_row][vc_column][vc_raw_html]JTVCU0ZHX0JBTk5FUiU1RA==[\/vc_raw_html][\/vc_column][\/vc_row][vc_row][vc_column][vc_column_text] Restez connect\u00e9s Nous avons baptis\u00e9 notre bulletin d&#8217;information \u00ab The Bridge \u00bb pour souligner les nombreuses connexions et synergies qui existent entre la finance et l&#8217;impact. Nous construisons des ponts entre les banques genevoises situ\u00e9es sur la rive gauche du Rh\u00f4ne et les organisations internationales, situ\u00e9es sur la rive droite du Rh\u00f4ne.[\/vc_column_text][vc_raw_html]JTVCc2ZnX25ld3NsZXR0ZXJfZm9ybSU1RA==[\/vc_raw_html][\/vc_column][\/vc_row][vc_row][vc_column][vc_raw_html]JTVCU0ZHX05FV1NMRVRURVJTJTVE[\/vc_raw_html][\/vc_column][\/vc_row]<\/p>\n","protected":false},"author":1,"featured_media":0,"parent":7776,"menu_order":0,"comment_status":"closed","ping_status":"closed","template":"template-custom-page.php","meta":{"_vp_format_video_url":"","_vp_image_focal_point":[],"footnotes":""},"class_list":["post-7779","page","type-page","status-publish","hentry"],"acf":[],"aioseo_notices":[],"_links":{"self":[{"href":"https:\/\/sfgeneva.org\/fr\/wp-json\/wp\/v2\/pages\/7779","targetHints":{"allow":["GET"]}}],"collection":[{"href":"https:\/\/sfgeneva.org\/fr\/wp-json\/wp\/v2\/pages"}],"about":[{"href":"https:\/\/sfgeneva.org\/fr\/wp-json\/wp\/v2\/types\/page"}],"author":[{"embeddable":true,"href":"https:\/\/sfgeneva.org\/fr\/wp-json\/wp\/v2\/users\/1"}],"replies":[{"embeddable":true,"href":"https:\/\/sfgeneva.org\/fr\/wp-json\/wp\/v2\/comments?post=7779"}],"version-history":[{"count":4,"href":"https:\/\/sfgeneva.org\/fr\/wp-json\/wp\/v2\/pages\/7779\/revisions"}],"predecessor-version":[{"id":8006,"href":"https:\/\/sfgeneva.org\/fr\/wp-json\/wp\/v2\/pages\/7779\/revisions\/8006"}],"up":[{"embeddable":true,"href":"https:\/\/sfgeneva.org\/fr\/wp-json\/wp\/v2\/pages\/7776"}],"wp:attachment":[{"href":"https:\/\/sfgeneva.org\/fr\/wp-json\/wp\/v2\/media?parent=7779"}],"curies":[{"name":"wp","href":"https:\/\/api.w.org\/{rel}","templated":true}]}}