{"id":7783,"date":"2021-09-15T09:22:11","date_gmt":"2021-09-15T07:22:11","guid":{"rendered":"https:\/\/sfgeneva.org\/news-agenda\/webinars\/"},"modified":"2023-01-04T16:30:46","modified_gmt":"2023-01-04T15:30:46","slug":"webinaires","status":"publish","type":"page","link":"https:\/\/sfgeneva.org\/fr\/news-agenda\/webinaires\/","title":{"rendered":"Webinaires"},"content":{"rendered":"<p>[vc_row][vc_column][vc_raw_html]JTVCU0ZHX0JBTk5FUiU1RA==[\/vc_raw_html][\/vc_column][\/vc_row][vc_row][vc_column][vc_column_text]<span style=\"font-weight: 400;\">Nos webinaires r\u00e9unissent des experts qui partagent leurs id\u00e9es et leurs meilleures pratiques pour favoriser la finance durable. Restez inform\u00e9s et inscrivez-vous \u00e0 nos prochains webinaires et regardez nos derniers webinaires !<\/span>[\/vc_column_text][\/vc_column][\/vc_row][vc_row][vc_column][vc_raw_html]JTVCc2ZnX3dlYmluYXJzJTVE[\/vc_raw_html][\/vc_column][\/vc_row]<\/p>\n","protected":false},"excerpt":{"rendered":"<p>[vc_row][vc_column][vc_raw_html]JTVCU0ZHX0JBTk5FUiU1RA==[\/vc_raw_html][\/vc_column][\/vc_row][vc_row][vc_column][vc_column_text]Nos webinaires r\u00e9unissent des experts qui partagent leurs id\u00e9es et leurs meilleures pratiques pour favoriser la finance durable. Restez inform\u00e9s et inscrivez-vous \u00e0 nos prochains webinaires et regardez nos derniers webinaires ![\/vc_column_text][\/vc_column][\/vc_row][vc_row][vc_column][vc_raw_html]JTVCc2ZnX3dlYmluYXJzJTVE[\/vc_raw_html][\/vc_column][\/vc_row]<\/p>\n","protected":false},"author":1,"featured_media":0,"parent":7776,"menu_order":0,"comment_status":"closed","ping_status":"closed","template":"template-custom-page.php","meta":{"_vp_format_video_url":"","_vp_image_focal_point":[],"footnotes":""},"class_list":["post-7783","page","type-page","status-publish","hentry"],"acf":[],"aioseo_notices":[],"_links":{"self":[{"href":"https:\/\/sfgeneva.org\/fr\/wp-json\/wp\/v2\/pages\/7783","targetHints":{"allow":["GET"]}}],"collection":[{"href":"https:\/\/sfgeneva.org\/fr\/wp-json\/wp\/v2\/pages"}],"about":[{"href":"https:\/\/sfgeneva.org\/fr\/wp-json\/wp\/v2\/types\/page"}],"author":[{"embeddable":true,"href":"https:\/\/sfgeneva.org\/fr\/wp-json\/wp\/v2\/users\/1"}],"replies":[{"embeddable":true,"href":"https:\/\/sfgeneva.org\/fr\/wp-json\/wp\/v2\/comments?post=7783"}],"version-history":[{"count":2,"href":"https:\/\/sfgeneva.org\/fr\/wp-json\/wp\/v2\/pages\/7783\/revisions"}],"predecessor-version":[{"id":7785,"href":"https:\/\/sfgeneva.org\/fr\/wp-json\/wp\/v2\/pages\/7783\/revisions\/7785"}],"up":[{"embeddable":true,"href":"https:\/\/sfgeneva.org\/fr\/wp-json\/wp\/v2\/pages\/7776"}],"wp:attachment":[{"href":"https:\/\/sfgeneva.org\/fr\/wp-json\/wp\/v2\/media?parent=7783"}],"curies":[{"name":"wp","href":"https:\/\/api.w.org\/{rel}","templated":true}]}}