{"id":7807,"date":"2021-09-08T10:32:44","date_gmt":"2021-09-08T08:32:44","guid":{"rendered":"https:\/\/sfgeneva.org\/membres-partenaires\/become-a-member\/"},"modified":"2025-02-27T10:09:09","modified_gmt":"2025-02-27T09:09:09","slug":"devenez-membre","status":"publish","type":"page","link":"https:\/\/sfgeneva.org\/fr\/membres-partenaires\/devenez-membre\/","title":{"rendered":"Devenez membre"},"content":{"rendered":"<p>[vc_row][vc_column][vc_raw_html]JTVCU0ZHX0JBTk5FUiU1RA==[\/vc_raw_html][\/vc_column][\/vc_row][vc_row][vc_column][vc_column_text]<\/p>\n<h3>SFG n&#8217;est rien sans ses membres. Nos membres sont le c\u0153ur et l&#8217;\u00e2me de notre organisation. Ensemble, nous faisons progresser le d\u00e9veloppement durable dans l&#8217;industrie financi\u00e8re.<\/h3>\n<p>[\/vc_column_text][vc_column_text]Il existe deux options d&#8217;adh\u00e9sion \u00e0 la SFG, l&#8217;une pour les professionnels individuels et une autre pour les organisations.[\/vc_column_text][vc_single_image image=&#8221;10377&#8243; img_size=&#8221;full&#8221;][vc_column_text]En payant une cotisation annuelle, les membres de SFG soutiennent la mission de l&#8217;organisation et nous permettent de faire avancer le sujet de la finance durable \u00e0 Gen\u00e8ve et au-del\u00e0. De plus, les membres b\u00e9n\u00e9ficient de nombreux avantages exclusifs.<\/p>\n<h2><\/h2>\n<h2>Avantages exclusifs<\/h2>\n<p>[\/vc_column_text][\/vc_column][\/vc_row][vc_row full_width=&#8221;stretch_row&#8221; bg_type=&#8221;bg_color&#8221; css=&#8221;.vc_custom_1631623086355{background-color: #f8f8f8 !important;}&#8221; bg_color_value=&#8221;#ffffff&#8221;][vc_column width=&#8221;1\/3&#8243;]<div class=\"vlthemes_custom_69df1acdd4ce1   vc_custom_1740646871539 vlt-services vlt-services--top-center vlt-services--style-1\"><div class=\"vlt-services__icon\" style=\"color:#ffffff;background-color:#243447;\"><i class=\"fas fa-globe\"><\/i><\/div><div class=\"vlt-services__content\"><h5 class=\"vlt-services__title\" style=\"color:#464646;\">Acc\u00e8s \u00e0 un r\u00e9seau professionnel<\/h5><p class=\"vlt-services__text\" style=\"color:#757575;\">Avec plus de 445 membres et plus de 3000 personnes qui suivent le travail de SFG, \u00eatre membre est un moyen s\u00fbr d'\u00e9tendre votre r\u00e9seau professionnel.<\/p><\/div><\/div>[\/vc_column][vc_column width=&#8221;1\/3&#8243;]<div class=\"vlthemes_custom_69df1acdd4e18   vc_custom_1740647345231 vlt-services vlt-services--top-center vlt-services--style-1\"><div class=\"vlt-services__icon\" style=\"color:#ffffff;background-color:#243447;\"><i class=\"fas fa-chart-pie\"><\/i><\/div><div class=\"vlt-services__content\"><h5 class=\"vlt-services__title\" style=\"color:#464646;\">Acc\u00e8s aux \u00e9v\u00e9nements et \u00e0 la communaut\u00e9 SFG<\/h5><p class=\"vlt-services__text\" style=\"color:#757575;\">Les membres b\u00e9n\u00e9ficient d'un acc\u00e8s gratuit aux \u00e9v\u00e9nements de la SFG, y compris les \u00e9v\u00e9nements de r\u00e9seautage, les opportunit\u00e9s de partage des connaissances et les formations. En outre, ils b\u00e9n\u00e9ficient d'un acc\u00e8s exclusif \u00e0 notre plateforme communautaire.<\/p><\/div><\/div>[\/vc_column][vc_column width=&#8221;1\/3&#8243;]<div class=\"vlthemes_custom_69df1acdd4e90   vc_custom_1706713356041 vlt-services vlt-services--top-center vlt-services--style-1\"><div class=\"vlt-services__icon\" style=\"color:#ffffff;background-color:#243447;\"><i class=\"fas fa-tags\"><\/i><\/div><div class=\"vlt-services__content\"><h5 class=\"vlt-services__title\" style=\"color:#464646;\">Acc\u00e8s aux conf\u00e9rences, programmes de formation et \u00e9v\u00e9nements<\/h5><p class=\"vlt-services__text\" style=\"color:#757575;\">SFG offre un acc\u00e8s gratuit ou \u00e0 prix r\u00e9duit \u00e0 une vari\u00e9t\u00e9 de conf\u00e9rences, programmes de formation et d'\u00e9v\u00e9nements organis\u00e9s par ses partenaires.<\/p><\/div><\/div>[\/vc_column][\/vc_row][vc_row el_id=&#8221;select-membership&#8221;][vc_column][vc_separator][vc_column_text]<\/p>\n<h2>S\u00e9lectionnez votre type d\u2019abonnement:<\/h2>\n<div class=\"sfg-shop\">\n\t\t<div class=\"sfg-formulas\">\n\t\t\t\t\t\t\t<div class=\"sfg-formula\">\n\t\t\t\t\t<a class=\"select-formula vlt-btn vlt-btn--primary vlt-btn--rounded\" href=\"https:\/\/sfg.glueup.com\/membership\/30172\/apply\/?pk_campaign=widget-membershiptype-list\" target=\"_blank\">\n\t\t\t\t\t\tMembre individuel - 1 an\t\t\t\t\t<\/a>\n\t\t\t\t\t<p>\n\t\t\t\t\t\t<em>CHF 200 - 12 mois<\/em>\n\t\t\t\t\t<\/p>\n\t\t\t\t\t<div class=\"description\">\n\t\t\t\t\t\tAdh\u00e9sion standard \u00e0 la SFG pour un an\t\t\t\t\t<\/div>\n\t\t\t\t<\/div>\n\t\t\t\t\t\t\t<div class=\"sfg-formula\">\n\t\t\t\t\t<a class=\"select-formula vlt-btn vlt-btn--primary vlt-btn--rounded\" href=\"https:\/\/sfg.glueup.com\/membership\/30510\/apply\/?pk_campaign=widget-membershiptype-list\" target=\"_blank\">\n\t\t\t\t\t\tMembre individuel - 2 ans\t\t\t\t\t<\/a>\n\t\t\t\t\t<p>\n\t\t\t\t\t\t<em>CHF 350 - 24 mois<\/em>\n\t\t\t\t\t<\/p>\n\t\t\t\t\t<div class=\"description\">\n\t\t\t\t\t\tRecevez une r\u00e9duction de 50CHF lorsque vous vous abonnez pour une dur\u00e9e de 2 ans.\t\t\t\t\t<\/div>\n\t\t\t\t<\/div>\n\t\t\t\t\t\t\t<div class=\"sfg-formula\">\n\t\t\t\t\t<a class=\"select-formula vlt-btn vlt-btn--primary vlt-btn--rounded\" href=\"https:\/\/sfg.glueup.com\/membership\/30511\/apply\/?pk_campaign=widget-membershiptype-list\" target=\"_blank\">\n\t\t\t\t\t\tMembre individuel \u00e0 tarif r\u00e9duit - 1 an - \u00e9tudiant, retrait\u00e9, ch\u00f4meur\t\t\t\t\t<\/a>\n\t\t\t\t\t<p>\n\t\t\t\t\t\t<em>CHF 100 - 12 mois<\/em>\n\t\t\t\t\t<\/p>\n\t\t\t\t\t<div class=\"description\">\n\t\t\t\t\t\tCette adh\u00e9sion \u00e0 prix r\u00e9duit est r\u00e9serv\u00e9e aux \u00e9tudiants, aux retrait\u00e9s et aux ch\u00f4meurs.\t\t\t\t\t<\/div>\n\t\t\t\t<\/div>\n\t\t\t\t\t<\/div>\n\t<\/div>\n\t[\/vc_column_text][\/vc_column][\/vc_row][vc_row][vc_column][vc_separator]<div class=\"ult-spacer spacer-69df1aceb82fd\" data-id=\"69df1aceb82fd\" data-height=\"30\" data-height-mobile=\"30\" data-height-tab=\"30\" data-height-tab-portrait=\"\" data-height-mobile-landscape=\"\" style=\"clear:both;display:block;\"><\/div>[vc_column_text]<\/p>\n<h2>Adh\u00e9sion Partenaire Institutionnel<\/h2>\n<p>Rejoindre le SFG en tant que partenaire est un excellent moyen de nous aider \u00e0 \u00e9tendre la sph\u00e8re et l&#8217;impact de notre travail, tout en b\u00e9n\u00e9ficiant d&#8217;un certain nombre d&#8217;avantages :<\/p>\n<ul>\n<li>Augmenter votre visibilit\u00e9 au sein du r\u00e9seau SFG qui compte environ 3 500 personnes<\/li>\n<li>Contribuer \u00e0 un r\u00e9seau dynamique d&#8217;institutions de diff\u00e9rents secteurs<\/li>\n<li>Offrir \u00e0 vos collaborateurs l&#8217;opportunit\u00e9 de rencontrer leurs pairs, de d\u00e9velopper leurs comp\u00e9tences et d&#8217;\u00eatre inform\u00e9s des derni\u00e8res innovations et tendances du secteur.<\/li>\n<\/ul>\n<p>Nous proposons une adh\u00e9sion conjointe avec <a href=\"https:\/\/www.sustainablefinance.ch\/\">Swiss Sustainable Finance<\/a> pour les organisations qui souhaitent \u00eatre membres des deux institutions compl\u00e9mentaires. L&#8217;adh\u00e9sion aux deux associations permet de b\u00e9n\u00e9ficier d&#8217;une r\u00e9duction sur la cotisation annuelle :<\/p>\n<p>[\/vc_column_text][vc_raw_html]JTVCd3B0YiUyMGlkJTNENTIyNyU1RA==[\/vc_raw_html][\/vc_column][\/vc_row][vc_row][vc_column][vc_column_text]\t<div class=\"sfg-shop\">\n\t\t<div class=\"sfg-formulas\">\n\t\t\t\t\t\t\t<div class=\"sfg-formula\">\n\t\t\t\t\t<a class=\"select-formula vlt-btn vlt-btn--primary vlt-btn--rounded\" href=\"https:\/\/sfg.glueup.com\/membership\/30313\/apply\/?pk_campaign=widget-membershiptype-list\" target=\"_blank\">\n\t\t\t\t\t\tMembre institutionnel - 1-10 employ\u00e9s\t\t\t\t\t<\/a>\n\t\t\t\t\t<p>\n\t\t\t\t\t\t<em>CHF 1500 - 12 mois<\/em>\n\t\t\t\t\t<\/p>\n\t\t\t\t\t<div class=\"description\">\n\t\t\t\t\t\tSi vous \u00eates membre de la SSF, votre r\u00e9duction (300CHF) sera ajout\u00e9e d\u00e8s l'approbation de votre demande d'adh\u00e9sion.\t\t\t\t\t<\/div>\n\t\t\t\t<\/div>\n\t\t\t\t\t\t\t<div class=\"sfg-formula\">\n\t\t\t\t\t<a class=\"select-formula vlt-btn vlt-btn--primary vlt-btn--rounded\" href=\"https:\/\/sfg.glueup.com\/membership\/30501\/apply\/?pk_campaign=widget-membershiptype-list\" target=\"_blank\">\n\t\t\t\t\t\tMembre institutionnel - 11-50 employ\u00e9s\t\t\t\t\t<\/a>\n\t\t\t\t\t<p>\n\t\t\t\t\t\t<em>CHF 3000 - 12 mois<\/em>\n\t\t\t\t\t<\/p>\n\t\t\t\t\t<div class=\"description\">\n\t\t\t\t\t\tSi vous \u00eates membre de la SSF, votre r\u00e9duction (500CHF) sera ajout\u00e9e d\u00e8s l'approbation de votre demande d'adh\u00e9sion.\t\t\t\t\t<\/div>\n\t\t\t\t<\/div>\n\t\t\t\t\t\t\t<div class=\"sfg-formula\">\n\t\t\t\t\t<a class=\"select-formula vlt-btn vlt-btn--primary vlt-btn--rounded\" href=\"https:\/\/sfg.glueup.com\/membership\/30502\/apply\/?pk_campaign=widget-membershiptype-list\" target=\"_blank\">\n\t\t\t\t\t\tMembre institutionnel - 50+ employ\u00e9s\t\t\t\t\t<\/a>\n\t\t\t\t\t<p>\n\t\t\t\t\t\t<em>CHF 5000 - 12 mois<\/em>\n\t\t\t\t\t<\/p>\n\t\t\t\t\t<div class=\"description\">\n\t\t\t\t\t\tSi vous \u00eates membre de la SSF, votre r\u00e9duction (1000CHF) sera ajout\u00e9e d\u00e8s l'approbation de votre demande d'adh\u00e9sion.\t\t\t\t\t<\/div>\n\t\t\t\t<\/div>\n\t\t\t\t\t<\/div>\n\t<\/div>\n\t[\/vc_column_text][vc_empty_space height=&#8221;40px&#8221;][vc_separator][\/vc_column][\/vc_row]<\/p>\n","protected":false},"excerpt":{"rendered":"<p>[vc_row][vc_column][vc_raw_html]JTVCU0ZHX0JBTk5FUiU1RA==[\/vc_raw_html][\/vc_column][\/vc_row][vc_row][vc_column][vc_column_text] SFG n&#8217;est rien sans ses membres. Nos membres sont le c\u0153ur et l&#8217;\u00e2me de notre organisation. Ensemble, nous faisons progresser le d\u00e9veloppement durable dans l&#8217;industrie financi\u00e8re. [\/vc_column_text][vc_column_text]Il existe deux options d&#8217;adh\u00e9sion \u00e0 la SFG, l&#8217;une pour les professionnels individuels et une autre pour les organisations.[\/vc_column_text][vc_single_image image=&#8221;10377&#8243; img_size=&#8221;full&#8221;][vc_column_text]En payant une cotisation annuelle, les membres de [&hellip;]<\/p>\n","protected":false},"author":1,"featured_media":0,"parent":7804,"menu_order":0,"comment_status":"closed","ping_status":"closed","template":"template-custom-page.php","meta":{"_vp_format_video_url":"","_vp_image_focal_point":[],"footnotes":""},"class_list":["post-7807","page","type-page","status-publish","hentry"],"acf":[],"aioseo_notices":[],"_links":{"self":[{"href":"https:\/\/sfgeneva.org\/fr\/wp-json\/wp\/v2\/pages\/7807","targetHints":{"allow":["GET"]}}],"collection":[{"href":"https:\/\/sfgeneva.org\/fr\/wp-json\/wp\/v2\/pages"}],"about":[{"href":"https:\/\/sfgeneva.org\/fr\/wp-json\/wp\/v2\/types\/page"}],"author":[{"embeddable":true,"href":"https:\/\/sfgeneva.org\/fr\/wp-json\/wp\/v2\/users\/1"}],"replies":[{"embeddable":true,"href":"https:\/\/sfgeneva.org\/fr\/wp-json\/wp\/v2\/comments?post=7807"}],"version-history":[{"count":14,"href":"https:\/\/sfgeneva.org\/fr\/wp-json\/wp\/v2\/pages\/7807\/revisions"}],"predecessor-version":[{"id":11806,"href":"https:\/\/sfgeneva.org\/fr\/wp-json\/wp\/v2\/pages\/7807\/revisions\/11806"}],"up":[{"embeddable":true,"href":"https:\/\/sfgeneva.org\/fr\/wp-json\/wp\/v2\/pages\/7804"}],"wp:attachment":[{"href":"https:\/\/sfgeneva.org\/fr\/wp-json\/wp\/v2\/media?parent=7807"}],"curies":[{"name":"wp","href":"https:\/\/api.w.org\/{rel}","templated":true}]}}