{"id":7834,"date":"2021-09-15T08:24:36","date_gmt":"2021-09-15T06:24:36","guid":{"rendered":"https:\/\/sfgeneva.org\/membres-partenaires\/community-collaboration\/"},"modified":"2024-03-11T11:19:56","modified_gmt":"2024-03-11T10:19:56","slug":"collaboration-communaute","status":"publish","type":"page","link":"https:\/\/sfgeneva.org\/fr\/membres-partenaires\/collaboration-communaute\/","title":{"rendered":"Collaboration avec la communaut\u00e9"},"content":{"rendered":"<p>[vc_row][vc_column][vc_raw_html]JTVCU0ZHX0JBTk5FUiU1RA==[\/vc_raw_html][\/vc_column][\/vc_row][vc_row el_class=&#8221;sfg-partners&#8221;][vc_column][vc_column_text]SFG est fier de collaborer avec une vari\u00e9t\u00e9 d&#8217;institutions partageant les m\u00eames id\u00e9es pour mener \u00e0 bien son travail et faire progresser la finance durable en Suisse.<\/p>\n<p>&nbsp;<\/p>\n<p><style id=\"sp_logo_carousel_dynamic_css5051\">.layout-table #sp-logo-carousel-pro5051 .table-logo-area img,div.sp-logo-carousel-pro-section div#sp-logo-carousel-pro5051 .sp-lcp-item img{opacity: 1 !important;}.layout-table #sp-logo-carousel-pro5051 .table-logo-area img,div.sp-logo-carousel-pro-section div#sp-logo-carousel-pro5051 .sp-lcp-item img{padding: px;}div.sp-logo-carousel-pro-section div#sp-logo-carousel-pro5051 .sp-lcp-item:hover img{opacity: 1 !important;}div#sp-logo-carousel-pro5051.sp-logo-carousel-pro-area .sp-lcp-item .sp-lcp-item-border,div#sp-logo-carousel-pro5051.sp-logo-carousel-pro-area .sp-lcp-item.sp-lcp-item-border{padding: 20px;background: transparent;}div#sp-logo-carousel-pro5051.sp-logo-carousel-pro-area .sp-lcp-item:hover .sp-lcp-item-border,div#sp-logo-carousel-pro5051.sp-logo-carousel-pro-area .sp-lcp-item:hover.sp-lcp-item-border{background: transparent;}div.sp-logo-carousel-pro-section div#sp-logo-carousel-pro5051 .swiper-wrapper .swiper-slide {align-self: center;}div.sp-logo-carousel-pro-section:not(.layout-inline):not(.layout-table) div#sp-logo-carousel-pro5051 .sp-isotope-logo-items,div.sp-logo-carousel-pro-section:not(.layout-inline):not(.layout-list) div#sp-logo-carousel-pro5051 .sp-isotope-logo-items {align-items: center;}div.sp-logo-carousel-pro-section div#sp-logo-carousel-pro5051 [class*=\"lcp-col\"]{margin: 0;box-shadow: none;}.sp-logo-carousel-pro-section #sp-logo-carousel-pro5051 .sp-lcpro-readmore-area{text-align: center;}.sp-logo-carousel-pro-section #sp-logo-carousel-pro5051 .sp-lcpro-readmore-area .sp-lcpro-readmore-text-link,.sp-logo-carousel-pro-section #sp-logo-carousel-pro5051 .sp-lcpro-readmore-area .sp-lcpro-readmore{background: transparent;color: #05b3c6;padding: 5px 13px;margin-bottom: 18px;display: inline-block;border-radius: 2px;border: 2px solid #05b3c6 !important;font-size: 14px;font-family: Ubuntu;font-style: normal; font-weight: 400;line-height:20px;letter-spacing: px;text-transform: none;}.sp-logo-carousel-pro-section #sp-logo-carousel-pro5051 .sp-lcpro-readmore-area .sp-lcpro-readmore:hover{background: #05b3c6;color: #ffffff;border: 2px solid #05b3c6 !important;}.sp-logo-carousel-pro-section #sp-logo-carousel-pro5051 .sp-lcpro-readmore-area .sp-lcpro-readmore-text-link {color: #555555;border: 0 !important;padding: 0;text-decoration: underline;}.sp-logo-carousel-pro-section #sp-logo-carousel-pro5051 .sp-lcpro-readmore-area .sp-lcpro-readmore-text-link:hover {color: #05b3c6;background: unset;border: 0 !important;}div.sp-logo-carousel-pro-section.layout-carousel div#sp-logo-carousel-pro5051 .sp-lcp-item {opacity: 1;margin: 0;-webkit-transform: scale(0.8);-moz-transform: scale(0.8);-ms-transform: scale(0.8);-o-transform: scale(0.8);transform: scale(0.8);}div.sp-logo-carousel-pro-section.layout-carousel div#sp-logo-carousel-pro5051 .swiper-slide-active .sp-lcp-item-border {-webkit-transform: scale(1.4);-moz-transform: scale(1.4);-ms-transform: scale(1.4);-o-transform: scale(1.4);transform: scale(1.4);opacity: 1;}div.sp-logo-carousel-pro-section.layout-carousel div#sp-logo-carousel-pro5051 .sp-lcp-item.swiper-slide-active{opacity: 1;margin-top: 30px;margin-bottom: 30px;}.sp-logo-carousel-pro-section.layout-carousel div#sp-logo-carousel-pro5051.sp-logo-carousel-pro-area{padding-left: 60px;padding-right: 60px;padding-top: px; padding-bottom: px;}div#sp-logo-carousel-pro5051 .lcp-pagination,div#sp-logo-carousel-pro5051 .lcp-items-load-more,div#sp-logo-carousel-pro5051 .sp-logo-ajax-number-pagination {margin: 20px 0px 0px 0px;padding-left: 7.5px;padding-right: 7.5px;}div#sp-logo-carousel-pro5051 .lcp-pagination li span,div#sp-logo-carousel-pro5051 .lcp-pagination li a,div#sp-logo-carousel-pro5051 .lcp-items-load-more span,div#sp-logo-carousel-pro5051 .sp-logo-pagination-number a.sp-logo-page-numbers{background-color: #f0f0f0;color: #afafaf;border-color:#dddddd;}div#sp-logo-carousel-pro5051 .lcp-pagination li span.current,div#sp-logo-carousel-pro5051 .sp-logo-pagination-number a.sp-logo-page-numbers.active,div#sp-logo-carousel-pro5051 .lcp-pagination li a:hover,div#sp-logo-carousel-pro5051 .lcp-items-load-more span:hover,div#sp-logo-carousel-pro5051 .sp-logo-pagination-number a.sp-logo-page-numbers:hover{background-color: #16a08b;color: #ffffff;border-color:#63a37b;}.sp-lcpro-pagination-5051,div#sp-logo-carousel-pro5051 .lcp-items-load-more,div#sp-logo-carousel-pro5051 .sp-logo-ajax-number-pagination,div#sp-logo-carousel-pro5051 .page-load-status,div#sp-logo-carousel-pro5051 .sp-logo-infinite-scroll-loader{text-align: center;width:100%;}.tooltipster-sidetip.sp-logo-carousel-pro5051style .tooltipster-box{background: #000000;border: 1px solid #000000;border-radius: 2px;}.tooltipster-sidetip.sp-logo-carousel-pro5051style .tooltipster-box .tooltipster-content {padding: 6px 14px 6px 14px;}.tooltipster-sidetip.sp-logo-carousel-pro5051style.tooltipster-bottom .tooltipster-arrow-background,.tooltipster-sidetip.sp-logo-carousel-pro5051style.tooltipster-bottom .tooltipster-arrow-border {border-bottom-color: #000000;}.tooltipster-sidetip.sp-logo-carousel-pro5051style.tooltipster-left .tooltipster-arrow-background,.tooltipster-sidetip.sp-logo-carousel-pro5051style.tooltipster-left .tooltipster-arrow-border {border-left-color: #000000;}.tooltipster-sidetip.sp-logo-carousel-pro5051style.tooltipster-right .tooltipster-arrow-background,.tooltipster-sidetip.sp-logo-carousel-pro5051style.tooltipster-right .tooltipster-arrow-border {border-right-color: #000000;}.tooltipster-sidetip.sp-logo-carousel-pro5051style.tooltipster-top .tooltipster-arrow-background,.tooltipster-sidetip.sp-logo-carousel-pro5051style.tooltipster-top .tooltipster-arrow-border {border-top-color: #000000;}.tooltipster-sidetip.sp-logo-carousel-pro5051style .tooltipster-box .tooltipster-content {color: #ffffff;}#sp-lcpro-id-5051:is(.layout-inline,.layout-grid) .sp-logo-carousel-pro-area .sp-isotope-logo-items{justify-content: left;}.sp-logo-carousel-pro-section.sp-lcpro-id-5051{position: relative;}#lcp-preloader-5051{position: absolute;left: 0;top: 0;height: 100%;width: 100%;text-align: center;display: flex;align-items: center;justify-content: center;background: #fff;z-index: 9999;}#sp-lcpro-id-5051:is(.layout-carousel) .sp-logo-carousel-pro-area.mode_standard{overflow: unset;}<\/style><div id=\"sp-lcpro-id-5051\" class=\"sp-logo-carousel-pro-section layout-inline sp-lcpro-id-5051 sp-logo-section-id-5051 sp-lcpro-clear\" ><div class=\"sp-lcp-tooltip-conf\" data-animation=\"grow\" data-side=\"bottom\" data-maxwidth=\"220\" data-visibility=\"hover\" data-bubble=\"true\" data-distance=\"1\"><\/div><div id=\"lcp-preloader-5051\" class=\"sp-logo-carousel-pro-preloader\"><img decoding=\"async\" src=\"https:\/\/sfgeneva.org\/wp-content\/plugins\/logo-carousel-pro\/src\/Frontend\/assets\/css\/images\/spinner.svg\" class=\"skip-lazy\" alt=\"loader-image\"\/><\/div><div id=\"sp-logo-carousel-pro5051\" class=\"lcp-container sp-logo-carousel-pro-area lcp-preloader splcp-ttip no_ajax\"><div class=\"sp-isotope-logo-items\"><div role=\"tabpanel\" tabindex=\"0\" class=\"lcp-item lcp-col-lg-4 lcp-col-md-4 lcp-col-sm-2 lcp-col-xs-2\"><div class=\"sp-lcp-item text-center\"><div class=\"sp-lcp-item-border content_position_default sp-lcp-tooltip\" title=\"Swiss Sustainable Finance\"><div class=\"sp-lcp-logo-wrapper \" data-post-id=\"5132\"><a target=\"_blank\" href=\"https:\/\/www.sustainablefinance.ch\/\"><img loading=\"lazy\" decoding=\"async\" src=\"https:\/\/sfgeneva.org\/wp-content\/uploads\/2021\/10\/logo_swiss-sustainable-finance.jpg\" alt=\"Swiss Sustainable Finance\" width=\"401\" height=\"251\" class=\"sp_lcp_thumb \"><\/a><\/div><\/div><\/div><\/div><div role=\"tabpanel\" tabindex=\"0\" class=\"lcp-item lcp-col-lg-4 lcp-col-md-4 lcp-col-sm-2 lcp-col-xs-2\"><div class=\"sp-lcp-item text-center\"><div class=\"sp-lcp-item-border content_position_default sp-lcp-tooltip\" title=\"Finance for Peace\"><div class=\"sp-lcp-logo-wrapper \" data-post-id=\"10802\"><a target=\"_blank\" href=\"https:\/\/www.financeforpeace.org\"><img loading=\"lazy\" decoding=\"async\" src=\"https:\/\/sfgeneva.org\/wp-content\/uploads\/2024\/05\/Finance-for-Peace-scaled.png\" alt=\"Finance for Peace\" width=\"2560\" height=\"1039\" class=\"sp_lcp_thumb \"><\/a><\/div><\/div><\/div><\/div><div role=\"tabpanel\" tabindex=\"0\" class=\"lcp-item lcp-col-lg-4 lcp-col-md-4 lcp-col-sm-2 lcp-col-xs-2\"><div class=\"sp-lcp-item text-center\"><div class=\"sp-lcp-item-border content_position_default sp-lcp-tooltip\" title=\"Positive Finance Network\"><div class=\"sp-lcp-logo-wrapper \" data-post-id=\"10591\"><img loading=\"lazy\" decoding=\"async\" src=\"https:\/\/sfgeneva.org\/wp-content\/uploads\/2024\/02\/1646642212791.jpeg\" alt=\"Positive Finance Network\" width=\"200\" height=\"200\" class=\"sp_lcp_thumb \"><\/div><\/div><\/div><\/div><div role=\"tabpanel\" tabindex=\"0\" class=\"lcp-item lcp-col-lg-4 lcp-col-md-4 lcp-col-sm-2 lcp-col-xs-2\"><div class=\"sp-lcp-item text-center\"><div class=\"sp-lcp-item-border content_position_default sp-lcp-tooltip\" title=\"Association des sp\u00e9cialistes de la durabilit\u00e9\"><div class=\"sp-lcp-logo-wrapper \" data-post-id=\"12440\"><a target=\"_blank\" href=\"https:\/\/asd.eco\/#decouvrir\"><img loading=\"lazy\" decoding=\"async\" src=\"https:\/\/sfgeneva.org\/wp-content\/uploads\/2024\/07\/ASD_Logo_RVB-1.png\" alt=\"Association des sp\u00e9cialistes de la durabilit\u00e9\" width=\"1672\" height=\"904\" class=\"sp_lcp_thumb \"><\/a><\/div><\/div><\/div><\/div><div role=\"tabpanel\" tabindex=\"0\" class=\"lcp-item lcp-col-lg-4 lcp-col-md-4 lcp-col-sm-2 lcp-col-xs-2\"><div class=\"sp-lcp-item text-center\"><div class=\"sp-lcp-item-border content_position_default sp-lcp-tooltip\" title=\"Financial Centres for Sustainability (FC4S)\"><div class=\"sp-lcp-logo-wrapper \" data-post-id=\"5220\"><a target=\"_blank\" href=\"https:\/\/www.fc4s.org\/\"><img loading=\"lazy\" decoding=\"async\" src=\"https:\/\/sfgeneva.org\/wp-content\/uploads\/2021\/09\/logo_fc4s.jpg\" alt=\"Financial Centres for Sustainability (FC4S)\" width=\"401\" height=\"251\" class=\"sp_lcp_thumb \"><\/a><\/div><\/div><\/div><\/div><div role=\"tabpanel\" tabindex=\"0\" class=\"lcp-item lcp-col-lg-4 lcp-col-md-4 lcp-col-sm-2 lcp-col-xs-2\"><div class=\"sp-lcp-item text-center\"><div class=\"sp-lcp-item-border content_position_default sp-lcp-tooltip\" title=\"Green Fintech Network\"><div class=\"sp-lcp-logo-wrapper \" data-post-id=\"10597\"><img loading=\"lazy\" decoding=\"async\" src=\"https:\/\/sfgeneva.org\/wp-content\/uploads\/2024\/02\/gfnlogo-400x247-1.png\" alt=\"Green Fintech Network\" width=\"400\" height=\"247\" class=\"sp_lcp_thumb \"><\/div><\/div><\/div><\/div><div role=\"tabpanel\" tabindex=\"0\" class=\"lcp-item lcp-col-lg-4 lcp-col-md-4 lcp-col-sm-2 lcp-col-xs-2\"><div class=\"sp-lcp-item text-center\"><div class=\"sp-lcp-item-border content_position_default sp-lcp-tooltip\" title=\"Building Bridges\"><div class=\"sp-lcp-logo-wrapper \" data-post-id=\"11125\"><a target=\"_blank\" href=\"https:\/\/www.buildingbridges.org\"><img loading=\"lazy\" decoding=\"async\" src=\"https:\/\/sfgeneva.org\/wp-content\/uploads\/2024\/08\/BB_logo_tagline_RGB.png\" alt=\"Building Bridges\" width=\"1254\" height=\"462\" class=\"sp_lcp_thumb \"><\/a><\/div><\/div><\/div><\/div><div role=\"tabpanel\" tabindex=\"0\" class=\"lcp-item lcp-col-lg-4 lcp-col-md-4 lcp-col-sm-2 lcp-col-xs-2\"><div class=\"sp-lcp-item text-center\"><div class=\"sp-lcp-item-border content_position_default sp-lcp-tooltip\" title=\"Geneva Impact Investing Association\"><div class=\"sp-lcp-logo-wrapper \" data-post-id=\"10594\"><img loading=\"lazy\" decoding=\"async\" src=\"https:\/\/sfgeneva.org\/wp-content\/uploads\/2024\/02\/GIIA_Logo_yellow_black-JuhuiOh.png\" alt=\"Geneva Impact Investing Association\" width=\"1200\" height=\"630\" class=\"sp_lcp_thumb \"><\/div><\/div><\/div><\/div><div role=\"tabpanel\" tabindex=\"0\" class=\"lcp-item lcp-col-lg-4 lcp-col-md-4 lcp-col-sm-2 lcp-col-xs-2\"><div class=\"sp-lcp-item text-center\"><div class=\"sp-lcp-item-border content_position_default sp-lcp-tooltip\" title=\"APR\u00c8S-Ge\"><div class=\"sp-lcp-logo-wrapper \" data-post-id=\"12441\"><a target=\"_blank\" href=\"https:\/\/www.apres-ge.ch\"><img loading=\"lazy\" decoding=\"async\" src=\"https:\/\/sfgeneva.org\/wp-content\/uploads\/2026\/04\/logotl-posit-coul_rvb_2185x1178px.png\" alt=\"APR\u00c8S-Ge\" width=\"2185\" height=\"1178\" class=\"sp_lcp_thumb \"><\/a><\/div><\/div><\/div><\/div><div role=\"tabpanel\" tabindex=\"0\" class=\"lcp-item lcp-col-lg-4 lcp-col-md-4 lcp-col-sm-2 lcp-col-xs-2\"><div class=\"sp-lcp-item text-center\"><div class=\"sp-lcp-item-border content_position_default sp-lcp-tooltip\" title=\"GreenBuzz Zurich\"><div class=\"sp-lcp-logo-wrapper \" data-post-id=\"11067\"><a target=\"_blank\" href=\"https:\/\/greenbuzz.global\/zurich\/\"><img loading=\"lazy\" decoding=\"async\" src=\"https:\/\/sfgeneva.org\/wp-content\/uploads\/2024\/07\/GreenBuzz_Logo_RGB_grun-1.png\" alt=\"GreenBuzz Zurich\" width=\"1956\" height=\"627\" class=\"sp_lcp_thumb \"><\/a><\/div><\/div><\/div><\/div><div role=\"tabpanel\" tabindex=\"0\" class=\"lcp-item lcp-col-lg-4 lcp-col-md-4 lcp-col-sm-2 lcp-col-xs-2\"><div class=\"sp-lcp-item text-center\"><div class=\"sp-lcp-item-border content_position_default sp-lcp-tooltip\" title=\"heg\"><div class=\"sp-lcp-logo-wrapper \" data-post-id=\"5039\"><a target=\"_blank\" href=\"https:\/\/www.hesge.ch\/heg\/\"><img loading=\"lazy\" decoding=\"async\" src=\"https:\/\/sfgeneva.org\/wp-content\/uploads\/2021\/10\/logo_heg_GE.jpg\" alt=\"heg\" width=\"401\" height=\"251\" class=\"sp_lcp_thumb \"><\/a><\/div><\/div><\/div><\/div><\/div><\/div><\/div>[\/vc_column_text][\/vc_column][\/vc_row]<\/p>\n","protected":false},"excerpt":{"rendered":"<p>[vc_row][vc_column][vc_raw_html]JTVCU0ZHX0JBTk5FUiU1RA==[\/vc_raw_html][\/vc_column][\/vc_row][vc_row el_class=&#8221;sfg-partners&#8221;][vc_column][vc_column_text]SFG est fier de collaborer avec une vari\u00e9t\u00e9 d&#8217;institutions partageant les m\u00eames id\u00e9es pour mener \u00e0 bien son travail et faire progresser la finance durable en Suisse. &nbsp; [\/vc_column_text][\/vc_column][\/vc_row]<\/p>\n","protected":false},"author":1,"featured_media":0,"parent":7804,"menu_order":0,"comment_status":"closed","ping_status":"closed","template":"template-custom-page.php","meta":{"_vp_format_video_url":"","_vp_image_focal_point":[],"footnotes":""},"class_list":["post-7834","page","type-page","status-publish","hentry"],"acf":[],"aioseo_notices":[],"_links":{"self":[{"href":"https:\/\/sfgeneva.org\/fr\/wp-json\/wp\/v2\/pages\/7834","targetHints":{"allow":["GET"]}}],"collection":[{"href":"https:\/\/sfgeneva.org\/fr\/wp-json\/wp\/v2\/pages"}],"about":[{"href":"https:\/\/sfgeneva.org\/fr\/wp-json\/wp\/v2\/types\/page"}],"author":[{"embeddable":true,"href":"https:\/\/sfgeneva.org\/fr\/wp-json\/wp\/v2\/users\/1"}],"replies":[{"embeddable":true,"href":"https:\/\/sfgeneva.org\/fr\/wp-json\/wp\/v2\/comments?post=7834"}],"version-history":[{"count":3,"href":"https:\/\/sfgeneva.org\/fr\/wp-json\/wp\/v2\/pages\/7834\/revisions"}],"predecessor-version":[{"id":10662,"href":"https:\/\/sfgeneva.org\/fr\/wp-json\/wp\/v2\/pages\/7834\/revisions\/10662"}],"up":[{"embeddable":true,"href":"https:\/\/sfgeneva.org\/fr\/wp-json\/wp\/v2\/pages\/7804"}],"wp:attachment":[{"href":"https:\/\/sfgeneva.org\/fr\/wp-json\/wp\/v2\/media?parent=7834"}],"curies":[{"name":"wp","href":"https:\/\/api.w.org\/{rel}","templated":true}]}}