{"id":7837,"date":"2021-08-27T10:20:29","date_gmt":"2021-08-27T08:20:29","guid":{"rendered":"https:\/\/sfgeneva.org\/what-we-do\/gender-lens-initiative-for-switzerland\/"},"modified":"2023-01-05T20:37:41","modified_gmt":"2023-01-05T19:37:41","slug":"gender-lens-initiative-for-switzerland","status":"publish","type":"page","link":"https:\/\/sfgeneva.org\/fr\/what-we-do\/gender-lens-initiative-for-switzerland\/","title":{"rendered":"Gender Lens Initiative for Switzerland"},"content":{"rendered":"<p>[vc_row][vc_column][vc_raw_html]JTVCU0ZHX0JBTk5FUiUyMHJldnNsaWRlcl9hbGlhcyUzRCUyMnNmZy1wYWdlJTIyJTVE[\/vc_raw_html][\/vc_column][\/vc_row][vc_row][vc_column][vc_column_text]<span style=\"font-weight: 400;\">La Suisse est un centre financier de premier plan sur la sc\u00e8ne mondiale, un point de rencontre entre les initiatives en mati\u00e8re de finance durable et de d\u00e9veloppement. En tant que pionnier dans le domaine de la microfinance et de l&#8217;investissement d&#8217;impact, le pays s&#8217;attaque maintenant aux prochains d\u00e9fis de la finance en se positionnant comme un centre mondial pour la finance num\u00e9rique et l&#8217;investissement dans une optique de genre.<\/span><\/p>\n<p>&nbsp;<\/p>\n<p><span style=\"font-weight: 400;\">Le GLIS s&#8217;engage sur trois grands axes :<\/span><\/p>\n<ul>\n<li><span style=\"font-weight: 400;\">\u00c9tablir des normes industrielles et plaider pour leur adoption et leur mise en \u0153uvre au sein des institutions suisses.<\/span><\/li>\n<li><span style=\"font-weight: 400;\">R\u00e9aliser et diffuser des \u00e9tudes de march\u00e9 relatives \u00e0 l&#8217;investissement dans une optique de genre en Suisse.<\/span><\/li>\n<li><span style=\"font-weight: 400;\">Promouvoir et sensibiliser \u00e0 l&#8217;innovation et aux produits financiers visant l\u2019atteinte de l&#8217;ODD 5.\u00a0<\/span><\/li>\n<\/ul>\n<p>[\/vc_column_text][\/vc_column][\/vc_row][vc_row full_width=&#8221;stretch_row&#8221; content_placement=&#8221;middle&#8221; css=&#8221;.vc_custom_1632920878075{margin-top: 90px !important;border-top-width: 1px !important;border-bottom-width: 1px !important;background-color: #f8f8f8 !important;border-top-color: #eaeaea !important;border-top-style: solid !important;border-bottom-color: #eaeaea !important;border-bottom-style: solid !important;}&#8221; el_class=&#8221;vlt-single-quote&#8221;][vc_column width=&#8221;1\/12&#8243; offset=&#8221;vc_hidden-xs&#8221;][\/vc_column][vc_column width=&#8221;1\/3&#8243;][vc_single_image image=&#8221;5367&#8243; img_size=&#8221;full&#8221; css=&#8221;.vc_custom_1633507223198{margin-right: 60px !important;margin-bottom: 0px !important;}&#8221;][\/vc_column][vc_column width=&#8221;1\/12&#8243; el_class=&#8221;sfg-quote&#8221; offset=&#8221;vc_hidden-xs&#8221;][\/vc_column][vc_column width=&#8221;1\/2&#8243;]<div class=\"ult-spacer spacer-69e73bf5b166a\" data-id=\"69e73bf5b166a\" data-height=\"15\" data-height-mobile=\"15\" data-height-tab=\"15\" data-height-tab-portrait=\"\" data-height-mobile-landscape=\"\" style=\"clear:both;display:block;\"><\/div>[vc_custom_heading text=&#8221;\u00ab Le lancement de ce groupe de travail est le r\u00e9sultat d&#8217;une r\u00e9union s\u00e9minale Gender Lens convoqu\u00e9e \u00e0 Gen\u00e8ve le 7 octobre 2020 par AlphaMundi et Gender Smart Investing. Il s&#8217;agit d&#8217;une initiative novatrice pour le march\u00e9 suisse qui met en valeur le r\u00f4le de Sustainable Finance Geneva en tant que plateforme d&#8217;innovation et de partenariats \u00bb.&#8221; font_container=&#8221;tag:p|font_size:21px|text_align:left|color:%23191919|line_height:1.5&#8243; google_fonts=&#8221;font_family:Playfair%20Display%3Aregular%2Citalic%2C700%2C700italic%2C900%2C900italic|font_style:700%20bold%20italic%3A700%3Aitalic&#8221; el_class=&#8221;the-quote&#8221;]<div class=\"ult-spacer spacer-69e73bf5b16e8\" data-id=\"69e73bf5b16e8\" data-height=\"10\" data-height-mobile=\"10\" data-height-tab=\"10\" data-height-tab-portrait=\"\" data-height-mobile-landscape=\"\" style=\"clear:both;display:block;\"><\/div><div id=\"ultimate-heading-641769e73bf5b175d\" class=\"uvc-heading ult-adjust-bottom-margin ultimate-heading-641769e73bf5b175d uvc-6035 the-author\" data-hspacer=\"no_spacer\"  data-halign=\"left\" style=\"text-align:left\"><div class=\"uvc-heading-spacer no_spacer\" style=\"top\"><\/div><div class=\"uvc-main-heading ult-responsive\"  data-ultimate-target='.uvc-heading.ultimate-heading-641769e73bf5b175d h5'  data-responsive-json-new='{\"font-size\":\"desktop:16px;\",\"line-height\":\"\"}' ><h5 style=\"font-weight:normal;\">\u2014 Tim Radjy<\/h5><\/div><div class=\"uvc-sub-heading ult-responsive\"  data-ultimate-target='.uvc-heading.ultimate-heading-641769e73bf5b175d .uvc-sub-heading '  data-responsive-json-new='{\"font-size\":\"desktop:14px;\",\"line-height\":\"\"}'  style=\"font-weight:normal;margin-top:10px;\"><span style=\"font-weight: 400;\">Membre et tr\u00e9sorier du conseil de surveillance, Sustainable Finance Geneva<\/span><\/p>\n<p><span style=\"font-weight: 400;\">Pr\u00e9sident du GLIS<\/span><\/div><\/div><div class=\"ult-spacer spacer-69e73bf5b17c7\" data-id=\"69e73bf5b17c7\" data-height=\"35\" data-height-mobile=\"35\" data-height-tab=\"35\" data-height-tab-portrait=\"\" data-height-mobile-landscape=\"\" style=\"clear:both;display:block;\"><\/div>[\/vc_column][\/vc_row][vc_row][vc_column][vc_column_text]<\/p>\n<h2>Nos Comit\u00e9s<\/h2>\n<p><b>Comit\u00e9 de recherche acad\u00e9mique (ARCO)<\/b><\/p>\n<p><span style=\"font-weight: 400;\">Le GLIS a form\u00e9 le ARCO compos\u00e9 d&#8217;experts repr\u00e9sentant diverses institutions acad\u00e9miques, afin d&#8217;aider \u00e0 concevoir et \u00e0 mettre en \u0153uvre des recherches li\u00e9es \u00e0 l&#8217;investissement dans une optique de genre, \u00e0 l&#8217;\u00e9quilibre entre les sexes dans les institutions financi\u00e8res, et en ce qui a trait aux femmes gestionnaires d\u2019actifs en Suisse.<\/span><\/p>\n<p>&nbsp;<\/p>\n<p><span style=\"font-weight: 400;\">Parmi les membres figurent :<\/span><\/p>\n<ul>\n<li><a href=\"https:\/\/www.unige.ch\/gsem\/fr\/recherche\/corps-professoral\/tous\/rajna-gibson\/\" target=\"_blank\" rel=\"noopener\">Rajna Gibson Brandon<\/a>, Geneva Finance Research Institute (GFRI) de l&#8217;Universit\u00e9 de Gen\u00e8ve<\/li>\n<li><a href=\"https:\/\/www.imd.org\/faculty\/professors\/vanina-farber\/\" target=\"_blank\" rel=\"noopener\">Vanina Farber<\/a>, Institute for Management Development (IMD) \u00e0 Lausanne<\/li>\n<li><a href=\"https:\/\/www.bf.uzh.ch\/en\/persons\/kwon-taeun\" target=\"_blank\" rel=\"noopener\">Taeun Kwon<\/a>, Universit\u00e9 de Zurich<\/li>\n<li><a href=\"https:\/\/www.linkedin.com\/in\/jessicaespinozat\/?originalSubdomain=de\" target=\"_blank\" rel=\"noopener\">Jessica Espinoza<\/a>, Universit\u00e9 de Siegen en Allemagne<\/li>\n<li><a href=\"https:\/\/www.linkedin.com\/in\/prof-dr-gabrielle-wanzenried-09183588\/\" target=\"_blank\" rel=\"noopener\">Gabrielle Wanzenried<\/a>, Haute Ecole d\u2019Ing\u00e9nierie et de Gestion du Canton de Vaud, Universit\u00e9 des Sciences appliqu\u00e9es Western Switzerland<\/li>\n<li><a href=\"https:\/\/www.linkedin.com\/in\/dr-anina-hille-78322374\/\" target=\"_blank\" rel=\"noopener\">Anina Hille<\/a>, Universit\u00e9 de Lucerne des Sciences appliqu\u00e9es<\/li>\n<\/ul>\n<p><b>Comit\u00e9 des solutions d&#8217;investissement (ISCO)<\/b><\/p>\n<p><span style=\"font-weight: 400;\">Le GLIS est en train de former le ISCO compos\u00e9 de conseillers issus de divers secteurs de l&#8217;industrie financi\u00e8re, afin de promouvoir les normes et les termes relatifs \u00e0 l&#8217;investissement dans une optique de genre dans les produits d&#8217;investissement, et de d\u00e9terminer lesquels peuvent \u00eatre pr\u00e9sent\u00e9s \u00e0 des fins \u00e9ducatives comme des exemples de bonne pratiques inspirantes d\u2019investissement dans une perspective de genre.\u00a0<\/span><\/p>\n<ul>\n<li><a href=\"https:\/\/www.alphamundi.ch\/team\" target=\"_blank\" rel=\"noopener\">Tim Radjy<\/a>, AlphaMundi Group \u00e0 gen\u00e8ve<\/li>\n<li><a href=\"https:\/\/www.linkedin.com\/in\/mariaaffonsecavogt\/\" target=\"_blank\" rel=\"noopener\">Maria Affonseca Vogt<\/a>, Women In Sustainable Finance International<\/li>\n<li><a href=\"https:\/\/www.iisd.org\/people\/david-uzsoki\" target=\"_blank\" rel=\"noopener\">David Uzsoki<\/a>, International Institute for Sustainable Development (IISD)<\/li>\n<li><a href=\"https:\/\/www.linkedin.com\/in\/olga-miler-%F0%9F%A6%8B-96644342\/\" target=\"_blank\" rel=\"noopener\">Olga Miller<\/a>, SmartPurse.me<\/li>\n<li><a href=\"https:\/\/www.linkedin.com\/in\/kim-andr%C3%A9e-potvin-2ba10a\">Kim-Andr\u00e9e Potvin<\/a>, Bamboo Capital Partners<\/li>\n<\/ul>\n<p>[\/vc_column_text][vc_separator][vc_column_text]<\/p>\n<h2>Nos partenaires<\/h2>\n<p><img loading=\"lazy\" decoding=\"async\" class=\"alignnone wp-image-5054\" src=\"https:\/\/sfgeneva.org\/wp-content\/uploads\/2021\/10\/AlphaMundi-classic-slogan-under-text-002-2048x1365-1.jpg\" alt=\"\" width=\"219\" height=\"146\" srcset=\"https:\/\/sfgeneva.org\/wp-content\/uploads\/2021\/10\/AlphaMundi-classic-slogan-under-text-002-2048x1365-1.jpg 2048w, https:\/\/sfgeneva.org\/wp-content\/uploads\/2021\/10\/AlphaMundi-classic-slogan-under-text-002-2048x1365-1-300x200.jpg 300w, https:\/\/sfgeneva.org\/wp-content\/uploads\/2021\/10\/AlphaMundi-classic-slogan-under-text-002-2048x1365-1-1024x683.jpg 1024w, https:\/\/sfgeneva.org\/wp-content\/uploads\/2021\/10\/AlphaMundi-classic-slogan-under-text-002-2048x1365-1-768x512.jpg 768w, https:\/\/sfgeneva.org\/wp-content\/uploads\/2021\/10\/AlphaMundi-classic-slogan-under-text-002-2048x1365-1-1536x1024.jpg 1536w, https:\/\/sfgeneva.org\/wp-content\/uploads\/2021\/10\/AlphaMundi-classic-slogan-under-text-002-2048x1365-1-500x333.jpg 500w, https:\/\/sfgeneva.org\/wp-content\/uploads\/2021\/10\/AlphaMundi-classic-slogan-under-text-002-2048x1365-1-800x533.jpg 800w, https:\/\/sfgeneva.org\/wp-content\/uploads\/2021\/10\/AlphaMundi-classic-slogan-under-text-002-2048x1365-1-1280x853.jpg 1280w, https:\/\/sfgeneva.org\/wp-content\/uploads\/2021\/10\/AlphaMundi-classic-slogan-under-text-002-2048x1365-1-1920x1280.jpg 1920w, https:\/\/sfgeneva.org\/wp-content\/uploads\/2021\/10\/AlphaMundi-classic-slogan-under-text-002-2048x1365-1-600x400.jpg 600w, https:\/\/sfgeneva.org\/wp-content\/uploads\/2021\/10\/AlphaMundi-classic-slogan-under-text-002-2048x1365-1-1880x1253.jpg 1880w\" sizes=\"auto, (max-width: 219px) 100vw, 219px\" \/>[\/vc_column_text][\/vc_column][\/vc_row][vc_row full_width=&#8221;stretch_row&#8221; content_placement=&#8221;middle&#8221; css=&#8221;.vc_custom_1664869560948{margin-top: 90px !important;border-top-width: 1px !important;border-bottom-width: 1px !important;background-color: #f8f8f8 !important;border-top-color: #eaeaea !important;border-top-style: solid !important;border-bottom-color: #eaeaea !important;border-bottom-style: solid !important;}&#8221; el_class=&#8221;vlt-single-quote&#8221;][vc_column width=&#8221;1\/12&#8243; offset=&#8221;vc_hidden-xs&#8221;][\/vc_column][vc_column width=&#8221;1\/3&#8243;][vc_single_image image=&#8221;6642&#8243; img_size=&#8221;large&#8221;]<div class=\"ult-spacer spacer-69e73bf5b1800\" data-id=\"69e73bf5b1800\" data-height=\"30\" data-height-mobile=\"30\" data-height-tab=\"30\" data-height-tab-portrait=\"\" data-height-mobile-landscape=\"\" style=\"clear:both;display:block;\"><\/div>[\/vc_column][vc_column width=&#8221;1\/12&#8243; el_class=&#8221;sfg-quote&#8221; offset=&#8221;vc_hidden-xs&#8221;][\/vc_column][vc_column width=&#8221;1\/2&#8243;][vc_column_text]<\/p>\n<h1>Rapport 2022 du GLIS<\/h1>\n<p><span style=\"font-weight: 400;\">Le rapport annuel 2022 du GLIS offre un aper\u00e7u de l&#8217;investissement dans une optique de genre \u00e0 l&#8217;\u00e9chelle mondiale et sur le march\u00e9 suisse pour une p\u00e9riode allant de juillet 2021 \u00e0 juin 2022. Le rapport souligne les tendances r\u00e9centes pertinentes pour l\u2019investissement dans une perspective de genre, notamment le contexte de la COVID-19 et de l\u2019\u00e9conmie des soins. Il pr\u00e9sente \u00e9galement des exemples r\u00e9cents de bonnes pratiques au sein des industries financi\u00e8res et d&#8217;autres acteurs \u0153uvrant pour l\u2019\u00e9quit\u00e9 des genres. Plus important encore, il expose les lacunes et les opportunit\u00e9s \u00e0 saisir pour les acteurs de l&#8217;\u00e9cosyst\u00e8me suisse en mati\u00e8re d&#8217;investissement dans une optique de genre.<\/span><\/p>\n<p><span style=\"font-weight: 400;\">Le rapport 2022 illustre comment ce type d\u2019investissement devient de plus en plus populaire tout en gagnant en cr\u00e9dibilit\u00e9 par le biais de la cr\u00e9ation de nouvelles normes et de certifications. Finalement, le rapport discute de l\u2019attention croissante qui est accord\u00e9e \u00e0 l&#8217;analyse de rentabilit\u00e9 de l&#8217;investissement dans une optique de genre. <\/span>[\/vc_column_text]<div class=\"ult-spacer spacer-69e73bf5b183b\" data-id=\"69e73bf5b183b\" data-height=\"10\" data-height-mobile=\"10\" data-height-tab=\"10\" data-height-tab-portrait=\"\" data-height-mobile-landscape=\"\" style=\"clear:both;display:block;\"><\/div><a href=\"https:\/\/sfgeneva.org\/wp-content\/uploads\/2012\/05\/GLIS-Final-Report.pdf\" title=\"My account A DEFINIR\" class=\"vlthemes_custom_69e73bf5b1874   vlt-btn vlt-btn--primary vlt-btn--md vlt-btn--rounded\" ><span>T\u00e9l\u00e9charger<\/span><\/a><div class=\"ult-spacer spacer-69e73bf5b1953\" data-id=\"69e73bf5b1953\" data-height=\"35\" data-height-mobile=\"35\" data-height-tab=\"35\" data-height-tab-portrait=\"\" data-height-mobile-landscape=\"\" style=\"clear:both;display:block;\"><\/div>[\/vc_column][\/vc_row][vc_row][vc_column][vc_column_text]<\/p>\n<h2>Webinaires<\/h2>\n<p>[\/vc_column_text][\/vc_column][\/vc_row][vc_row][vc_column width=&#8221;1\/3&#8243;][vc_column_text css=&#8221;.vc_custom_1672947012600{margin-bottom: 0px !important;}&#8221;]Premier anniversaire du GLIS:<\/p>\n<p><iframe loading=\"lazy\" title=\"YouTube video player\" src=\"https:\/\/www.youtube.com\/embed\/IPMzU9copPQ\" width=\"560\" height=\"315\" frameborder=\"0\" allowfullscreen=\"allowfullscreen\"><\/iframe>[\/vc_column_text][\/vc_column][vc_column width=&#8221;1\/3&#8243;][vc_column_text]<span style=\"font-weight: 400;\">Produits d\u2019investissement avec une perspective de genre:<\/span><\/p>\n<p><iframe loading=\"lazy\" title=\"YouTube video player\" src=\"https:\/\/www.youtube.com\/embed\/XsItA4Wkldg\" width=\"560\" height=\"315\" frameborder=\"0\" allowfullscreen=\"allowfullscreen\"><\/iframe>[\/vc_column_text][\/vc_column][vc_column width=&#8221;1\/3&#8243;][vc_column_text]Certification EDGE:<\/p>\n<p><iframe loading=\"lazy\" title=\"YouTube video player\" src=\"https:\/\/www.youtube.com\/embed\/e0XuHC6UtNo\" width=\"560\" height=\"315\" frameborder=\"0\" allowfullscreen=\"allowfullscreen\"><\/iframe>[\/vc_column_text][\/vc_column][\/vc_row][vc_row css=&#8221;.vc_custom_1669816674607{margin-top: 0px !important;}&#8221;][vc_column width=&#8221;1\/3&#8243;][vc_column_text]<\/p>\n<p class=\"style-scope ytd-watch-metadata\">Standards internationaux du secteur public:<\/p>\n<p><iframe loading=\"lazy\" title=\"YouTube video player\" src=\"https:\/\/www.youtube.com\/embed\/JSPsMk5uG18\" width=\"560\" height=\"315\" frameborder=\"0\" allowfullscreen=\"allowfullscreen\"><\/iframe>[\/vc_column_text][\/vc_column][vc_column width=&#8221;1\/3&#8243;][vc_column_text]<span style=\"font-weight: 400;\">Pratiques d\u2019Investissements avec une perspective de genre:<\/span><\/p>\n<p><iframe loading=\"lazy\" title=\"YouTube video player\" src=\"https:\/\/www.youtube.com\/embed\/h_W8aW4mHYw\" width=\"560\" height=\"315\" frameborder=\"0\" allowfullscreen=\"allowfullscreen\"><\/iframe>[\/vc_column_text][\/vc_column][vc_column width=&#8221;1\/3&#8243;][\/vc_column][\/vc_row][vc_row][vc_column][vc_column_text]<\/p>\n<h2>Rapports &amp; Articles<\/h2>\n<p>[\/vc_column_text]<a href=\"https:\/\/sfgeneva.org\/publications\/reports\/\" title=\"My account A DEFINIR\" class=\"vlthemes_custom_69e73bf5b19b0   vlt-btn vlt-btn--primary vlt-btn--md vlt-btn--rounded\" ><span>D\u00e9couvrez nos rapports et nos articles<\/span><\/a>[\/vc_column][\/vc_row]<\/p>\n","protected":false},"excerpt":{"rendered":"<p>[vc_row][vc_column][vc_raw_html]JTVCU0ZHX0JBTk5FUiUyMHJldnNsaWRlcl9hbGlhcyUzRCUyMnNmZy1wYWdlJTIyJTVE[\/vc_raw_html][\/vc_column][\/vc_row][vc_row][vc_column][vc_column_text]La Suisse est un centre financier de premier plan sur la sc\u00e8ne mondiale, un point de rencontre entre les initiatives en mati\u00e8re de finance durable et de d\u00e9veloppement. En tant que pionnier dans le domaine de la microfinance et de l&#8217;investissement d&#8217;impact, le pays s&#8217;attaque maintenant aux prochains d\u00e9fis de la finance en se positionnant [&hellip;]<\/p>\n","protected":false},"author":1,"featured_media":0,"parent":7799,"menu_order":0,"comment_status":"closed","ping_status":"closed","template":"template-custom-page.php","meta":{"_vp_format_video_url":"","_vp_image_focal_point":[],"footnotes":""},"class_list":["post-7837","page","type-page","status-publish","hentry"],"acf":[],"aioseo_notices":[],"_links":{"self":[{"href":"https:\/\/sfgeneva.org\/fr\/wp-json\/wp\/v2\/pages\/7837","targetHints":{"allow":["GET"]}}],"collection":[{"href":"https:\/\/sfgeneva.org\/fr\/wp-json\/wp\/v2\/pages"}],"about":[{"href":"https:\/\/sfgeneva.org\/fr\/wp-json\/wp\/v2\/types\/page"}],"author":[{"embeddable":true,"href":"https:\/\/sfgeneva.org\/fr\/wp-json\/wp\/v2\/users\/1"}],"replies":[{"embeddable":true,"href":"https:\/\/sfgeneva.org\/fr\/wp-json\/wp\/v2\/comments?post=7837"}],"version-history":[{"count":4,"href":"https:\/\/sfgeneva.org\/fr\/wp-json\/wp\/v2\/pages\/7837\/revisions"}],"predecessor-version":[{"id":7845,"href":"https:\/\/sfgeneva.org\/fr\/wp-json\/wp\/v2\/pages\/7837\/revisions\/7845"}],"up":[{"embeddable":true,"href":"https:\/\/sfgeneva.org\/fr\/wp-json\/wp\/v2\/pages\/7799"}],"wp:attachment":[{"href":"https:\/\/sfgeneva.org\/fr\/wp-json\/wp\/v2\/media?parent=7837"}],"curies":[{"name":"wp","href":"https:\/\/api.w.org\/{rel}","templated":true}]}}