{"id":7848,"date":"2021-09-14T15:33:23","date_gmt":"2021-09-14T13:33:23","guid":{"rendered":"https:\/\/sfgeneva.org\/membres-partenaires\/partners\/"},"modified":"2024-04-02T14:08:37","modified_gmt":"2024-04-02T12:08:37","slug":"partners","status":"publish","type":"page","link":"https:\/\/sfgeneva.org\/fr\/membres-partenaires\/partners\/","title":{"rendered":"Partenaires SFG"},"content":{"rendered":"<p>[vc_row][vc_column][vc_raw_html]JTVCU0ZHX0JBTk5FUiU1RA==[\/vc_raw_html][\/vc_column][\/vc_row][vc_row][vc_column][vc_column_text]<\/p>\n<h2>Partenaires principaux<\/h2>\n<p><a href=\"https:\/\/www.geneve-finance.ch\/fr-ch\"><span lang=\"EN-GB\">Fondation Gen\u00e8ve Place Financi\u00e8re<\/span><\/a>, <a href=\"https:\/\/www.ge.ch\/en\/welcome-geneva\">le Canton et R\u00e9publique de Gen\u00e8ve<\/a>, <a href=\"https:\/\/www.geneve.ch\/en\">la Ville de Gen\u00e8ve<\/a> <span style=\"font-weight: 400;\">soutiennent notre travail depuis le d\u00e9but. En tant que partenaires principaux, ils jouent un r\u00f4le essentiel pour assurer notre succ\u00e8s \u00e0 long terme et notre bonne gouvernance.<\/span>[\/vc_column_text][vc_raw_html]JTNDZGl2JTIwY2xhc3MlM0QlMjJzZmctbWFpbi1wYXJ0bmVycyUyMiUzRSUwQSU1QmxvZ29jYXJvdXNlbCUyMGlkJTNEJTIyNTA0OCUyMiU1RCUwQSUzQyUyRmRpdiUzRQ==[\/vc_raw_html][\/vc_column][\/vc_row][vc_row][vc_column]<div class=\"ult-spacer spacer-69e735c65747a\" data-id=\"69e735c65747a\" data-height=\"10\" data-height-mobile=\"10\" data-height-tab=\"10\" data-height-tab-portrait=\"\" data-height-mobile-landscape=\"\" style=\"clear:both;display:block;\"><\/div>[\/vc_column][\/vc_row][vc_row][vc_column][vc_column_text]<\/p>\n<h2>Partenaires institutionnels<\/h2>\n<p><span style=\"font-weight: 400;\">Nos partenaires institutionnels refl\u00e8tent l&#8217;\u00e9cosyst\u00e8me unique de Gen\u00e8ve et le potentiel de synergies qui font progresser la finance durable. La communaut\u00e9 des partenaires de SFG comprend des banques, des institutions financi\u00e8res, des ONG, des cabinets d&#8217;avocats, des fondations, des soci\u00e9t\u00e9s de conseil et plus encore.<\/span>[\/vc_column_text][vc_raw_html]JTNDZGl2JTIwY2xhc3MlM0QlMjJzZmctaW5zdGl0dXRpb25hbC1wYXJ0bmVycyUyMiUzRSUwQSU1QmxvZ29jYXJvdXNlbCUyMGlkJTNEJTIyNTEzOSUyMiU1RCUwQSUzQyUyRmRpdiUzRQ==[\/vc_raw_html][\/vc_column][\/vc_row][vc_row][vc_column][vc_column_text]<\/p>\n<p><span style=\"font-weight: 400;\">Pour toute question concernant la possibilit\u00e9 de devenir un partenaire institutionnel ou de projet, <a href=\"https:\/\/sfgeneva.org\/fr\/membres-partenaires\/devenez-membre\/\">veuillez cliquer ici.<\/a><\/span>[\/vc_column_text][\/vc_column][\/vc_row]<\/p>\n","protected":false},"excerpt":{"rendered":"<p>[vc_row][vc_column][vc_raw_html]JTVCU0ZHX0JBTk5FUiU1RA==[\/vc_raw_html][\/vc_column][\/vc_row][vc_row][vc_column][vc_column_text] Partenaires principaux Fondation Gen\u00e8ve Place Financi\u00e8re, le Canton et R\u00e9publique de Gen\u00e8ve, la Ville de Gen\u00e8ve soutiennent notre travail depuis le d\u00e9but. En tant que partenaires principaux, ils jouent un r\u00f4le essentiel pour assurer notre succ\u00e8s \u00e0 long terme et notre bonne gouvernance.[\/vc_column_text][vc_raw_html]JTNDZGl2JTIwY2xhc3MlM0QlMjJzZmctbWFpbi1wYXJ0bmVycyUyMiUzRSUwQSU1QmxvZ29jYXJvdXNlbCUyMGlkJTNEJTIyNTA0OCUyMiU1RCUwQSUzQyUyRmRpdiUzRQ==[\/vc_raw_html][\/vc_column][\/vc_row][vc_row][vc_column][\/vc_column][\/vc_row][vc_row][vc_column][vc_column_text] Partenaires institutionnels Nos partenaires institutionnels refl\u00e8tent l&#8217;\u00e9cosyst\u00e8me unique de Gen\u00e8ve et [&hellip;]<\/p>\n","protected":false},"author":1,"featured_media":0,"parent":7804,"menu_order":0,"comment_status":"closed","ping_status":"closed","template":"template-custom-page.php","meta":{"_vp_format_video_url":"","_vp_image_focal_point":[],"footnotes":""},"class_list":["post-7848","page","type-page","status-publish","hentry"],"acf":[],"aioseo_notices":[],"_links":{"self":[{"href":"https:\/\/sfgeneva.org\/fr\/wp-json\/wp\/v2\/pages\/7848","targetHints":{"allow":["GET"]}}],"collection":[{"href":"https:\/\/sfgeneva.org\/fr\/wp-json\/wp\/v2\/pages"}],"about":[{"href":"https:\/\/sfgeneva.org\/fr\/wp-json\/wp\/v2\/types\/page"}],"author":[{"embeddable":true,"href":"https:\/\/sfgeneva.org\/fr\/wp-json\/wp\/v2\/users\/1"}],"replies":[{"embeddable":true,"href":"https:\/\/sfgeneva.org\/fr\/wp-json\/wp\/v2\/comments?post=7848"}],"version-history":[{"count":4,"href":"https:\/\/sfgeneva.org\/fr\/wp-json\/wp\/v2\/pages\/7848\/revisions"}],"predecessor-version":[{"id":7849,"href":"https:\/\/sfgeneva.org\/fr\/wp-json\/wp\/v2\/pages\/7848\/revisions\/7849"}],"up":[{"embeddable":true,"href":"https:\/\/sfgeneva.org\/fr\/wp-json\/wp\/v2\/pages\/7804"}],"wp:attachment":[{"href":"https:\/\/sfgeneva.org\/fr\/wp-json\/wp\/v2\/media?parent=7848"}],"curies":[{"name":"wp","href":"https:\/\/api.w.org\/{rel}","templated":true}]}}