{"id":7906,"date":"2021-09-10T11:02:54","date_gmt":"2021-09-10T09:02:54","guid":{"rendered":"https:\/\/sfgeneva.org\/contact-us\/"},"modified":"2025-09-08T10:50:05","modified_gmt":"2025-09-08T08:50:05","slug":"contact","status":"publish","type":"page","link":"https:\/\/sfgeneva.org\/fr\/contact\/","title":{"rendered":"Contactez nous"},"content":{"rendered":"<p>[vc_row][vc_column][vc_raw_html]JTVCU0ZHX0JBTk5FUiU1RA==[\/vc_raw_html][\/vc_column][\/vc_row][vc_row][vc_column][vc_column_text css=&#8221;.vc_custom_1673014893429{margin-bottom: 0px !important;padding-bottom: 0px !important;}&#8221;]<\/p>\n<h2>Comment pouvons-nous vous aider ?<\/h2>\n<p>&nbsp;<\/p>\n<p>Nous nous engageons \u00e0 collaborer avec le secteur financier, la soci\u00e9t\u00e9 civile, les organisations internationales et les d\u00e9cideurs politiques pour fa\u00e7onner des pratiques commerciales durables et la cr\u00e9ation de valeur. Nous sommes int\u00e9ress\u00e9s par vos questions ou demandes ! Envoyez-nous d\u00e8s maintenant un message ou contactez nous par t\u00e9l\u00e9phone.[\/vc_column_text][\/vc_column][\/vc_row][vc_row gap=&#8221;35&#8243; css=&#8221;.vc_custom_1631780260549{margin-top: 0px !important;padding-top: 0px !important;}&#8221;][vc_column width=&#8221;2\/3&#8243;][vc_raw_html css=&#8221;.vc_custom_1673013996882{padding-top: 45px !important;}&#8221;]JTVCZm9ybWlkYWJsZSUyMGlkJTNEJTIyMyUyMiU1RA==[\/vc_raw_html][\/vc_column][vc_column width=&#8221;1\/3&#8243; css=&#8221;.vc_custom_1631779032242{margin-top: 0px !important;margin-bottom: 0px !important;padding-top: 0px !important;padding-bottom: 0px !important;}&#8221;][vc_column_text css=&#8221;.vc_custom_1757321398138{margin-top: 0px !important;margin-bottom: 0px !important;padding-top: 0px !important;padding-bottom: 0px !important;}&#8221;]<strong>Adresse<\/strong><\/p>\n<p>Rue de Chantepoulet 1<br \/>\n1201 Gen\u00e8ve<\/p>\n<p>3e \u00e9tage<\/p>\n<p><a href=\"mailto:info@sfgeneva.org\">info@sfgeneva.org<\/a><\/p>\n<p>&nbsp;<\/p>\n<p>[\/vc_column_text][\/vc_column][\/vc_row][vc_row full_width=&#8221;stretch_row_content_no_spaces&#8221; css=&#8221;.vc_custom_1631776901658{margin-top: 0px !important;margin-bottom: -30px !important;}&#8221;][vc_column]<div class=\"ult-spacer spacer-69e121e2a81fd\" data-id=\"69e121e2a81fd\" data-height=\"45\" data-height-mobile=\"45\" data-height-tab=\"45\" data-height-tab-portrait=\"\" data-height-mobile-landscape=\"\" style=\"clear:both;display:block;\"><\/div>[vc_raw_html css=&#8221;.vc_custom_1631776874560{margin-top: 0px !important;margin-bottom: 0px !important;}&#8221;]JTVCc2ZnX21hcCU1RA==[\/vc_raw_html][\/vc_column][\/vc_row]<\/p>\n","protected":false},"excerpt":{"rendered":"<p>[vc_row][vc_column][vc_raw_html]JTVCU0ZHX0JBTk5FUiU1RA==[\/vc_raw_html][\/vc_column][\/vc_row][vc_row][vc_column][vc_column_text css=&#8221;.vc_custom_1673014893429{margin-bottom: 0px !important;padding-bottom: 0px !important;}&#8221;] Comment pouvons-nous vous aider ? &nbsp; Nous nous engageons \u00e0 collaborer avec le secteur financier, la soci\u00e9t\u00e9 civile, les organisations internationales et les d\u00e9cideurs politiques pour fa\u00e7onner des pratiques commerciales durables et la cr\u00e9ation de valeur. Nous sommes int\u00e9ress\u00e9s par vos questions ou demandes ! Envoyez-nous d\u00e8s maintenant un [&hellip;]<\/p>\n","protected":false},"author":1,"featured_media":0,"parent":0,"menu_order":0,"comment_status":"closed","ping_status":"closed","template":"template-custom-page.php","meta":{"_vp_format_video_url":"","_vp_image_focal_point":[],"footnotes":""},"class_list":["post-7906","page","type-page","status-publish","hentry"],"acf":[],"aioseo_notices":[],"_links":{"self":[{"href":"https:\/\/sfgeneva.org\/fr\/wp-json\/wp\/v2\/pages\/7906","targetHints":{"allow":["GET"]}}],"collection":[{"href":"https:\/\/sfgeneva.org\/fr\/wp-json\/wp\/v2\/pages"}],"about":[{"href":"https:\/\/sfgeneva.org\/fr\/wp-json\/wp\/v2\/types\/page"}],"author":[{"embeddable":true,"href":"https:\/\/sfgeneva.org\/fr\/wp-json\/wp\/v2\/users\/1"}],"replies":[{"embeddable":true,"href":"https:\/\/sfgeneva.org\/fr\/wp-json\/wp\/v2\/comments?post=7906"}],"version-history":[{"count":6,"href":"https:\/\/sfgeneva.org\/fr\/wp-json\/wp\/v2\/pages\/7906\/revisions"}],"predecessor-version":[{"id":12242,"href":"https:\/\/sfgeneva.org\/fr\/wp-json\/wp\/v2\/pages\/7906\/revisions\/12242"}],"wp:attachment":[{"href":"https:\/\/sfgeneva.org\/fr\/wp-json\/wp\/v2\/media?parent=7906"}],"curies":[{"name":"wp","href":"https:\/\/api.w.org\/{rel}","templated":true}]}}