{"id":7914,"date":"2021-05-12T13:23:31","date_gmt":"2021-05-12T11:23:31","guid":{"rendered":"https:\/\/sfgeneva.org\/my-account\/"},"modified":"2023-01-06T15:25:51","modified_gmt":"2023-01-06T14:25:51","slug":"mon-compte","status":"publish","type":"page","link":"https:\/\/sfgeneva.org\/fr\/mon-compte\/","title":{"rendered":"Mon compte"},"content":{"rendered":"<p>[vc_row][vc_column][vc_column_text]<\/p>\r\n<p style=\"text-align: right;\">Si votre abonnement a expir\u00e9 ou est annul\u00e9, <a href=\"https:\/\/sfgeneva.org\/fr\/membres-partenaires\/devenez-membre\/#select-membership\">cliquez ici pour vous r\u00e9abonner<\/a>.<\/p>\r\n<p><p>[woocommerce_my_account]<\/p>\n[\/vc_column_text][\/vc_column][\/vc_row]<\/p>","protected":false},"excerpt":{"rendered":"<p>[vc_row][vc_column][vc_column_text] Si votre abonnement a expir\u00e9 ou est annul\u00e9, cliquez ici pour vous r\u00e9abonner. [\/vc_column_text][\/vc_column][\/vc_row]<\/p>\n","protected":false},"author":1,"featured_media":0,"parent":0,"menu_order":0,"comment_status":"closed","ping_status":"closed","template":"template-custom-page.php","meta":{"_vp_format_video_url":"","_vp_image_focal_point":[],"footnotes":""},"class_list":["post-7914","page","type-page","status-publish","hentry"],"acf":[],"aioseo_notices":[],"_links":{"self":[{"href":"https:\/\/sfgeneva.org\/fr\/wp-json\/wp\/v2\/pages\/7914","targetHints":{"allow":["GET"]}}],"collection":[{"href":"https:\/\/sfgeneva.org\/fr\/wp-json\/wp\/v2\/pages"}],"about":[{"href":"https:\/\/sfgeneva.org\/fr\/wp-json\/wp\/v2\/types\/page"}],"author":[{"embeddable":true,"href":"https:\/\/sfgeneva.org\/fr\/wp-json\/wp\/v2\/users\/1"}],"replies":[{"embeddable":true,"href":"https:\/\/sfgeneva.org\/fr\/wp-json\/wp\/v2\/comments?post=7914"}],"version-history":[{"count":2,"href":"https:\/\/sfgeneva.org\/fr\/wp-json\/wp\/v2\/pages\/7914\/revisions"}],"predecessor-version":[{"id":7916,"href":"https:\/\/sfgeneva.org\/fr\/wp-json\/wp\/v2\/pages\/7914\/revisions\/7916"}],"wp:attachment":[{"href":"https:\/\/sfgeneva.org\/fr\/wp-json\/wp\/v2\/media?parent=7914"}],"curies":[{"name":"wp","href":"https:\/\/api.w.org\/{rel}","templated":true}]}}