{"id":9196,"date":"2023-08-30T13:41:13","date_gmt":"2023-08-30T11:41:13","guid":{"rendered":"https:\/\/sfgeneva.org\/impact-themes\/"},"modified":"2024-12-11T10:29:59","modified_gmt":"2024-12-11T09:29:59","slug":"themes-dimpact","status":"publish","type":"page","link":"https:\/\/sfgeneva.org\/fr\/themes-dimpact\/","title":{"rendered":"Th\u00e8mes d&#8217;impact"},"content":{"rendered":"<p>[vc_row][vc_column][vc_raw_html]JTVCU0ZHX0JBTk5FUiUyMHJldnNsaWRlcl9hbGlhcyUzRCUyMnNmZy1wYWdlJTIyJTVE[\/vc_raw_html][vc_column_text]<\/p>\n<h2>Th\u00e8mes d&#8217;impact<\/h2>\n<p>&nbsp;<\/p>\n<p>SFG s&#8217;engage \u00e0 faire progresser le domaine de la finance durable \u00e0 Gen\u00e8ve et au-del\u00e0. Plus pr\u00e9cis\u00e9ment, nous visons \u00e0 int\u00e9grer l&#8217;impact en sensibilisant, en encourageant la cr\u00e9ation et le partage de connaissances, et en incubant des projets. Pour ce faire, nous avons identifi\u00e9 un certain nombre de <strong>th\u00e8mes d&#8217;impact<\/strong> cl\u00e9s et \u00e9mergents qui, selon nous, devraient \u00eatre &#8220;sur la carte&#8221; pour les investisseurs.<\/p>\n<p>&nbsp;<\/p>\n<p>Chacun de ces th\u00e8mes repr\u00e9sente un domaine de la finance durable qui, selon nous, n\u00e9cessite plus d&#8217;attention de la part du secteur financier et sur lequel nous pensons que l&#8217;industrie financi\u00e8re peut avoir un impact mat\u00e9riel. Gr\u00e2ce \u00e0 notre travail sur ces th\u00e8mes, nous fournissons des donn\u00e9es pratiques, des connaissances et des ressources qui aident les acteurs financiers<strong> \u00e0 agir.<\/strong><\/p>\n<p>&nbsp;<\/p>\n<p>Pour chaque th\u00e8me, nous entreprenons les actions suivantes:<\/p>\n<ul>\n<li><strong>Tableau de bord<\/strong> &#8211; un outil interactif con\u00e7u pour fournir \u00e0 la communaut\u00e9 financi\u00e8re des connaissances pratiques, permettant un engagement proactif et efficace sur le th\u00e8me.<\/li>\n<li><strong>Recherche collaborative<\/strong> &#8211; avec des partenaires cl\u00e9s, pour explorer\/\u00e9clairer des questions importantes pour les professionnels de la finance et pour fournir une base d&#8217;action.<\/li>\n<li><strong>Actions catalytiques<\/strong> &#8211; projets, outils et ressources qui permettent aux professionnels de la finance et aux parties prenantes d&#8217;accro\u00eetre leurs capacit\u00e9s et de mettre en \u0153uvre des mesures pratiques pour les rendre op\u00e9rationnelles.<\/li>\n<\/ul>\n<p>&nbsp;<\/p>\n<h3>D\u00c9COUVREZ NOS TH\u00c8MES D&#8217;IMPACT :<\/h3>\n<p>[\/vc_column_text][\/vc_column][\/vc_row][vc_row][vc_column width=&#8221;1\/3&#8243;][vc_single_image image=&#8221;9201&#8243; img_size=&#8221;large&#8221; onclick=&#8221;custom_link&#8221; link=&#8221;https:\/\/sfgeneva.org\/fr\/impact-themes\/glis\/&#8221;][\/vc_column][vc_column width=&#8221;1\/3&#8243;][vc_single_image image=&#8221;9623&#8243; img_size=&#8221;large&#8221; onclick=&#8221;custom_link&#8221; link=&#8221;https:\/\/sfgeneva.org\/fr\/themes-dimpact\/paix\/&#8221;][\/vc_column][vc_column width=&#8221;1\/3&#8243;][vc_single_image image=&#8221;11586&#8243; img_size=&#8221;large&#8221; onclick=&#8221;custom_link&#8221; link=&#8221;https:\/\/sfgeneva.org\/fr\/themes-dimpact\/nature\/&#8221;][\/vc_column][\/vc_row]<\/p>\n","protected":false},"excerpt":{"rendered":"<p>[vc_row][vc_column][vc_raw_html]JTVCU0ZHX0JBTk5FUiUyMHJldnNsaWRlcl9hbGlhcyUzRCUyMnNmZy1wYWdlJTIyJTVE[\/vc_raw_html][vc_column_text] Th\u00e8mes d&#8217;impact &nbsp; SFG s&#8217;engage \u00e0 faire progresser le domaine de la finance durable \u00e0 Gen\u00e8ve et au-del\u00e0. Plus pr\u00e9cis\u00e9ment, nous visons \u00e0 int\u00e9grer l&#8217;impact en sensibilisant, en encourageant la cr\u00e9ation et le partage de connaissances, et en incubant des projets. Pour ce faire, nous avons identifi\u00e9 un certain nombre de th\u00e8mes d&#8217;impact cl\u00e9s [&hellip;]<\/p>\n","protected":false},"author":138,"featured_media":0,"parent":0,"menu_order":0,"comment_status":"closed","ping_status":"closed","template":"template-custom-page.php","meta":{"_vp_format_video_url":"","_vp_image_focal_point":[],"footnotes":""},"class_list":["post-9196","page","type-page","status-publish","hentry"],"acf":[],"aioseo_notices":[],"_links":{"self":[{"href":"https:\/\/sfgeneva.org\/fr\/wp-json\/wp\/v2\/pages\/9196","targetHints":{"allow":["GET"]}}],"collection":[{"href":"https:\/\/sfgeneva.org\/fr\/wp-json\/wp\/v2\/pages"}],"about":[{"href":"https:\/\/sfgeneva.org\/fr\/wp-json\/wp\/v2\/types\/page"}],"author":[{"embeddable":true,"href":"https:\/\/sfgeneva.org\/fr\/wp-json\/wp\/v2\/users\/138"}],"replies":[{"embeddable":true,"href":"https:\/\/sfgeneva.org\/fr\/wp-json\/wp\/v2\/comments?post=9196"}],"version-history":[{"count":12,"href":"https:\/\/sfgeneva.org\/fr\/wp-json\/wp\/v2\/pages\/9196\/revisions"}],"predecessor-version":[{"id":9197,"href":"https:\/\/sfgeneva.org\/fr\/wp-json\/wp\/v2\/pages\/9196\/revisions\/9197"}],"wp:attachment":[{"href":"https:\/\/sfgeneva.org\/fr\/wp-json\/wp\/v2\/media?parent=9196"}],"curies":[{"name":"wp","href":"https:\/\/api.w.org\/{rel}","templated":true}]}}